{"id":22130,"date":"2022-02-17T15:14:00","date_gmt":"2022-02-17T14:14:00","guid":{"rendered":"https:\/\/mgvpublications.com\/?post_type=product&#038;p=22130"},"modified":"2022-03-31T16:45:46","modified_gmt":"2022-03-31T14:45:46","slug":"an-nawawi-der-rechte-umgang-mit-dem-koran","status":"publish","type":"product","link":"https:\/\/mgvpublications.com\/de\/an-nawawi-der-rechte-umgang-mit-dem-koran\/","title":{"rendered":"An-Nawawi: Der rechte Umgang mit dem Koran"},"content":{"rendered":"<table class=\"woocommerce-product-attributes shop_attributes\">\n<tbody>\n<tr class=\"woocommerce-product-attributes-item woocommerce-product-attributes-item--dimensions\">\n<th class=\"woocommerce-product-attributes-item__label\">Gr\u00f6\u00dfe<\/th>\n<td class=\"woocommerce-product-attributes-item__value\">21.6 \u00d7 13.6 cm<\/td>\n<\/tr>\n<tr class=\"woocommerce-product-attributes-item woocommerce-product-attributes-item--attribute_autor\">\n<th class=\"woocommerce-product-attributes-item__label\">Autor<\/th>\n<td class=\"woocommerce-product-attributes-item__value\">Abdullah As-Samit Frank Bubenheim<\/td>\n<\/tr>\n<tr class=\"woocommerce-product-attributes-item woocommerce-product-attributes-item--attribute_seiten\">\n<th class=\"woocommerce-product-attributes-item__label\">Seiten<\/th>\n<td class=\"woocommerce-product-attributes-item__value\">192<\/td>\n<\/tr>\n<\/tbody>\n<\/table>","protected":false},"excerpt":{"rendered":"<p>Imam An-Nawawis Abhandlung \u00fcber den Umgang mit dem Koran \u2013 at-tiby\u00e2n f\u00ee \u00e2d\u00e2bi hamalati l-qur\u2019\u00e2n (\u00bbDie Darlegung der Anstandsregeln f\u00fcr jene, die mit dem Quran umgehen\u00ab) das Werk gibt Auskunft zu vielen Fragen, die sich in bezug auf das letzte Testament eines barmherzigen Gottes an die Menschheit stellen, den Koran: wie der Unterricht der Koranrezitation gestaltet sein soll, welche Rechte und Pflichten Lehrer und Sch\u00fcler haben, von welchen Absichten sie geleitet sein sollen, welchen Regeln die Rezitation selbst folgen soll, welche Verse zu welchen Gelegenheiten zu rezitieren sind, unter welchen Bedingungen das heilige Buch ber\u00fchrt oder nicht ber\u00fchrt werden darf, ob es erlaubt ist, mit Koranexemplaren Handel zu treiben und vieles mehr. Gerade mit Blick auf eine gelegentlich schon verwirrende Kasuistik der Lehrmeinungen zu vielen Einzelfragen erweist sich der Autor einmal mehr als begnadeter Lehrer und Gelehrter.<\/p>","protected":false},"featured_media":22132,"template":"","meta":{"spay_email":""},"product_cat":[231],"product_tag":[],"item":[1375],"acf":[],"_links":{"self":[{"href":"https:\/\/mgvpublications.com\/de\/wp-json\/wp\/v2\/product\/22130"}],"collection":[{"href":"https:\/\/mgvpublications.com\/de\/wp-json\/wp\/v2\/product"}],"about":[{"href":"https:\/\/mgvpublications.com\/de\/wp-json\/wp\/v2\/types\/product"}],"wp:featuredmedia":[{"embeddable":true,"href":"https:\/\/mgvpublications.com\/de\/wp-json\/wp\/v2\/media\/22132"}],"wp:attachment":[{"href":"https:\/\/mgvpublications.com\/de\/wp-json\/wp\/v2\/media?parent=22130"}],"wp:term":[{"taxonomy":"product_cat","embeddable":true,"href":"https:\/\/mgvpublications.com\/de\/wp-json\/wp\/v2\/product_cat?post=22130"},{"taxonomy":"product_tag","embeddable":true,"href":"https:\/\/mgvpublications.com\/de\/wp-json\/wp\/v2\/product_tag?post=22130"},{"taxonomy":"item","embeddable":true,"href":"https:\/\/mgvpublications.com\/de\/wp-json\/wp\/v2\/item?post=22130"}],"curies":[{"name":"wp","href":"https:\/\/api.w.org\/{rel}","templated":true}]}}