{"id":22125,"date":"2022-02-17T13:19:47","date_gmt":"2022-02-17T12:19:47","guid":{"rendered":"https:\/\/mgvpublications.com\/?post_type=product&#038;p=22125"},"modified":"2022-03-17T20:49:22","modified_gmt":"2022-03-17T19:49:22","slug":"askin-elif-hali-2","status":"publish","type":"product","link":"https:\/\/mgvpublications.com\/de\/askin-elif-hali-2\/","title":{"rendered":"A\u015fk\u0131n Elif Hali"},"content":{"rendered":"<table>\n<tbody>\n<tr>\n<td>Yay\u0131n Tarihi:<\/td>\n<td>02.10.2017<\/td>\n<\/tr>\n<tr>\n<td>ISBN:<\/td>\n<td>9786059275569<\/td>\n<\/tr>\n<tr>\n<td>Dil:<\/td>\n<td>T\u00dcRK\u00c7E<\/td>\n<\/tr>\n<tr>\n<td>Sayfa Say\u0131s\u0131:<\/td>\n<td>240<\/td>\n<\/tr>\n<tr>\n<td>Cilt Tipi:<\/td>\n<td>Karton Kapak<\/td>\n<\/tr>\n<tr>\n<td>Ka\u011f\u0131t Cinsi:<\/td>\n<td>Kitap Ka\u011f\u0131d\u0131<\/td>\n<\/tr>\n<tr>\n<td>Boyut:<\/td>\n<td>13.5 x 21 cm<\/td>\n<\/tr>\n<\/tbody>\n<\/table>","protected":false},"excerpt":{"rendered":"<p>\u201cBir g\u00fcn e\u015fi Mevlana\u2019ya sorar;<br \/>\n\u200b-\u200bBu kadar \u00e2\u015f\u0131ks\u0131n Mevla\u2019ya, \u015f\u00fck\u00fcrler olsun\u2026<br \/>\nBu a\u015fk\u0131 ya\u015fay\u0131p ya\u015fatana\u2026<br \/>\n\u201cPeki bana ne kadar \u00e2\u015f\u0131ks\u0131n\u201d diye sorar\u2026<br \/>\nMevlana \u015f\u00f6yle cevap verir;<br \/>\n\u200b-\u200bSen benim;<br \/>\nYaratan\u2019dan \u00f6t\u00fcr\u00fc yarat\u0131lan\u0131 sevi\u015fim,<br \/>\nBir ad\u0131m gelene on ad\u0131m gidi\u015fimsin\u2026<br \/>\nVe herkesi oldu\u011fu gibi kabul edi\u015fimsin\u2026<br \/>\nSen benim;<br \/>\nBug\u00fcn\u00fcme \u015f\u00fck\u00fcr,<br \/>\nYar\u0131n\u0131ma dua edi\u015fim,<br \/>\nAzla yetini\u015fim,<br \/>\n\u00c7o\u011fa g\u00f6z dikmeyi\u015fimsin,<br \/>\nVe sen benim;<br \/>\nKapanmayan avu\u00e7 i\u00e7imsin\u2026\u201d<\/p>","protected":false},"featured_media":22128,"template":"","meta":{"spay_email":""},"product_cat":[168],"product_tag":[],"item":[],"acf":[],"_links":{"self":[{"href":"https:\/\/mgvpublications.com\/de\/wp-json\/wp\/v2\/product\/22125"}],"collection":[{"href":"https:\/\/mgvpublications.com\/de\/wp-json\/wp\/v2\/product"}],"about":[{"href":"https:\/\/mgvpublications.com\/de\/wp-json\/wp\/v2\/types\/product"}],"wp:featuredmedia":[{"embeddable":true,"href":"https:\/\/mgvpublications.com\/de\/wp-json\/wp\/v2\/media\/22128"}],"wp:attachment":[{"href":"https:\/\/mgvpublications.com\/de\/wp-json\/wp\/v2\/media?parent=22125"}],"wp:term":[{"taxonomy":"product_cat","embeddable":true,"href":"https:\/\/mgvpublications.com\/de\/wp-json\/wp\/v2\/product_cat?post=22125"},{"taxonomy":"product_tag","embeddable":true,"href":"https:\/\/mgvpublications.com\/de\/wp-json\/wp\/v2\/product_tag?post=22125"},{"taxonomy":"item","embeddable":true,"href":"https:\/\/mgvpublications.com\/de\/wp-json\/wp\/v2\/item?post=22125"}],"curies":[{"name":"wp","href":"https:\/\/api.w.org\/{rel}","templated":true}]}}