{"id":22109,"date":"2022-02-02T14:03:53","date_gmt":"2022-02-02T13:03:53","guid":{"rendered":"https:\/\/mgvpublications.com\/?post_type=product&#038;p=22109"},"modified":"2025-04-26T19:05:19","modified_gmt":"2025-04-26T17:05:19","slug":"islam-ve-ilim","status":"publish","type":"product","link":"https:\/\/mgvpublications.com\/de\/islam-ve-ilim\/","title":{"rendered":"\u0130slam ve \u0130lim"},"content":{"rendered":"<table>\n<tbody>\n<tr>\n<td>Yay\u0131n Tarihi:<\/td>\n<td>11.11.2020<\/td>\n<\/tr>\n<tr>\n<td>ISBN:<\/td>\n<td>9786055000936<\/td>\n<\/tr>\n<tr>\n<td>Dil:<\/td>\n<td>T\u00dcRK\u00c7E<\/td>\n<\/tr>\n<tr>\n<td>Sayfa Say\u0131s\u0131:<\/td>\n<td>73<\/td>\n<\/tr>\n<tr>\n<td>Cilt Tipi:<\/td>\n<td>Karton Kapak<\/td>\n<\/tr>\n<tr>\n<td>Ka\u011f\u0131t Cinsi:<\/td>\n<td>1. Hm. Ka\u011f\u0131t<\/td>\n<\/tr>\n<tr>\n<td>Boyut:<\/td>\n<td>13 x 19 cm<\/td>\n<\/tr>\n<\/tbody>\n<\/table>","protected":false},"excerpt":{"rendered":"<p>\u00d6nce bir defa \u015fu suali sorma\u011fa mecburuz: Acaba hangi sebepten dolay\u0131 b\u00fct\u00fcn insanl\u0131kta ilim yava\u015f yava\u015f ilerlerken Asr-\u0131 Saadet&#8217;le birden bire bug\u00fcnk\u00fc manada hakiki ilim olmaya ba\u015fl\u0131yor? Bu ba\u015flay\u0131\u015f\u0131n kayna\u011f\u0131, insanl\u0131\u011fa bu h\u0131z\u0131 veren t\u0131ls\u0131m nedir? Bu sualin cevab\u0131n\u0131 Kuran&#8217;\u0131 Kerim&#8217;den ba\u015fka bir \u015feye ba\u011flamak m\u00fcmk\u00fcn m\u00fc? \u0130nsanlar\u0131n ilim sahas\u0131ndaki bu b\u00fcy\u00fck inki\u015faflar\u0131n t\u0131ls\u0131m\u0131 d\u00fcnya ve ahiret saadeti getiren Kuran&#8217;\u0131 Kerim&#8217;den ba\u015fka bir \u015fey de\u011fildir.<\/p>","protected":false},"featured_media":22110,"template":"","meta":{"spay_email":""},"product_cat":[180,174,169],"product_tag":[],"item":[335],"acf":[],"_links":{"self":[{"href":"https:\/\/mgvpublications.com\/de\/wp-json\/wp\/v2\/product\/22109"}],"collection":[{"href":"https:\/\/mgvpublications.com\/de\/wp-json\/wp\/v2\/product"}],"about":[{"href":"https:\/\/mgvpublications.com\/de\/wp-json\/wp\/v2\/types\/product"}],"wp:featuredmedia":[{"embeddable":true,"href":"https:\/\/mgvpublications.com\/de\/wp-json\/wp\/v2\/media\/22110"}],"wp:attachment":[{"href":"https:\/\/mgvpublications.com\/de\/wp-json\/wp\/v2\/media?parent=22109"}],"wp:term":[{"taxonomy":"product_cat","embeddable":true,"href":"https:\/\/mgvpublications.com\/de\/wp-json\/wp\/v2\/product_cat?post=22109"},{"taxonomy":"product_tag","embeddable":true,"href":"https:\/\/mgvpublications.com\/de\/wp-json\/wp\/v2\/product_tag?post=22109"},{"taxonomy":"item","embeddable":true,"href":"https:\/\/mgvpublications.com\/de\/wp-json\/wp\/v2\/item?post=22109"}],"curies":[{"name":"wp","href":"https:\/\/api.w.org\/{rel}","templated":true}]}}