{"id":22100,"date":"2022-02-01T11:23:45","date_gmt":"2022-02-01T10:23:45","guid":{"rendered":"https:\/\/mgvpublications.com\/?post_type=product&#038;p=22100"},"modified":"2025-04-26T19:03:32","modified_gmt":"2025-04-26T17:03:32","slug":"siyaset-enerji-guc-denkleminde-kibris-ve-dogu-akdeniz","status":"publish","type":"product","link":"https:\/\/mgvpublications.com\/de\/siyaset-enerji-guc-denkleminde-kibris-ve-dogu-akdeniz\/","title":{"rendered":"Siyaset, Enerji, G\u00fc\u00e7 Denkleminde K\u0131br\u0131s ve Do\u011fu Akdeniz"},"content":{"rendered":"<table>\n<tbody>\n<tr>\n<td>Yay\u0131n Tarihi:<\/td>\n<td>08.02.2022<\/td>\n<\/tr>\n<tr>\n<td>ISBN:<\/td>\n<td>9786052008775<\/td>\n<\/tr>\n<tr>\n<td>Dil:<\/td>\n<td>T\u00dcRK\u00c7E<\/td>\n<\/tr>\n<tr>\n<td>Sayfa Say\u0131s\u0131:<\/td>\n<td>336<\/td>\n<\/tr>\n<tr>\n<td>Cilt Tipi:<\/td>\n<td>Karton Kapak<\/td>\n<\/tr>\n<tr>\n<td>Ka\u011f\u0131t Cinsi:<\/td>\n<td>Kitap Ka\u011f\u0131d\u0131<\/td>\n<\/tr>\n<tr>\n<td>Boyut:<\/td>\n<td>13.5 x 21 cm<\/td>\n<\/tr>\n<\/tbody>\n<\/table>","protected":false},"excerpt":{"rendered":"<p>1.\u00a0\u00a0 \u00a0Do\u011fu Akdenizde K\u0131br\u0131s mekezli oynanan oyunlar\u0131n arka plan\u0131ndaki ger\u00e7ek nedir?<br \/>\n2.\u00a0\u00a0 \u00a0K\u0131br\u0131s Adas\u0131 neden Anadolunun sigortas\u0131d\u0131r?<br \/>\n3.\u00a0\u00a0 \u00a0\u0130slam D\u00fcnyas\u0131 i\u00e7in K\u0131br\u0131s ve Kud\u00fcs\u2019\u00fcn stratejik \u00f6nemi nedir?<br \/>\n4.\u00a0\u00a0 \u00a0Prof. Dr. Necmettin ERBAKAN\u2019\u0131n Orta Do\u011fu ve petrol konulu \u201cBug\u00fcnk\u00fc Arabistan\u201d isimli konferansa kat\u0131ld\u0131ktan sonra 1952 y\u0131l\u0131nda Almanya \/ Aachen\u2019dan yazm\u0131\u015f oldu\u011fu mektubun \u015fifreleri nelerdir?<br \/>\n5.\u00a0\u00a0 \u00a0\u201cBug\u00fcnk\u00fc Arabistan\u201d konferans\u0131nda hac ibadetinin engellenmesi neden istenmi\u015ftir?<br \/>\n6.\u00a0\u00a0 \u00a0K\u0131br\u0131s Bar\u0131\u015f Harekat\u0131ndan 20 y\u0131l sonra eri\u015fime a\u00e7\u0131lan \u0130ngiliz ar\u015fivlerinde harekatla ilgili hangi ger\u00e7ek ortaya \u00e7\u0131km\u0131\u015ft\u0131r?<br \/>\n7.\u00a0\u00a0 \u00a0Do\u011fu Akdenizde etkin olan uluslar aras\u0131 g\u00fc\u00e7ler nelerdir?<br \/>\n8.\u00a0\u00a0 \u00a0Do\u011fu Akdenizdeki enerji rezervleri nelerdir?<br \/>\n9.\u00a0\u00a0 \u00a0Do\u011fu Akdenizdeki enerji rezervleri uluslar aras\u0131 bir g\u00fc\u00e7 m\u00fccadelesine kaynakl\u0131k edecek kadar \u00f6nemli midir?<br \/>\n10.\u00a0\u00a0 \u00a0 K\u0131br\u0131s Bar\u0131\u015f Harekat\u0131nda T\u00fcrk Silahl\u0131 Kuvvetleri ka\u00e7 \u015fehit vermi\u015ftir? \u015eehitlerin memleketleri neresidir?<br \/>\n11.\u00a0\u00a0 \u00a0K\u0131br\u0131s T\u00fcrk Halk\u0131n\u0131n;<br \/>\n\u2022\u00a0\u00a0 \u00a0KKTC yerine K\u0131br\u0131s T\u00fcrk Cumhuriyeti isminin kullan\u0131lmas\u0131na bak\u0131\u015f\u0131 nedir?<br \/>\n\u2022\u00a0\u00a0 \u00a0KKTC ile T\u00fcrkiye\u2019nin birle\u015fimine bak\u0131\u015f\u0131 nedir?<br \/>\n\u2022\u00a0\u00a0 \u00a0Birle\u015fimin nas\u0131l olmas\u0131 gerekti\u011fini d\u00fc\u015f\u00fcn\u00fcyor?<br \/>\n\u2022\u00a0\u00a0 \u00a0T\u00fcrk askerinin \u00e7ekilmesi ve T\u00fcrkiye\u2019nin garant\u00f6rl\u00fckten vazge\u00e7mesine bak\u0131\u015f\u0131 nedir?<br \/>\n\u2022\u00a0\u00a0 \u00a0Uluslar aras\u0131 g\u00fc\u00e7lerin Do\u011fu Akdeniz ve K\u0131br\u0131s \u00e7evresindeki sismik arama ve sondaj faaliyetlerine bak\u0131\u015f\u0131 nedir?<br \/>\n\u2022\u00a0\u00a0 \u00a0Kapal\u0131 Mara\u015f\u2019\u0131n iskana a\u00e7\u0131lmas\u0131 ve T\u00fcrkiye\u2019nin K\u0131br\u0131s\u2019ta deniz ve hava \u00fcss\u00fc a\u00e7mas\u0131na bak\u0131\u015f\u0131 nedir?<br \/>\n12.\u00a0\u00a0 \u00a0 Do\u011fu Akdeniz ve K\u0131br\u0131s \u00fczerinden oynanan bu siyasi oyunlara Adadaki akademisyen, siyaset\u00e7i ve kanaat \u00f6nderlerinin bak\u0131\u015f\u0131 nedir?<\/p>","protected":false},"featured_media":22117,"template":"","meta":{"spay_email":""},"product_cat":[173],"product_tag":[],"item":[335],"acf":[],"_links":{"self":[{"href":"https:\/\/mgvpublications.com\/de\/wp-json\/wp\/v2\/product\/22100"}],"collection":[{"href":"https:\/\/mgvpublications.com\/de\/wp-json\/wp\/v2\/product"}],"about":[{"href":"https:\/\/mgvpublications.com\/de\/wp-json\/wp\/v2\/types\/product"}],"wp:featuredmedia":[{"embeddable":true,"href":"https:\/\/mgvpublications.com\/de\/wp-json\/wp\/v2\/media\/22117"}],"wp:attachment":[{"href":"https:\/\/mgvpublications.com\/de\/wp-json\/wp\/v2\/media?parent=22100"}],"wp:term":[{"taxonomy":"product_cat","embeddable":true,"href":"https:\/\/mgvpublications.com\/de\/wp-json\/wp\/v2\/product_cat?post=22100"},{"taxonomy":"product_tag","embeddable":true,"href":"https:\/\/mgvpublications.com\/de\/wp-json\/wp\/v2\/product_tag?post=22100"},{"taxonomy":"item","embeddable":true,"href":"https:\/\/mgvpublications.com\/de\/wp-json\/wp\/v2\/item?post=22100"}],"curies":[{"name":"wp","href":"https:\/\/api.w.org\/{rel}","templated":true}]}}