{"id":22094,"date":"2022-01-29T13:27:41","date_gmt":"2022-01-29T12:27:41","guid":{"rendered":"https:\/\/mgvpublications.com\/?post_type=product&#038;p=22094"},"modified":"2025-04-27T00:18:40","modified_gmt":"2025-04-26T22:18:40","slug":"son-tanik","status":"publish","type":"product","link":"https:\/\/mgvpublications.com\/de\/son-tanik\/","title":{"rendered":"Son Tan\u0131k"},"content":{"rendered":"<table>\n<tbody>\n<tr>\n<td>Derleyici:<\/td>\n<td><a href=\"https:\/\/www.kitapyurdu.com\/yazar\/mustafa-yilmaz\/245547.html\" target=\"_blank\" rel=\"noopener\">Mustafa Y\u0131lmaz<\/a><\/td>\n<\/tr>\n<tr>\n<td>Yay\u0131n Tarihi:<\/td>\n<td>31.01.2022<\/td>\n<\/tr>\n<tr>\n<td>ISBN:<\/td>\n<td>9786058562523<\/td>\n<\/tr>\n<tr>\n<td>Dil:<\/td>\n<td>T\u00dcRK\u00c7E<\/td>\n<\/tr>\n<tr>\n<td>Sayfa Say\u0131s\u0131:<\/td>\n<td>264<\/td>\n<\/tr>\n<tr>\n<td>Cilt Tipi:<\/td>\n<td>Karton Kapak<\/td>\n<\/tr>\n<tr>\n<td>Ka\u011f\u0131t Cinsi:<\/td>\n<td>Kitap Ka\u011f\u0131d\u0131<\/td>\n<\/tr>\n<tr>\n<td>Boyut:<\/td>\n<td>13.5 x 21 cm<\/td>\n<\/tr>\n<\/tbody>\n<\/table>","protected":false},"excerpt":{"rendered":"<p>SON TANIK\u2026 TEMEL KARAMOLLAO\u011eLU&#8230; HAYATI, M\u00dcCADELES\u0130, HATIRALARI..<br \/>\n-Karakaya olan aile soyad\u0131 nas\u0131l Karamollao\u011flu oldu?<br \/>\n-Kemanc\u0131 Agop\u2019un cenazesindeki s\u0131r neydi?<br \/>\n-\u00dcnl\u00fc doland\u0131r\u0131c\u0131 S\u00fcl\u00fcn Osman\u2019\u0131 yakalayan Karamollao\u011flu kimdi?<br \/>\n-\u0130ngiltere\u2019de, \u00fcnl\u00fc Tedy Boys \u00e7eteleriyle neden kavga etti?<br \/>\n-Arabistanl\u0131 Lawrance filmini izledikten sonra M\u00fcsl\u00fcman olmaya karar veren \u0130ngiliz kad\u0131n kimdi?<br \/>\n-Kilise\u2019de \u0130slam Konferans\u0131 verirken \u00fczerine y\u00fcr\u00fcyen \u0130ngiliz\u2019e hangi cevab\u0131 verdi?<br \/>\n-Erbakan ile ilk nerede kar\u015f\u0131la\u015ft\u0131, hakk\u0131nda ne d\u00fc\u015f\u00fcnd\u00fc?<br \/>\n-A\u011f\u0131r sanayi hamlesi s\u0131ras\u0131nda Amerika\u2019dan gelen gen\u00e7ler ne istedi?<br \/>\n-TBMM\u2019de CHP senat\u00f6r\u00fc olan day\u0131s\u0131yla nas\u0131l kar\u015f\u0131 kar\u015f\u0131ya geldi?<br \/>\n-80 \u0130htilali \u00f6ncesi Afganl\u0131 k\u0131l\u0131\u011f\u0131na girmi\u015f T\u00fcrk istihbarat\u00e7\u0131 hangi teklifi yapt\u0131?<br \/>\n-\u0130\u015fkenceleriyle \u00fcnl\u00fc Zincidere\u2019de neler ya\u015fad\u0131? Ko\u011fu\u015ftaki mafya babas\u0131 ona hangi i\u015f teklifinde bulundu?<br \/>\n-Sivas olaylar\u0131 \u00f6ncesi ya\u015fanan tuhafl\u0131klar nelerdi?<br \/>\n-Aliya \u0130zzetbegovi\u00e7, Saddam H\u00fcseyin, Yaser Arafat, Gannu\u015fi gibi isimlerle yolu nas\u0131l kesi\u015fti?<br \/>\nBu kitapta sadece bir siyaset\u00e7inin hayat\u0131na ve hat\u0131ralar\u0131na de\u011fil, mazlum bir co\u011frafyan\u0131n mahzun hikayesine tan\u0131k olacaks\u0131n\u0131z\u2026<\/p>","protected":false},"featured_media":22116,"template":"","meta":{"spay_email":""},"product_cat":[180,173],"product_tag":[],"item":[453],"acf":[],"_links":{"self":[{"href":"https:\/\/mgvpublications.com\/de\/wp-json\/wp\/v2\/product\/22094"}],"collection":[{"href":"https:\/\/mgvpublications.com\/de\/wp-json\/wp\/v2\/product"}],"about":[{"href":"https:\/\/mgvpublications.com\/de\/wp-json\/wp\/v2\/types\/product"}],"wp:featuredmedia":[{"embeddable":true,"href":"https:\/\/mgvpublications.com\/de\/wp-json\/wp\/v2\/media\/22116"}],"wp:attachment":[{"href":"https:\/\/mgvpublications.com\/de\/wp-json\/wp\/v2\/media?parent=22094"}],"wp:term":[{"taxonomy":"product_cat","embeddable":true,"href":"https:\/\/mgvpublications.com\/de\/wp-json\/wp\/v2\/product_cat?post=22094"},{"taxonomy":"product_tag","embeddable":true,"href":"https:\/\/mgvpublications.com\/de\/wp-json\/wp\/v2\/product_tag?post=22094"},{"taxonomy":"item","embeddable":true,"href":"https:\/\/mgvpublications.com\/de\/wp-json\/wp\/v2\/item?post=22094"}],"curies":[{"name":"wp","href":"https:\/\/api.w.org\/{rel}","templated":true}]}}