{"id":21994,"date":"2022-01-22T01:50:32","date_gmt":"2022-01-22T00:50:32","guid":{"rendered":"https:\/\/mgvpublications.com\/produkt\/okyanus-yolculugu-pop-up-ile-kesfet-hikayeli-hareketli-kitaplar\/"},"modified":"2022-04-08T06:18:34","modified_gmt":"2022-04-08T04:18:34","slug":"okyanus-yolculugu-pop-up-ile-kesfet-hikayeli-hareketli-kitaplar","status":"publish","type":"product","link":"https:\/\/mgvpublications.com\/de\/okyanus-yolculugu-pop-up-ile-kesfet-hikayeli-hareketli-kitaplar\/","title":{"rendered":"Okyanus Yolculu\u011fu \/ Pop-Up \u0130le Ke\u015ffet (Hikayeli Hareketli Kitaplar)"},"content":{"rendered":"<p>Yay\u0131n Tarihi: 11.03.2020<br \/>ISBN: 9786053050872<br \/>Dil: T\u00dcRK\u00c7E<br \/>Sayfa Say\u0131s\u0131: 10<br \/>Cilt Tipi: Karton Kapak<br \/>Ka\u011f\u0131t Cinsi: Kitap Ka\u011f\u0131d\u0131<br \/>Boyut: 20 x 21 cm<br \/>\u00c7izer: As\u0131f Rahimo\u011flu<br \/>Di\u011fer \u00d6zellik: 6 Ay-5 Ya\u015f<\/p>","protected":false},"excerpt":{"rendered":"<p>POP-UP \u0130LE KE\u015eFET kitaplar\u0131n\u0131n 3. Kitab\u0131 olan Okyanus Yolculu\u011fu ile denizde ya\u015fayan sevimli dostlar\u0131m\u0131z\u0131n merak etti\u011fi bir soruya birlikte cevap aramaya ne dersiniz? Hareketli kitab\u0131m\u0131zda, a\u00e7\u0131lan pencere ve pop-up e\u011flencesiyle, okyanusun sonunu ke\u015ffe \u00e7\u0131kan be\u015f arkada\u015f\u0131n heyecan dolu hik\u00e2yeleri seni bekliyor. E\u011flenceli ser\u00fcvenler ne g\u00fczel! Haydi sen de bizimle gel. Merak, ke\u015fif ve hayal. T\u00fcm \u00e7ocuklar\u0131 mutlu eder.<\/p>","protected":false},"featured_media":23139,"template":"","meta":{"spay_email":""},"product_cat":[172],"product_tag":[],"item":[1789],"acf":[],"_links":{"self":[{"href":"https:\/\/mgvpublications.com\/de\/wp-json\/wp\/v2\/product\/21994"}],"collection":[{"href":"https:\/\/mgvpublications.com\/de\/wp-json\/wp\/v2\/product"}],"about":[{"href":"https:\/\/mgvpublications.com\/de\/wp-json\/wp\/v2\/types\/product"}],"wp:featuredmedia":[{"embeddable":true,"href":"https:\/\/mgvpublications.com\/de\/wp-json\/wp\/v2\/media\/23139"}],"wp:attachment":[{"href":"https:\/\/mgvpublications.com\/de\/wp-json\/wp\/v2\/media?parent=21994"}],"wp:term":[{"taxonomy":"product_cat","embeddable":true,"href":"https:\/\/mgvpublications.com\/de\/wp-json\/wp\/v2\/product_cat?post=21994"},{"taxonomy":"product_tag","embeddable":true,"href":"https:\/\/mgvpublications.com\/de\/wp-json\/wp\/v2\/product_tag?post=21994"},{"taxonomy":"item","embeddable":true,"href":"https:\/\/mgvpublications.com\/de\/wp-json\/wp\/v2\/item?post=21994"}],"curies":[{"name":"wp","href":"https:\/\/api.w.org\/{rel}","templated":true}]}}