{"id":21992,"date":"2022-01-22T01:50:28","date_gmt":"2022-01-22T00:50:28","guid":{"rendered":"https:\/\/mgvpublications.com\/produkt\/arkadaslik-ormani-pop-up-ile-kesfet-hikayeli-hareketli-kitaplar\/"},"modified":"2022-04-13T17:04:20","modified_gmt":"2022-04-13T15:04:20","slug":"arkadaslik-ormani-pop-up-ile-kesfet-hikayeli-hareketli-kitaplar","status":"publish","type":"product","link":"https:\/\/mgvpublications.com\/de\/arkadaslik-ormani-pop-up-ile-kesfet-hikayeli-hareketli-kitaplar\/","title":{"rendered":"Arkada\u015fl\u0131k Orman\u0131 \/ Pop-Up \u0130le Ke\u015ffet (Hikayeli Hareketli Kitaplar)"},"content":{"rendered":"<p>Yay\u0131n Tarihi: 17.09.2019<br \/>ISBN: 9786053050391<br \/>Dil: T\u00dcRK\u00c7E<br \/>Sayfa Say\u0131s\u0131: 10<br \/>Cilt Tipi: Karton Kapak<br \/>Ka\u011f\u0131t Cinsi: Kitap Ka\u011f\u0131d\u0131<br \/>Boyut: 20 x 21 cm<br \/>\u00c7izer: As\u0131f Rahimo\u011flu<br \/>Di\u011fer \u00d6zellik: 6 Ay-5 Ya\u015f<\/p>","protected":false},"excerpt":{"rendered":"<p>Arkada\u015fl\u0131k Orman\u0131\u2019nda dostlar\u0131m\u0131z\u0131n heyecanl\u0131 ser\u00fcvenine kat\u0131lmaya ne dersin? Hareketli kitab\u0131m\u0131zda, s\u00fcrprizlerle dolu, a\u00e7\u0131lan pencere ve pop-up e\u011flencesiyle, merak uyand\u0131ran bir arkada\u015fl\u0131k hikayesi seni bekliyor. E\u011flenceli ser\u00fcvenler ne g\u00fczel Haydi sen de bizimle gel. Merak, ke\u015fif ve hayal T\u00fcm \u00e7ocuklar\u0131 mutlu eder.<\/p>","protected":false},"featured_media":23141,"template":"","meta":{"spay_email":""},"product_cat":[172],"product_tag":[],"item":[1789],"acf":[],"_links":{"self":[{"href":"https:\/\/mgvpublications.com\/de\/wp-json\/wp\/v2\/product\/21992"}],"collection":[{"href":"https:\/\/mgvpublications.com\/de\/wp-json\/wp\/v2\/product"}],"about":[{"href":"https:\/\/mgvpublications.com\/de\/wp-json\/wp\/v2\/types\/product"}],"wp:featuredmedia":[{"embeddable":true,"href":"https:\/\/mgvpublications.com\/de\/wp-json\/wp\/v2\/media\/23141"}],"wp:attachment":[{"href":"https:\/\/mgvpublications.com\/de\/wp-json\/wp\/v2\/media?parent=21992"}],"wp:term":[{"taxonomy":"product_cat","embeddable":true,"href":"https:\/\/mgvpublications.com\/de\/wp-json\/wp\/v2\/product_cat?post=21992"},{"taxonomy":"product_tag","embeddable":true,"href":"https:\/\/mgvpublications.com\/de\/wp-json\/wp\/v2\/product_tag?post=21992"},{"taxonomy":"item","embeddable":true,"href":"https:\/\/mgvpublications.com\/de\/wp-json\/wp\/v2\/item?post=21992"}],"curies":[{"name":"wp","href":"https:\/\/api.w.org\/{rel}","templated":true}]}}