{"id":21990,"date":"2022-01-22T01:50:27","date_gmt":"2022-01-22T00:50:27","guid":{"rendered":"https:\/\/mgvpublications.com\/produkt\/merhaba-esyalarim-cirt-cirtli-hikaye-kitabi\/"},"modified":"2022-04-08T06:18:40","modified_gmt":"2022-04-08T04:18:40","slug":"merhaba-esyalarim-cirt-cirtli-hikaye-kitabi","status":"publish","type":"product","link":"https:\/\/mgvpublications.com\/de\/merhaba-esyalarim-cirt-cirtli-hikaye-kitabi\/","title":{"rendered":"Merhaba E\u015fyalar\u0131m (C\u0131rt C\u0131rtl\u0131 Hikaye Kitab\u0131)"},"content":{"rendered":"<p>Yay\u0131n Tarihi: 06.11.2020<br \/>ISBN: 9786050639926<br \/>Dil: T\u00dcRK\u00c7E<br \/>Sayfa Say\u0131s\u0131: 12<br \/>Cilt Tipi: Ciltli<br \/>Ka\u011f\u0131t Cinsi: Kitap Ka\u011f\u0131d\u0131<br \/>Boyut: 20.5 x 21 cm<br \/>\u00c7izer: Dilek Alt\u0131nta\u015f Birben<br \/>Di\u011fer \u00d6zellik: 6 Ay &#8211; 5 Ya\u015f<\/p>","protected":false},"excerpt":{"rendered":"<p>&#8220;Mert ve Mine &#8220;Merhaba!&#8221; dedi yeni g\u00fcne. Oyunlar oynad\u0131lar, resimler yapt\u0131lar. T\u00fcm g\u00fcn harikayd\u0131 ama bir sorun vard\u0131. E\u015fyalar \u00e7ok da\u011f\u0131lm\u0131\u015ft\u0131.&#8221; Mert da\u011f\u0131lan e\u015fyalar\u0131 kendi yerle\u015ftirmek istiyor. Sizce yard\u0131ma ihtiyac\u0131 olacak m\u0131? Haydi birlikte \u00f6\u011frenelim. Da\u011f\u0131lan e\u015fyalar\u0131 metne g\u00f6re yerlerine yerle\u015ftir, sorumluluk al\u0131p d\u00fczenli olman\u0131n mutlulu\u011funu ke\u015ffet!<\/p>","protected":false},"featured_media":23142,"template":"","meta":{"spay_email":""},"product_cat":[172],"product_tag":[],"item":[1789],"acf":[],"_links":{"self":[{"href":"https:\/\/mgvpublications.com\/de\/wp-json\/wp\/v2\/product\/21990"}],"collection":[{"href":"https:\/\/mgvpublications.com\/de\/wp-json\/wp\/v2\/product"}],"about":[{"href":"https:\/\/mgvpublications.com\/de\/wp-json\/wp\/v2\/types\/product"}],"wp:featuredmedia":[{"embeddable":true,"href":"https:\/\/mgvpublications.com\/de\/wp-json\/wp\/v2\/media\/23142"}],"wp:attachment":[{"href":"https:\/\/mgvpublications.com\/de\/wp-json\/wp\/v2\/media?parent=21990"}],"wp:term":[{"taxonomy":"product_cat","embeddable":true,"href":"https:\/\/mgvpublications.com\/de\/wp-json\/wp\/v2\/product_cat?post=21990"},{"taxonomy":"product_tag","embeddable":true,"href":"https:\/\/mgvpublications.com\/de\/wp-json\/wp\/v2\/product_tag?post=21990"},{"taxonomy":"item","embeddable":true,"href":"https:\/\/mgvpublications.com\/de\/wp-json\/wp\/v2\/item?post=21990"}],"curies":[{"name":"wp","href":"https:\/\/api.w.org\/{rel}","templated":true}]}}