{"id":21972,"date":"2022-01-22T01:50:01","date_gmt":"2022-01-22T00:50:01","guid":{"rendered":"https:\/\/mgvpublications.com\/produkt\/dedektif-zebra-ve-kayip-kurabiyelerin-gizemi\/"},"modified":"2022-03-08T22:57:26","modified_gmt":"2022-03-08T21:57:26","slug":"dedektif-zebra-ve-kayip-kurabiyelerin-gizemi","status":"publish","type":"product","link":"https:\/\/mgvpublications.com\/de\/dedektif-zebra-ve-kayip-kurabiyelerin-gizemi\/","title":{"rendered":"Dedektif Zebra ve Kay\u0131p Kurabiyelerin Gizemi"},"content":{"rendered":"<p>\u00c7evirmen: An\u0131l Ceren Altunkanat<br \/>Yay\u0131n Tarihi: 05.11.2019<br \/>ISBN: 9786052959558<br \/>Dil: T\u00dcRK\u00c7E<br \/>Sayfa Say\u0131s\u0131: 32<br \/>Cilt Tipi: Karton Kapak<br \/>Ka\u011f\u0131t Cinsi: 1. Hm. Ka\u011f\u0131t<br \/>Boyut: 24.5 x 27.5 cm<\/p>","protected":false},"excerpt":{"rendered":"<p>Dedektif Zebra ve g\u00fcvenilir yard\u0131mc\u0131s\u0131 Nokta\u2019yla tan\u0131\u015fmaya var m\u0131s\u0131n\u0131z? Muhte\u015fem ikili ilk maceralar\u0131nda marmelatl\u0131 kurabiyelerin gizemli \u015fekilde ortadan kaybolmas\u0131n\u0131 ara\u015ft\u0131r\u0131yor.<\/p>","protected":false},"featured_media":21971,"template":"","meta":{"spay_email":""},"product_cat":[172],"product_tag":[],"item":[1947],"acf":[],"_links":{"self":[{"href":"https:\/\/mgvpublications.com\/de\/wp-json\/wp\/v2\/product\/21972"}],"collection":[{"href":"https:\/\/mgvpublications.com\/de\/wp-json\/wp\/v2\/product"}],"about":[{"href":"https:\/\/mgvpublications.com\/de\/wp-json\/wp\/v2\/types\/product"}],"wp:featuredmedia":[{"embeddable":true,"href":"https:\/\/mgvpublications.com\/de\/wp-json\/wp\/v2\/media\/21971"}],"wp:attachment":[{"href":"https:\/\/mgvpublications.com\/de\/wp-json\/wp\/v2\/media?parent=21972"}],"wp:term":[{"taxonomy":"product_cat","embeddable":true,"href":"https:\/\/mgvpublications.com\/de\/wp-json\/wp\/v2\/product_cat?post=21972"},{"taxonomy":"product_tag","embeddable":true,"href":"https:\/\/mgvpublications.com\/de\/wp-json\/wp\/v2\/product_tag?post=21972"},{"taxonomy":"item","embeddable":true,"href":"https:\/\/mgvpublications.com\/de\/wp-json\/wp\/v2\/item?post=21972"}],"curies":[{"name":"wp","href":"https:\/\/api.w.org\/{rel}","templated":true}]}}