{"id":21970,"date":"2022-01-22T01:50:00","date_gmt":"2022-01-22T00:50:00","guid":{"rendered":"https:\/\/mgvpublications.com\/produkt\/cocuklugun-kesfi\/"},"modified":"2022-03-08T22:57:26","modified_gmt":"2022-03-08T21:57:26","slug":"cocuklugun-kesfi","status":"publish","type":"product","link":"https:\/\/mgvpublications.com\/de\/cocuklugun-kesfi\/","title":{"rendered":"\u00c7ocuklu\u011fun Ke\u015ffi"},"content":{"rendered":"<p>Yay\u0131n Tarihi: 01.11.2021<br \/>ISBN: 9786258480054<br \/>Dil: T\u00dcRK\u00c7E<br \/>Sayfa Say\u0131s\u0131: 232<br \/>Cilt Tipi: Karton Kapak<br \/>Ka\u011f\u0131t Cinsi: Kitap Ka\u011f\u0131d\u0131<br \/>Boyut: 13.5 x 21 cm<br \/>Editor: Feyza Kartopu<\/p>","protected":false},"excerpt":{"rendered":"<p>\u00c7ocuk e\u011fitimi, yaln\u0131zca \u00e7ocu\u011fun e\u011fitilmesine y\u00f6nelik bir kavramsalla\u015ft\u0131rma de\u011fildir. Anne ve baban\u0131n bilin\u00e7lenmesiyle ba\u015flayan uzun bir yolculuktur bu. Dahas\u0131 bug\u00fcn, anne baban\u0131n \u00e7ocuk e\u011fitiminde bilin\u00e7lenmesinden de \u00f6te, insan\u0131n kendini bireysel anlamda fark etmesini kapsayan bir yolculuktan s\u00f6z etmekteyiz. Bu fark\u0131ndal\u0131k, bireyin kendi \u00e7ocuklu\u011funu ke\u015ffetmesiyle ad\u0131m ad\u0131m kazan\u0131lacakt\u0131r. Kitapta, bu ke\u015fif yolculu\u011fuyla tan\u0131\u015facaks\u0131n\u0131z. \u00d6nce ad\u0131m ad\u0131m \u00e7ocu\u011fu tan\u0131yacak, sonras\u0131nda kendi \u00e7ocu\u011funuzu nas\u0131l ke\u015ffedebilece\u011finizin ipu\u00e7lar\u0131n\u0131 bulacaks\u0131n\u0131z.<\/p>","protected":false},"featured_media":21969,"template":"","meta":{"spay_email":""},"product_cat":[169],"product_tag":[],"item":[1237],"acf":[],"_links":{"self":[{"href":"https:\/\/mgvpublications.com\/de\/wp-json\/wp\/v2\/product\/21970"}],"collection":[{"href":"https:\/\/mgvpublications.com\/de\/wp-json\/wp\/v2\/product"}],"about":[{"href":"https:\/\/mgvpublications.com\/de\/wp-json\/wp\/v2\/types\/product"}],"wp:featuredmedia":[{"embeddable":true,"href":"https:\/\/mgvpublications.com\/de\/wp-json\/wp\/v2\/media\/21969"}],"wp:attachment":[{"href":"https:\/\/mgvpublications.com\/de\/wp-json\/wp\/v2\/media?parent=21970"}],"wp:term":[{"taxonomy":"product_cat","embeddable":true,"href":"https:\/\/mgvpublications.com\/de\/wp-json\/wp\/v2\/product_cat?post=21970"},{"taxonomy":"product_tag","embeddable":true,"href":"https:\/\/mgvpublications.com\/de\/wp-json\/wp\/v2\/product_tag?post=21970"},{"taxonomy":"item","embeddable":true,"href":"https:\/\/mgvpublications.com\/de\/wp-json\/wp\/v2\/item?post=21970"}],"curies":[{"name":"wp","href":"https:\/\/api.w.org\/{rel}","templated":true}]}}