{"id":21962,"date":"2022-01-22T01:49:50","date_gmt":"2022-01-22T00:49:50","guid":{"rendered":"https:\/\/mgvpublications.com\/produkt\/gizemli-yazar-per\/"},"modified":"2022-03-08T22:57:24","modified_gmt":"2022-03-08T21:57:24","slug":"gizemli-yazar-per","status":"publish","type":"product","link":"https:\/\/mgvpublications.com\/de\/gizemli-yazar-per\/","title":{"rendered":"Gizemli Yazar Per"},"content":{"rendered":"<p>Yay\u0131n Tarihi: 01.07.2021<br \/>ISBN: 9786057053855<br \/>Dil: T\u00dcRK\u00c7E<br \/>Sayfa Say\u0131s\u0131: 36<br \/>Cilt Tipi: Karton Kapak<br \/>Ka\u011f\u0131t Cinsi: Kitap Ka\u011f\u0131d\u0131<br \/>Boyut: 22 x 20 cm<br \/>\u00c7izer: Rumeysa Abi\u015f<br \/>Editor: \u00d6zlem G\u00fcndo\u011fdu<\/p>","protected":false},"excerpt":{"rendered":"<p>Bu kitap yazman\u0131n, hayal etmenin, \u00e7izmenin, \u00fcretmenin, arkada\u015fl\u0131\u011f\u0131n ne\u015feli taraflar\u0131n\u0131 ve iyile\u015ftirici g\u00fcc\u00fcn\u00fc \u00e7ocuklara g\u00f6stermek i\u00e7in kaleme al\u0131nd\u0131. Buras\u0131 bir ya\u015fl\u0131 bak\u0131m merkeziydi. Per de bir\u00e7ok ya\u015fl\u0131 gibi burada kal\u0131yordu. Sorsan\u0131z kalmazd\u0131 ama ona soran da olmam\u0131\u015ft\u0131 zaten. Kimi kimsesi yoktu. Ne o\u011flu ne k\u0131z\u0131 ne karde\u015fi ne de tombalak bir torunu. Bu y\u00fczden kendini yapayaln\u0131z, bir ba\u015f\u0131na hissediyordu. Fakat son zamanlarda tuhaf bir u\u011fra\u015f bulmu\u015ftu. Asl\u0131nda tam 87,5 ya\u015f\u0131ndayd\u0131 ama \u015fu s\u0131ra okula yeni ba\u015flayan \u00e7ocuklar kadar heyecanl\u0131yd\u0131! Bu u\u011fra\u015f, onu on iki y\u0131l, \u00fc\u00e7 ay, be\u015f g\u00fcn gen\u00e7Ie\u015ftirmi\u015fti. Nas\u0131l m\u0131? Bilmem ki, bana da bunu Per s\u00f6ylemi\u015fti. Hatta, &#8220;Sevdi\u011fin \u015feyleri yapmak, kozadan yeni \u00e7\u0131km\u0131\u015f bir kelebek gibi hissettirir,&#8221; de demi\u015fti.<\/p>","protected":false},"featured_media":21961,"template":"","meta":{"spay_email":""},"product_cat":[172],"product_tag":[],"item":[1085],"acf":[],"_links":{"self":[{"href":"https:\/\/mgvpublications.com\/de\/wp-json\/wp\/v2\/product\/21962"}],"collection":[{"href":"https:\/\/mgvpublications.com\/de\/wp-json\/wp\/v2\/product"}],"about":[{"href":"https:\/\/mgvpublications.com\/de\/wp-json\/wp\/v2\/types\/product"}],"wp:featuredmedia":[{"embeddable":true,"href":"https:\/\/mgvpublications.com\/de\/wp-json\/wp\/v2\/media\/21961"}],"wp:attachment":[{"href":"https:\/\/mgvpublications.com\/de\/wp-json\/wp\/v2\/media?parent=21962"}],"wp:term":[{"taxonomy":"product_cat","embeddable":true,"href":"https:\/\/mgvpublications.com\/de\/wp-json\/wp\/v2\/product_cat?post=21962"},{"taxonomy":"product_tag","embeddable":true,"href":"https:\/\/mgvpublications.com\/de\/wp-json\/wp\/v2\/product_tag?post=21962"},{"taxonomy":"item","embeddable":true,"href":"https:\/\/mgvpublications.com\/de\/wp-json\/wp\/v2\/item?post=21962"}],"curies":[{"name":"wp","href":"https:\/\/api.w.org\/{rel}","templated":true}]}}