{"id":21960,"date":"2022-01-22T01:49:45","date_gmt":"2022-01-22T00:49:45","guid":{"rendered":"https:\/\/mgvpublications.com\/produkt\/sen-hangi-ciceksin\/"},"modified":"2022-03-08T22:57:24","modified_gmt":"2022-03-08T21:57:24","slug":"sen-hangi-ciceksin","status":"publish","type":"product","link":"https:\/\/mgvpublications.com\/de\/sen-hangi-ciceksin\/","title":{"rendered":"Sen Hangi \u00c7i\u00e7eksin ?"},"content":{"rendered":"<p>Yay\u0131n Tarihi: 03.01.2022<br \/>ISBN: 9786258480092<br \/>Dil: T\u00dcRK\u00c7E<br \/>Sayfa Say\u0131s\u0131: 104<br \/>Cilt Tipi: Karton Kapak<br \/>Ka\u011f\u0131t Cinsi: Kitap Ka\u011f\u0131d\u0131<br \/>Boyut: 16.5 x 23.5 cm<\/p>","protected":false},"excerpt":{"rendered":"<p>\u015e\u00f6yle ba\u015f\u0131n\u0131z\u0131 bir kald\u0131r\u0131n ve g\u00f6zlerinizi etrafta gezdirin bakal\u0131m. Yoo, o kadar uza\u011fa bakman\u0131za gerek yok. Hemen yan odada ya da balkonda \u00e7i\u00e7ekleriniz yok mu? Evin bah\u00e7esinde, soka\u011f\u0131m\u0131zda bir s\u00fcr\u00fc \u00e7i\u00e7ek var, de\u011fil mi? Bazen g\u00f6r\u00fcn\u00fcyor, bazen kayboluyorlar. Onlar yokken her yer biraz renksiz sanki. Ondan m\u0131d\u0131r, bahar gelince ve \u00e7i\u00e7ekler a\u00e7\u0131nca insan\u0131n i\u00e7i k\u0131p\u0131r k\u0131p\u0131r olur? \u015eu \u00e7i\u00e7ekleri biraz inceleyelim isterseniz. Nereden gelmi\u015fler, neden varlar? Onlarla ilgili \u015fimdiye dek hi\u00e7 duymad\u0131\u011f\u0131n\u0131z bilgi ve hik\u00e2yelere haz\u0131r m\u0131s\u0131n\u0131z?<\/p>","protected":false},"featured_media":21959,"template":"","meta":{"spay_email":""},"product_cat":[1588],"product_tag":[],"item":[1085],"acf":[],"_links":{"self":[{"href":"https:\/\/mgvpublications.com\/de\/wp-json\/wp\/v2\/product\/21960"}],"collection":[{"href":"https:\/\/mgvpublications.com\/de\/wp-json\/wp\/v2\/product"}],"about":[{"href":"https:\/\/mgvpublications.com\/de\/wp-json\/wp\/v2\/types\/product"}],"wp:featuredmedia":[{"embeddable":true,"href":"https:\/\/mgvpublications.com\/de\/wp-json\/wp\/v2\/media\/21959"}],"wp:attachment":[{"href":"https:\/\/mgvpublications.com\/de\/wp-json\/wp\/v2\/media?parent=21960"}],"wp:term":[{"taxonomy":"product_cat","embeddable":true,"href":"https:\/\/mgvpublications.com\/de\/wp-json\/wp\/v2\/product_cat?post=21960"},{"taxonomy":"product_tag","embeddable":true,"href":"https:\/\/mgvpublications.com\/de\/wp-json\/wp\/v2\/product_tag?post=21960"},{"taxonomy":"item","embeddable":true,"href":"https:\/\/mgvpublications.com\/de\/wp-json\/wp\/v2\/item?post=21960"}],"curies":[{"name":"wp","href":"https:\/\/api.w.org\/{rel}","templated":true}]}}