{"id":21956,"date":"2022-01-22T01:49:40","date_gmt":"2022-01-22T00:49:40","guid":{"rendered":"https:\/\/mgvpublications.com\/produkt\/her-seyin-bir-baslangici-var\/"},"modified":"2022-06-18T16:12:17","modified_gmt":"2022-06-18T14:12:17","slug":"her-seyin-bir-baslangici-var","status":"publish","type":"product","link":"https:\/\/mgvpublications.com\/de\/her-seyin-bir-baslangici-var\/","title":{"rendered":"Her \u015eeyin Bir Ba\u015flang\u0131c\u0131 Var"},"content":{"rendered":"<p>Yay\u0131n Tarihi: 03.01.2022<br \/>ISBN: 9786258480115<br \/>Dil: T\u00dcRK\u00c7E<br \/>Sayfa Say\u0131s\u0131: 36<br \/>Cilt Tipi: Karton Kapak<br \/>Ka\u011f\u0131t Cinsi: 1. Hm. Ka\u011f\u0131t<br \/>Boyut: 22 x 20.3 cm<br \/>\u00c7izer: Rumeysa Abis<\/p>","protected":false},"excerpt":{"rendered":"<p>Bir kelebek, kelebek olmadan \u00f6nce nedir? T\u0131rt\u0131l. Peki ya tren, upuzuuun bir tren olmadan \u00f6nce? Koca bir demir y\u0131\u011f\u0131n\u0131. O halde her \u015feyin bir ba\u015flang\u0131\u00e7 hik\u00e2yesi var. Peki ya bir ba\u015flang\u0131c\u0131 ve sonu olmayan? Her \u015eeyin Bir Ba\u015flang\u0131c\u0131 Var, do\u011fru sorularla, \u00e7ocuklar\u0131 bu ba\u015flang\u0131\u00e7 hik\u00e2yelerine misafir ediyor ve zor konular\u0131, ak\u0131l y\u00fcr\u00fctmelerle anla\u015f\u0131labilir bir hale getiriyor. \u00c7ocuklar\u0131n fark\u0131ndal\u0131k yolculu\u011funa bir pencere aralayacak tatl\u0131 m\u0131 tatl\u0131 bir \u00f6yk\u00fc.<\/p>","protected":false},"featured_media":23092,"template":"","meta":{"spay_email":""},"product_cat":[172],"product_tag":[],"item":[1085],"acf":[],"_links":{"self":[{"href":"https:\/\/mgvpublications.com\/de\/wp-json\/wp\/v2\/product\/21956"}],"collection":[{"href":"https:\/\/mgvpublications.com\/de\/wp-json\/wp\/v2\/product"}],"about":[{"href":"https:\/\/mgvpublications.com\/de\/wp-json\/wp\/v2\/types\/product"}],"wp:featuredmedia":[{"embeddable":true,"href":"https:\/\/mgvpublications.com\/de\/wp-json\/wp\/v2\/media\/23092"}],"wp:attachment":[{"href":"https:\/\/mgvpublications.com\/de\/wp-json\/wp\/v2\/media?parent=21956"}],"wp:term":[{"taxonomy":"product_cat","embeddable":true,"href":"https:\/\/mgvpublications.com\/de\/wp-json\/wp\/v2\/product_cat?post=21956"},{"taxonomy":"product_tag","embeddable":true,"href":"https:\/\/mgvpublications.com\/de\/wp-json\/wp\/v2\/product_tag?post=21956"},{"taxonomy":"item","embeddable":true,"href":"https:\/\/mgvpublications.com\/de\/wp-json\/wp\/v2\/item?post=21956"}],"curies":[{"name":"wp","href":"https:\/\/api.w.org\/{rel}","templated":true}]}}