{"id":21944,"date":"2022-01-22T01:49:23","date_gmt":"2022-01-22T00:49:23","guid":{"rendered":"https:\/\/mgvpublications.com\/produkt\/ele-gecirilemeyen-toprak-kuzey-kafkasya-seyh-samilden-samil-basayeve-cecenistan-dagistan-direnis-hareketleri\/"},"modified":"2022-03-08T22:57:23","modified_gmt":"2022-03-08T21:57:23","slug":"ele-gecirilemeyen-toprak-kuzey-kafkasya-seyh-samilden-samil-basayeve-cecenistan-dagistan-direnis-hareketleri","status":"publish","type":"product","link":"https:\/\/mgvpublications.com\/de\/ele-gecirilemeyen-toprak-kuzey-kafkasya-seyh-samilden-samil-basayeve-cecenistan-dagistan-direnis-hareketleri\/","title":{"rendered":"Ele Ge\u00e7irilemeyen Toprak Kuzey Kafkasya \u015eeyh \u015eamil&#8217;den \u015eamil Basayev&#8217;e \u00c7e\u00e7enistan-Da\u011f\u0131stan Direni\u015f Hareketleri"},"content":{"rendered":"<p>Yay\u0131n Tarihi: 10.06.2019<br \/>ISBN: 9786055166809<br \/>Dil: T\u00dcRK\u00c7E<br \/>Sayfa Say\u0131s\u0131: 352<br \/>Cilt Tipi: Karton Kapak<br \/>Ka\u011f\u0131t Cinsi: Kitap Ka\u011f\u0131d\u0131<br \/>Boyut: 13.5 x 21 cm<\/p>","protected":false},"excerpt":{"rendered":"<p>Elinizdeki bu \u00e7al\u0131\u015fma bir yan\u0131yla, benzeri g\u00f6r\u00fclmemi\u015f bir de\u011fi\u015fiklik d\u00f6neminde ya\u015fayan, devletlerin olu\u015fturdu\u011fu resmi tarihten d\u0131\u015flanan &#8220;\u00f6tekilere&#8221; ili\u015fkin bir s\u00f6zl\u00fc tarih \u00e7al\u0131\u015fmas\u0131. Onlara \u00f6tekileri belirtecek anlamda &#8220;esmerler&#8221; deniyor. Esmerler; \u00e7\u00fcnk\u00fc sar\u0131\u015f\u0131n Slav \u0131rk\u0131n\u0131n y\u00fczy\u0131llarca s\u00fcren hegemonyas\u0131 alt\u0131nda ya\u015fam\u0131\u015f \u00f6tekiler onlar ve asl\u0131nda, kendileri de sar\u0131\u015f\u0131n olmakla birlikte Sovyet imparatorlu\u011fundaki di\u011fer M\u00fcsl\u00fcman halklarla birlikte esmerler olarak tan\u0131mlanm\u0131\u015flar. Onlar Kafkasya&#8217;n\u0131n en sava\u015f\u00e7\u0131 en m\u00fccadeleci halklar\u0131ndan biri. Uzun sava\u015f d\u00f6nemleri aras\u0131nda k\u0131sac\u0131k molalar vermek durumunda kalm\u0131\u015flar zaman zaman. Soyk\u0131r\u0131mlar ve s\u00fcrg\u00fcnler kendilerini fiziksel olarak b\u00fct\u00fcn\u00fcyle yok edemesin diye. N\u00fcfus g\u00f6rece toparlan\u0131p, fiziksel yok olma e\u015fi\u011fi a\u015f\u0131l\u0131r a\u015f\u0131lmaz kald\u0131klar\u0131 yerden devam etmi\u015fler \u00f6zg\u00fcrl\u00fck m\u00fccadelelerine. K\u0131saca son be\u015f y\u00fcz y\u0131l\u0131 sava\u015farak ge\u00e7irdikleri s\u00f6ylenebilir. Bu sar\u0131\u015f\u0131n esmerler: &#8220;\u00c7e\u00e7enler&#8221; Ancak \u00c7e\u00e7enlere ili\u015fkin bu \u00f6yk\u00fc ba\u015fka halklar\u0131n kaderine de kar\u0131\u015fm\u0131\u015f durumda bug\u00fcn. Da\u011f\u0131stanl\u0131 m\u00fccahitlerle, \u0130sl\u00e2m D\u00fcnyas\u0131&#8217;n\u0131n d\u00fcrt bir yan\u0131ndan gelen &#8220;yabac\u0131 m\u00fccahitlerin&#8221; \u00f6yk\u00fclerini. K\u0131saca bizim seslerine kulak vermek istedi\u011fimiz \u00f6tekiler, son on y\u0131l\u0131 kapsayan \u00c7e\u00e7en cihad\u0131n\u0131n do\u011frudan par\u00e7as\u0131 olmu\u015f ki\u015filer. Rus resmi tarihinin &#8220;ter\u00f6rist&#8221; olarak adland\u0131r\u0131p d\u0131\u015flad\u0131\u011f\u0131 \u00f6tekiler.<\/p>","protected":false},"featured_media":21943,"template":"","meta":{"spay_email":""},"product_cat":[170],"product_tag":[],"item":[945],"acf":[],"_links":{"self":[{"href":"https:\/\/mgvpublications.com\/de\/wp-json\/wp\/v2\/product\/21944"}],"collection":[{"href":"https:\/\/mgvpublications.com\/de\/wp-json\/wp\/v2\/product"}],"about":[{"href":"https:\/\/mgvpublications.com\/de\/wp-json\/wp\/v2\/types\/product"}],"wp:featuredmedia":[{"embeddable":true,"href":"https:\/\/mgvpublications.com\/de\/wp-json\/wp\/v2\/media\/21943"}],"wp:attachment":[{"href":"https:\/\/mgvpublications.com\/de\/wp-json\/wp\/v2\/media?parent=21944"}],"wp:term":[{"taxonomy":"product_cat","embeddable":true,"href":"https:\/\/mgvpublications.com\/de\/wp-json\/wp\/v2\/product_cat?post=21944"},{"taxonomy":"product_tag","embeddable":true,"href":"https:\/\/mgvpublications.com\/de\/wp-json\/wp\/v2\/product_tag?post=21944"},{"taxonomy":"item","embeddable":true,"href":"https:\/\/mgvpublications.com\/de\/wp-json\/wp\/v2\/item?post=21944"}],"curies":[{"name":"wp","href":"https:\/\/api.w.org\/{rel}","templated":true}]}}