{"id":21918,"date":"2022-01-22T01:48:51","date_gmt":"2022-01-22T00:48:51","guid":{"rendered":"https:\/\/mgvpublications.com\/produkt\/kasif\/"},"modified":"2022-03-08T22:57:21","modified_gmt":"2022-03-08T21:57:21","slug":"kasif","status":"publish","type":"product","link":"https:\/\/mgvpublications.com\/de\/kasif\/","title":{"rendered":"Ka\u015fif"},"content":{"rendered":"<p>Yay\u0131n Tarihi: 07.02.2019<br \/>ISBN: 9786059218559<br \/>Dil: T\u00dcRK\u00c7E<br \/>Sayfa Say\u0131s\u0131: 272<br \/>Cilt Tipi: Karton Kapak<br \/>Ka\u011f\u0131t Cinsi: Kitap Ka\u011f\u0131d\u0131<br \/>Boyut: 13.5 x 21 cm<\/p>","protected":false},"excerpt":{"rendered":"<p>Bir ses, bir nefes arar K\u00e2\u015fif. Ayr\u0131 d\u00fc\u015ft\u00fc\u011f\u00fc uzak ve mutlu \u00fclkenin kokusunu ta\u015f\u0131yan kutlu bir nefes\u2026 Israrla bekler. Bir a\u011faca asar dile\u011fini. A\u011fac\u0131, r\u00fczg\u00e2r\u0131, g\u00f6\u011f\u00fc ve topra\u011f\u0131 \u015fahit tutarak \u00e2leme ilan eder bekleyi\u015fini. Ne aray\u0131\u015f\u0131n ne de bekleyi\u015fin pe\u015fini b\u0131rak\u0131r. Ard\u0131na d\u00fc\u015fer buldu\u011fu her i\u015faretin, her izin. \u0130zlerin i\u015faret etti\u011fi yere d\u00fc\u015fer. D\u00fc\u015ft\u00fc\u011f\u00fc yer bir d\u00fc\u015f\u00fcn ta kendisidir. Bir g\u00fcn duyulur sesi o aziz nefesin. Uzaktan g\u00fcl simas\u0131 g\u00f6r\u00fcn\u00fcr. Latif bir koku dolar K\u00e2\u015fif\u2019in burnuna. \u0130\u00e7inde dola\u015f\u0131ma girer o koku, ge\u00e7erken de\u011fdi\u011fi yerleri yakar. Atomlar\u0131na dek kavrulur, kavrulur ve alev al\u0131p tutu\u015fur. Ne yana d\u00f6nse odur art\u0131k, ne i\u015fitse o\u2026 Kab\u0131na s\u0131\u011fmaz, kab\u0131nda duramaz. Yola \u00e7\u0131kar, onun izini s\u00fcrmek i\u00e7in. K\u00e2h gamlan\u0131r yolda, yoldan d\u00fc\u015fer k\u00e2h e\u011flenir yolda, yola girer. D\u00fc\u015fe kalka iz s\u00fcrerken kar\u015f\u0131la\u015f\u0131r onunla, o \u00e7ok bekledi\u011fi g\u00fcl simayla\u2026 Orada d\u00fcnya da d\u00fc\u015f de durur. Kel\u00e2m durur, sesler yok olur. Duydu\u011fu tek \u015fey, emsalsiz bak\u0131\u015flar kar\u015f\u0131s\u0131nda delice atan kalbinin sesi olur. Bu kitap, tamamlanmak \u00fczere kay\u0131p par\u00e7as\u0131n\u0131 arayan ruhlar\u0131n hik\u00e2yesidir.<\/p>","protected":false},"featured_media":21917,"template":"","meta":{"spay_email":""},"product_cat":[168],"product_tag":[],"item":[900],"acf":[],"_links":{"self":[{"href":"https:\/\/mgvpublications.com\/de\/wp-json\/wp\/v2\/product\/21918"}],"collection":[{"href":"https:\/\/mgvpublications.com\/de\/wp-json\/wp\/v2\/product"}],"about":[{"href":"https:\/\/mgvpublications.com\/de\/wp-json\/wp\/v2\/types\/product"}],"wp:featuredmedia":[{"embeddable":true,"href":"https:\/\/mgvpublications.com\/de\/wp-json\/wp\/v2\/media\/21917"}],"wp:attachment":[{"href":"https:\/\/mgvpublications.com\/de\/wp-json\/wp\/v2\/media?parent=21918"}],"wp:term":[{"taxonomy":"product_cat","embeddable":true,"href":"https:\/\/mgvpublications.com\/de\/wp-json\/wp\/v2\/product_cat?post=21918"},{"taxonomy":"product_tag","embeddable":true,"href":"https:\/\/mgvpublications.com\/de\/wp-json\/wp\/v2\/product_tag?post=21918"},{"taxonomy":"item","embeddable":true,"href":"https:\/\/mgvpublications.com\/de\/wp-json\/wp\/v2\/item?post=21918"}],"curies":[{"name":"wp","href":"https:\/\/api.w.org\/{rel}","templated":true}]}}