{"id":21916,"date":"2022-01-22T01:48:46","date_gmt":"2022-01-22T00:48:46","guid":{"rendered":"https:\/\/mgvpublications.com\/produkt\/kesintiye-ugrayan-cocukluk\/"},"modified":"2022-03-08T22:57:21","modified_gmt":"2022-03-08T21:57:21","slug":"kesintiye-ugrayan-cocukluk","status":"publish","type":"product","link":"https:\/\/mgvpublications.com\/de\/kesintiye-ugrayan-cocukluk\/","title":{"rendered":"Kesintiye U\u011frayan \u00c7ocukluk"},"content":{"rendered":"<p>Yay\u0131n Tarihi: 01.04.2021<br \/>ISBN: 9786254434020<br \/>Dil: T\u00dcRK\u00c7E<br \/>Sayfa Say\u0131s\u0131: 336<br \/>Cilt Tipi: Karton Kapak<br \/>Ka\u011f\u0131t Cinsi: Kitap Ka\u011f\u0131d\u0131<br \/>Boyut: 13.5 x 21 cm<\/p>","protected":false},"excerpt":{"rendered":"<p>Olumsuz \u00c7ocukluk Deney\u0130mler\u0130 B\u0130z\u0130 Nasil Hasta Eder Ve Nasil \u0130y\u0130le\u015feb\u0130l\u0130r\u0130z \u00c7ocuklukta deneyimlenen duygusal travmalar, ilerleyen d\u00f6nemde sadece duygusal ya\u015fant\u0131m\u0131z\u0131 \u015fekillendirmekle kalmaz, ayn\u0131 zamanda bedensel sa\u011fl\u0131\u011f\u0131m\u0131z\u0131 ve ya\u015fam s\u00fcremizi de etkiler. Bilim insanlar\u0131; aile i\u00e7i kronikle\u015fmi\u015f kavgalar\u0131n, beklenmedik bir \u00f6l\u00fcm\u00fcn veya bo\u015fanman\u0131n yan\u0131 s\u0131ra, zihinsel olarak sa\u011fl\u0131ks\u0131z, a\u015f\u0131r\u0131 ele\u015ftirel veya ba\u011f\u0131ml\u0131 bir ebeveynin, \u00e7ocuklu\u011fu nas\u0131l kesintiye u\u011fratt\u0131\u011f\u0131n\u0131, \u00e7ocu\u011fun beyninde kal\u0131c\u0131 ve g\u00f6r\u00fcn\u00fcr &#8220;parmak izleri&#8221; b\u0131rakt\u0131\u011f\u0131n\u0131 art\u0131k \u00e7ok iyi biliyorlar. Donna Jackson Nakazawa, Olumsuz \u00c7ocukluk Deneyimlerini ya\u015fayan ve bu deneyimlerin \u00fcstesinden gelmeyi ba\u015faran insanlar\u0131n hik\u00e2yelerini payla\u015farak, baz\u0131 \u00e7ocuklar\u0131n bu olumsuzluklara ve y\u00fcksek strese, di\u011fer \u00e7ocuklara g\u00f6re neden daha dayan\u0131kl\u0131 ve diren\u00e7li olduklar\u0131n\u0131 g\u00f6steriyor ve kad\u0131nlar\u0131n neden daha fazla risk alt\u0131nda olduklar\u0131n\u0131 a\u00e7\u0131kl\u0131yor. Kesintiye U\u011frayan \u00c7ocukluk, \u00e7ocukluk travmalar\u0131n\u0131n ilerleyen d\u00f6nemlerde g\u00f6r\u00fclen hastal\u0131klarla ne kadar ba\u011flant\u0131l\u0131 oldu\u011funu anlamam\u0131z\u0131 sa\u011flayan bir yol haritas\u0131 ve hangi ya\u015fta olursa olsun, iyile\u015fmeye nas\u0131l ba\u015flanaca\u011f\u0131na dair ezber bozan ve okunmas\u0131 gereken bir k\u0131lavuz niteli\u011finde.<\/p>","protected":false},"featured_media":21915,"template":"","meta":{"spay_email":""},"product_cat":[175],"product_tag":[],"item":[1946],"acf":[],"_links":{"self":[{"href":"https:\/\/mgvpublications.com\/de\/wp-json\/wp\/v2\/product\/21916"}],"collection":[{"href":"https:\/\/mgvpublications.com\/de\/wp-json\/wp\/v2\/product"}],"about":[{"href":"https:\/\/mgvpublications.com\/de\/wp-json\/wp\/v2\/types\/product"}],"wp:featuredmedia":[{"embeddable":true,"href":"https:\/\/mgvpublications.com\/de\/wp-json\/wp\/v2\/media\/21915"}],"wp:attachment":[{"href":"https:\/\/mgvpublications.com\/de\/wp-json\/wp\/v2\/media?parent=21916"}],"wp:term":[{"taxonomy":"product_cat","embeddable":true,"href":"https:\/\/mgvpublications.com\/de\/wp-json\/wp\/v2\/product_cat?post=21916"},{"taxonomy":"product_tag","embeddable":true,"href":"https:\/\/mgvpublications.com\/de\/wp-json\/wp\/v2\/product_tag?post=21916"},{"taxonomy":"item","embeddable":true,"href":"https:\/\/mgvpublications.com\/de\/wp-json\/wp\/v2\/item?post=21916"}],"curies":[{"name":"wp","href":"https:\/\/api.w.org\/{rel}","templated":true}]}}