{"id":21808,"date":"2022-01-14T16:36:33","date_gmt":"2022-01-14T15:36:33","guid":{"rendered":"https:\/\/mgvpublications.com\/produkt\/sorun-sorular-islam-hakkinda-en-cok-merak-edilen-sorular\/"},"modified":"2022-03-08T22:57:20","modified_gmt":"2022-03-08T21:57:20","slug":"sorun-sorular-islam-hakkinda-en-cok-merak-edilen-sorular","status":"publish","type":"product","link":"https:\/\/mgvpublications.com\/de\/sorun-sorular-islam-hakkinda-en-cok-merak-edilen-sorular\/","title":{"rendered":"Sorun Sorular \u0130slam Hakk\u0131nda En \u00c7ok Merak Edilen Sorular"},"content":{"rendered":"<p>Yay\u0131n Tarihi: 28.07.2021<br \/>ISBN: 9786057047113<br \/>Dil: T\u00dcRK\u00c7E<br \/>Sayfa Say\u0131s\u0131: 108<br \/>Cilt Tipi: Karton Kapak<br \/>Ka\u011f\u0131t Cinsi: Kitap Ka\u011f\u0131d\u0131<br \/>Boyut: 13.5 x 19.5 cm<\/p>","protected":false},"excerpt":{"rendered":"<p>Son y\u0131llarda g\u00fcneyasya b\u00f6lgesindeki \u00e7al\u0131\u015fmalar\u0131n\u0131n yan\u0131 s\u0131ra d\u00fcnya \u00e7ap\u0131nda \u015f\u00f6hrete de ula\u015fan, g\u00fcn\u00fcm\u00fcz\u00fcn tan\u0131nm\u0131\u015f davet\u00e7ilerinden Z\u00e2kir Naik, M\u00fcsl\u00fcman d\u00fcnyaya y\u00f6neltilmi\u015f ithamlara cevap veriyor. Cevaplar\u0131ndaki arg\u00fcmanlar\u0131 ak\u0131l ve mant\u0131k s\u00fczgecinin hakemli\u011fiyle ele alan yazar, vejetaryenlikten h\u0131rs\u0131zl\u0131\u011f\u0131n cezas\u0131na, alkol yasa\u011f\u0131ndan e\u015fitlik konusuna, fundamentalizmden kurban ibadetinin mahiyetine kadar bir dizi sorguyu \u0130slam&#8217;\u0131n di\u011fer dinlerden pratik ayr\u0131cal\u0131\u011f\u0131n\u0131 vurgulayarak de\u011ferlendiriyor. B\u00fct\u00fcn d\u00fcnyada kitlelerin \u0130slam&#8217;la tan\u0131\u015fmas\u0131na vesile olan zaman\u0131m\u0131z\u0131n bu cins zek\u00e2s\u0131, \u015fimdi kitaplar\u0131yla \u0130drak&#8217;te.<\/p>","protected":false},"featured_media":21807,"template":"","meta":{"spay_email":""},"product_cat":[174],"product_tag":[],"item":[956,1751],"acf":[],"_links":{"self":[{"href":"https:\/\/mgvpublications.com\/de\/wp-json\/wp\/v2\/product\/21808"}],"collection":[{"href":"https:\/\/mgvpublications.com\/de\/wp-json\/wp\/v2\/product"}],"about":[{"href":"https:\/\/mgvpublications.com\/de\/wp-json\/wp\/v2\/types\/product"}],"wp:featuredmedia":[{"embeddable":true,"href":"https:\/\/mgvpublications.com\/de\/wp-json\/wp\/v2\/media\/21807"}],"wp:attachment":[{"href":"https:\/\/mgvpublications.com\/de\/wp-json\/wp\/v2\/media?parent=21808"}],"wp:term":[{"taxonomy":"product_cat","embeddable":true,"href":"https:\/\/mgvpublications.com\/de\/wp-json\/wp\/v2\/product_cat?post=21808"},{"taxonomy":"product_tag","embeddable":true,"href":"https:\/\/mgvpublications.com\/de\/wp-json\/wp\/v2\/product_tag?post=21808"},{"taxonomy":"item","embeddable":true,"href":"https:\/\/mgvpublications.com\/de\/wp-json\/wp\/v2\/item?post=21808"}],"curies":[{"name":"wp","href":"https:\/\/api.w.org\/{rel}","templated":true}]}}