{"id":21802,"date":"2022-01-14T16:36:22","date_gmt":"2022-01-14T15:36:22","guid":{"rendered":"https:\/\/mgvpublications.com\/produkt\/sozun-esiginde\/"},"modified":"2022-03-08T22:57:20","modified_gmt":"2022-03-08T21:57:20","slug":"sozun-esiginde","status":"publish","type":"product","link":"https:\/\/mgvpublications.com\/de\/sozun-esiginde\/","title":{"rendered":"S\u00f6z\u00fcn E\u015fi\u011finde"},"content":{"rendered":"<p>Yay\u0131n Tarihi: 07.05.2020<br \/>ISBN: 9786257014458<br \/>Dil: T\u00dcRK\u00c7E<br \/>Sayfa Say\u0131s\u0131: 224<br \/>Cilt Tipi: Karton Kapak<br \/>Ka\u011f\u0131t Cinsi: Kitap Ka\u011f\u0131d\u0131<br \/>Boyut: 13.5 x 21 cm<\/p>","protected":false},"excerpt":{"rendered":"<p>\u0130nsan yaz\u0131y\u0131 okur; s\u00f6ze tutunur, ancak s\u00f6z, \u00f6z&#8217;\u00fcn bir ifadesi ise, yani kavram\u0131n. Dil d\u00fcnyay\u0131 kurmaz; yaln\u0131zca ifade eder, dile getirir. D\u00fcnyay\u0131 kuran dil de\u011fil insand\u0131r, yani anlam; \u00e7\u00fcnk\u00fc anlam bizatihi insan\u0131n kendidir. S\u00f6ylemde, yaz\u0131da, k\u0131saca dilde s\u00f6zc\u00fcklere tak\u0131lanlar sadece oyun oynarlar; mefhumlara, kavramlara dikkat kesilenler ise muhatab\u0131n kast\u0131n\u0131 anlarlar. Anlamak, anla\u015f\u0131lmak istemenin ilk ilkesidir. \u00c7\u00fcnk\u00fc ancak b\u00f6yle bir ba\u011flamda insan \u00fczerine, insanlarla, insanca konu\u015fmak m\u00fcmk\u00fcnd\u00fcr&#8230;<\/p>","protected":false},"featured_media":21801,"template":"","meta":{"spay_email":""},"product_cat":[232],"product_tag":[],"item":[1995],"acf":[],"_links":{"self":[{"href":"https:\/\/mgvpublications.com\/de\/wp-json\/wp\/v2\/product\/21802"}],"collection":[{"href":"https:\/\/mgvpublications.com\/de\/wp-json\/wp\/v2\/product"}],"about":[{"href":"https:\/\/mgvpublications.com\/de\/wp-json\/wp\/v2\/types\/product"}],"wp:featuredmedia":[{"embeddable":true,"href":"https:\/\/mgvpublications.com\/de\/wp-json\/wp\/v2\/media\/21801"}],"wp:attachment":[{"href":"https:\/\/mgvpublications.com\/de\/wp-json\/wp\/v2\/media?parent=21802"}],"wp:term":[{"taxonomy":"product_cat","embeddable":true,"href":"https:\/\/mgvpublications.com\/de\/wp-json\/wp\/v2\/product_cat?post=21802"},{"taxonomy":"product_tag","embeddable":true,"href":"https:\/\/mgvpublications.com\/de\/wp-json\/wp\/v2\/product_tag?post=21802"},{"taxonomy":"item","embeddable":true,"href":"https:\/\/mgvpublications.com\/de\/wp-json\/wp\/v2\/item?post=21802"}],"curies":[{"name":"wp","href":"https:\/\/api.w.org\/{rel}","templated":true}]}}