{"id":21772,"date":"2022-01-14T16:35:43","date_gmt":"2022-01-14T15:35:43","guid":{"rendered":"https:\/\/mgvpublications.com\/produkt\/felsefe-bilim-nedir\/"},"modified":"2022-03-08T22:57:18","modified_gmt":"2022-03-08T21:57:18","slug":"felsefe-bilim-nedir","status":"publish","type":"product","link":"https:\/\/mgvpublications.com\/de\/felsefe-bilim-nedir\/","title":{"rendered":"Felsefe-Bilim Nedir?"},"content":{"rendered":"<p>Yay\u0131n Tarihi: 01.10.2017<br \/>ISBN: 9789759955328<br \/>Dil: T\u00dcRK\u00c7E<br \/>Sayfa Say\u0131s\u0131: 208<br \/>Cilt Tipi: Karton Kapak<br \/>Ka\u011f\u0131t Cinsi: Kitap Ka\u011f\u0131d\u0131<br \/>Boyut: 16.5 x 23.5 cm<\/p>","protected":false},"excerpt":{"rendered":"<p>\u0130nsan, bilgisi \u00fcst\u00fcne katlanarak bilen be\u015fer demektir. Filozof, bilgi&#8217;yi ve onun zihnindeki yap\u0131ta\u015f\u0131 durumundaki kavram&#8217;\u0131 kendine konu edinen ki\u015fi olmas\u0131 bak\u0131m\u0131ndan sistemle\u015ftirilmi\u015f bilgiler b\u00fct\u00fcnl\u00fc\u011f\u00fc bi\u00e7imde \u00f6zetleyebilece\u011fimiz bilim&#8217;in bilgini&#8217;dir. Bu durumda, bilgi \u00fcreten bilim, onun \u00fcretti\u011fi bilgiler \u00fcst\u00fcnde d\u00fc\u015f\u00fcnen de felsefedir. Felsefe, bilimin \u00fcretti\u011fi bilgiler \u00fcst\u00fcnde d\u00f6n\u00fcp tasar\u0131lar olu\u015fturmasayd\u0131, bilim i\u015f g\u00f6rmez duruma d\u00fc\u015ferdi. \u0130kisinin birarada temsiletti\u011fi kudret ola\u011fan\u00fcst\u00fcd\u00fcr. Bu kitap, din ile g\u00f6r\u00fcn\u00fcrler d\u00fcnyas\u0131 aras\u0131nda kalan kesimde ak\u0131l y\u00fcr\u00fctme k\u0131lavuzlu\u011funda bilgi \u00fcretip, \u00fcretileni s\u0131nayan kurumla\u015fm\u0131\u015f felsefe-bilimin ortaya \u00e7\u0131k\u0131\u015f\u0131 ile i\u015fleyi\u015fini tarih arkaplan\u0131 \u00e7er\u00e7evesinde belirleyip a\u00e7\u0131klamaya \u00e7al\u0131\u015fmakad\u0131r.<\/p>","protected":false},"featured_media":21771,"template":"","meta":{"spay_email":""},"product_cat":[232],"product_tag":[],"item":[356],"acf":[],"_links":{"self":[{"href":"https:\/\/mgvpublications.com\/de\/wp-json\/wp\/v2\/product\/21772"}],"collection":[{"href":"https:\/\/mgvpublications.com\/de\/wp-json\/wp\/v2\/product"}],"about":[{"href":"https:\/\/mgvpublications.com\/de\/wp-json\/wp\/v2\/types\/product"}],"wp:featuredmedia":[{"embeddable":true,"href":"https:\/\/mgvpublications.com\/de\/wp-json\/wp\/v2\/media\/21771"}],"wp:attachment":[{"href":"https:\/\/mgvpublications.com\/de\/wp-json\/wp\/v2\/media?parent=21772"}],"wp:term":[{"taxonomy":"product_cat","embeddable":true,"href":"https:\/\/mgvpublications.com\/de\/wp-json\/wp\/v2\/product_cat?post=21772"},{"taxonomy":"product_tag","embeddable":true,"href":"https:\/\/mgvpublications.com\/de\/wp-json\/wp\/v2\/product_tag?post=21772"},{"taxonomy":"item","embeddable":true,"href":"https:\/\/mgvpublications.com\/de\/wp-json\/wp\/v2\/item?post=21772"}],"curies":[{"name":"wp","href":"https:\/\/api.w.org\/{rel}","templated":true}]}}