{"id":21768,"date":"2022-01-14T16:35:37","date_gmt":"2022-01-14T15:35:37","guid":{"rendered":"https:\/\/mgvpublications.com\/produkt\/son-siginak-aile\/"},"modified":"2022-05-14T12:13:17","modified_gmt":"2022-05-14T10:13:17","slug":"son-siginak-aile","status":"publish","type":"product","link":"https:\/\/mgvpublications.com\/de\/son-siginak-aile\/","title":{"rendered":"Son S\u0131\u011f\u0131nak Aile"},"content":{"rendered":"<p>Yay\u0131n Tarihi: 17.08.2021<br \/>ISBN: 9786050836066<br \/>Dil: T\u00dcRK\u00c7E<br \/>Sayfa Say\u0131s\u0131: 184<br \/>Cilt Tipi: Karton Kapak<br \/>Ka\u011f\u0131t Cinsi: Kitap Ka\u011f\u0131d\u0131<br \/>Boyut: 13.5 x 21 cm<\/p>","protected":false},"excerpt":{"rendered":"<p>A\u015fk, evlilik, e\u015f, aile, ev han\u0131ml\u0131\u011f\u0131, sevgi, akrabalar, aldatma, \u015fiddet, bo\u015fanma, annelik- babal\u0131k, mutlu bir ailenin s\u0131rlar\u0131 ve daha fazlas\u0131&#8230; Aile kurumunun y\u0131k\u0131lmaya y\u00fcz tutmas\u0131, aile bireyleri aras\u0131ndaki ba\u011flar\u0131n zay\u0131flamas\u0131 ve modern d\u00fcnyan\u0131n getirdi\u011fi sorunlar aile \u00fczerinde yeni ba\u015ftan durulmas\u0131 gerekti\u011fini g\u00f6steriyor. Prof. Dr. Nevzat Tarhan&#8217;\u0131n kaleminden Son S\u0131\u011f\u0131nak Aile, aileye ilk ad\u0131m olan evlili\u011fin biyolojik, psikolojik, sosyal ve k\u00fclt\u00fcrel temellerini irdeliyor. Ya\u015fanm\u0131\u015f \u00f6rneklerin ve \u2018evlilik niyet s\u00f6zle\u015fmesi\u2019nin deste\u011fiyle aile \u00fcyelerinin ve evlili\u011fe haz\u0131rl\u0131k s\u00fcrecinde olanlar\u0131n yollar\u0131n\u0131 ayd\u0131nlat\u0131yor. &#8220;Aileyi&#8221; b\u00fct\u00fcn y\u00f6nleriyle anlat\u0131rken aileleri, kar\u015f\u0131la\u015f\u0131lan sorunlar\u0131 ve olgular\u0131 bilimsel bir bak\u0131\u015f a\u00e7\u0131s\u0131yla ele al\u0131yor. Bu kitap, her ailenin ve aile olma yolunda ilerleyenlerin mutlaka kitapl\u0131\u011f\u0131nda bulunmas\u0131 gereken, mutlu aileler i\u00e7in rehber niteli\u011finde bir ba\u015fvuru kitab\u0131.<\/p>","protected":false},"featured_media":21767,"template":"","meta":{"spay_email":""},"product_cat":[175],"product_tag":[],"item":[360],"acf":[],"_links":{"self":[{"href":"https:\/\/mgvpublications.com\/de\/wp-json\/wp\/v2\/product\/21768"}],"collection":[{"href":"https:\/\/mgvpublications.com\/de\/wp-json\/wp\/v2\/product"}],"about":[{"href":"https:\/\/mgvpublications.com\/de\/wp-json\/wp\/v2\/types\/product"}],"wp:featuredmedia":[{"embeddable":true,"href":"https:\/\/mgvpublications.com\/de\/wp-json\/wp\/v2\/media\/21767"}],"wp:attachment":[{"href":"https:\/\/mgvpublications.com\/de\/wp-json\/wp\/v2\/media?parent=21768"}],"wp:term":[{"taxonomy":"product_cat","embeddable":true,"href":"https:\/\/mgvpublications.com\/de\/wp-json\/wp\/v2\/product_cat?post=21768"},{"taxonomy":"product_tag","embeddable":true,"href":"https:\/\/mgvpublications.com\/de\/wp-json\/wp\/v2\/product_tag?post=21768"},{"taxonomy":"item","embeddable":true,"href":"https:\/\/mgvpublications.com\/de\/wp-json\/wp\/v2\/item?post=21768"}],"curies":[{"name":"wp","href":"https:\/\/api.w.org\/{rel}","templated":true}]}}