{"id":21766,"date":"2022-01-14T16:35:32","date_gmt":"2022-01-14T15:35:32","guid":{"rendered":"https:\/\/mgvpublications.com\/produkt\/kizim-olsan-bilirdin\/"},"modified":"2022-04-08T06:21:38","modified_gmt":"2022-04-08T04:21:38","slug":"kizim-olsan-bilirdin","status":"publish","type":"product","link":"https:\/\/mgvpublications.com\/de\/kizim-olsan-bilirdin\/","title":{"rendered":"K\u0131z\u0131m Olsan Bilirdin"},"content":{"rendered":"<p>Yay\u0131n Tarihi: 21.11.2017<br \/>ISBN: 9786053260950<br \/>Dil: T\u00dcRK\u00c7E<br \/>Sayfa Say\u0131s\u0131: 144<br \/>Cilt Tipi: Karton Kapak<br \/>Ka\u011f\u0131t Cinsi: Kitap Ka\u011f\u0131d\u0131<br \/>Boyut: 13.5 x 21 cm<\/p>","protected":false},"excerpt":{"rendered":"<p>K\u0131z\u0131m Olsan Bilirdin, Cihan Akta\u015f\u2019\u0131n, aileler, da\u011f\u0131lmalar, kaybetmeler, ge\u00e7mi\u015f g\u00fczellikler, hat\u0131rlamalar, geri gelmeyecek olana yap\u0131lan h\u00fcz\u00fcnl\u00fc yolculuklar ve elbette hat\u0131rlayamamak hakk\u0131nda incelikle kurdu\u011fu \u00f6yk\u00fclerinden olu\u015fan bir kitap. \u00d6yk\u00fclerde aile b\u00fcy\u00fcklerinin Alzheimer\u2019a d\u00fc\u015fm\u00fc\u015f ak\u0131llar\u0131n\u0131n hat\u0131rlayamad\u0131klar\u0131, evlatlar\u0131n g\u00f6rmezden gelmelerinin kar\u015f\u0131s\u0131na \u00e7\u0131kan duvara d\u00f6n\u00fc\u015f\u00fcyor. Kaybolan\u0131n, yitirilenin ard\u0131ndan okura d\u00fc\u015fen a\u011f\u0131r bir h\u00fcz\u00fcn oluyor. Unutman\u0131n ya\u015famam\u0131\u015f olmak anlam\u0131 ta\u015f\u0131y\u0131p ta\u015f\u0131mayaca\u011f\u0131n\u0131 sorgulayan yazar, ak\u0131l ile kalp aras\u0131ndaki ba\u011fa dikkat \u00e7ekiyor.<\/p>","protected":false},"featured_media":23202,"template":"","meta":{"spay_email":""},"product_cat":[168],"product_tag":[],"item":[1932],"acf":[],"_links":{"self":[{"href":"https:\/\/mgvpublications.com\/de\/wp-json\/wp\/v2\/product\/21766"}],"collection":[{"href":"https:\/\/mgvpublications.com\/de\/wp-json\/wp\/v2\/product"}],"about":[{"href":"https:\/\/mgvpublications.com\/de\/wp-json\/wp\/v2\/types\/product"}],"wp:featuredmedia":[{"embeddable":true,"href":"https:\/\/mgvpublications.com\/de\/wp-json\/wp\/v2\/media\/23202"}],"wp:attachment":[{"href":"https:\/\/mgvpublications.com\/de\/wp-json\/wp\/v2\/media?parent=21766"}],"wp:term":[{"taxonomy":"product_cat","embeddable":true,"href":"https:\/\/mgvpublications.com\/de\/wp-json\/wp\/v2\/product_cat?post=21766"},{"taxonomy":"product_tag","embeddable":true,"href":"https:\/\/mgvpublications.com\/de\/wp-json\/wp\/v2\/product_tag?post=21766"},{"taxonomy":"item","embeddable":true,"href":"https:\/\/mgvpublications.com\/de\/wp-json\/wp\/v2\/item?post=21766"}],"curies":[{"name":"wp","href":"https:\/\/api.w.org\/{rel}","templated":true}]}}