{"id":21758,"date":"2022-01-14T16:35:20","date_gmt":"2022-01-14T15:35:20","guid":{"rendered":"https:\/\/mgvpublications.com\/produkt\/medine-toplumu\/"},"modified":"2022-04-08T06:20:16","modified_gmt":"2022-04-08T04:20:16","slug":"medine-toplumu","status":"publish","type":"product","link":"https:\/\/mgvpublications.com\/de\/medine-toplumu\/","title":{"rendered":"Medine Toplumu"},"content":{"rendered":"<p>\u00c7evirmen: Nureddin Y\u0131ld\u0131z<br \/>Yay\u0131n Tarihi: 02.07.2021<br \/>ISBN: 9789756223314<br \/>Dil: T\u00dcRK\u00c7E<br \/>Sayfa Say\u0131s\u0131: 392<br \/>Ka\u011f\u0131t Cinsi: Kitap Ka\u011f\u0131d\u0131<br \/>Boyut: 16.5 x 23.5 cm<\/p>","protected":false},"excerpt":{"rendered":"<p>Eserde Medine toplumunun yap\u0131s\u0131, \u00f6zellikleri, sosyal ve ekonomik hayat\u0131 incelenmekte ve ger\u00e7ekle\u015ftirilen ilk uygulamalar \u00fczerinde durulmaktad\u0131r. Bu eseri ayn\u0131 konuyu i\u015fleyen di\u011fer eserler ve siyer kitaplar\u0131ndan ay\u0131ran \u00f6zellik ise ilk defa bu eserde konular ele al\u0131n\u0131rken hadis kriti\u011fi metodunun kullan\u0131lmas\u0131d\u0131r. B\u00f6ylece \u0130slam tarihinin ilk d\u00f6nemlerine ili\u015fkin eldeki bilgiler ve rivayetler hadis\u00e7ilerin \u00f6l\u00e7\u00fctlerine g\u00f6re yeniden de\u011ferlendirilmektedir. Yazar Medine toplumunu \u00e7e\u015fitli y\u00f6nleriyle incelerken ilk d\u00f6neme ait kaynaklar\u0131 da de\u011ferlendirmekte ve \u0130sl\u00e2m tarihinin hadis\u00e7ilerin metoduna g\u00f6re yeniden yaz\u0131lmas\u0131 ve yorumlanmas\u0131na y\u00f6nelik bir model sunmaktad\u0131r.<\/p>","protected":false},"featured_media":23173,"template":"","meta":{"spay_email":""},"product_cat":[174],"product_tag":[],"item":[940],"acf":[],"_links":{"self":[{"href":"https:\/\/mgvpublications.com\/de\/wp-json\/wp\/v2\/product\/21758"}],"collection":[{"href":"https:\/\/mgvpublications.com\/de\/wp-json\/wp\/v2\/product"}],"about":[{"href":"https:\/\/mgvpublications.com\/de\/wp-json\/wp\/v2\/types\/product"}],"wp:featuredmedia":[{"embeddable":true,"href":"https:\/\/mgvpublications.com\/de\/wp-json\/wp\/v2\/media\/23173"}],"wp:attachment":[{"href":"https:\/\/mgvpublications.com\/de\/wp-json\/wp\/v2\/media?parent=21758"}],"wp:term":[{"taxonomy":"product_cat","embeddable":true,"href":"https:\/\/mgvpublications.com\/de\/wp-json\/wp\/v2\/product_cat?post=21758"},{"taxonomy":"product_tag","embeddable":true,"href":"https:\/\/mgvpublications.com\/de\/wp-json\/wp\/v2\/product_tag?post=21758"},{"taxonomy":"item","embeddable":true,"href":"https:\/\/mgvpublications.com\/de\/wp-json\/wp\/v2\/item?post=21758"}],"curies":[{"name":"wp","href":"https:\/\/api.w.org\/{rel}","templated":true}]}}