{"id":21756,"date":"2022-01-14T16:35:20","date_gmt":"2022-01-14T15:35:20","guid":{"rendered":"https:\/\/mgvpublications.com\/produkt\/matematik-nasil-sevilmez-matematigin-kac-cani-var-3\/"},"modified":"2022-03-08T22:57:15","modified_gmt":"2022-03-08T21:57:15","slug":"matematik-nasil-sevilmez-matematigin-kac-cani-var-3","status":"publish","type":"product","link":"https:\/\/mgvpublications.com\/de\/matematik-nasil-sevilmez-matematigin-kac-cani-var-3\/","title":{"rendered":"Matematik Nas\u0131l Sevilmez? \/ Matemati\u011fin Ka\u00e7 Can\u0131 Var? 3"},"content":{"rendered":"<p>Yay\u0131n Tarihi: 13.08.2021<br \/>ISBN: 9786057053879<br \/>Dil: T\u00dcRK\u00c7E<br \/>Sayfa Say\u0131s\u0131: 160<br \/>Cilt Tipi: Karton Kapak<br \/>Ka\u011f\u0131t Cinsi: Kitap Ka\u011f\u0131d\u0131<br \/>Boyut: 13.5 x 21 cm<br \/>\u00c7izer: Yavuz Girgin<br \/>Di\u011fer \u00d6zellik: 8  Ya\u015f<\/p>","protected":false},"excerpt":{"rendered":"<p>Can, bir minyat\u00fcr\u00fcn i\u00e7inden ge\u00e7erek Matematik Evreni\u2019ne ula\u015faca\u011f\u0131 bu son maceras\u0131nda \u00dcstat Pisagor\u2019un pe\u015finde! Yok olma tehdidi alt\u0131ndaki say\u0131lar\u0131 kurtarabilmek i\u00e7in \u00e7areler arayan Can, ba\u015far\u0131l\u0131 olabilecek mi? Yoksa Matematik Kemirgenlerinin, say\u0131lar\u0131n olmad\u0131\u011f\u0131 bir d\u00fcnya hayali ger\u00e7ek mi olacak? Taraf\u0131n\u0131 se\u00e7! \u00dcstelik kitab\u0131n sonuna sen karar vereceksin! Nas\u0131l m\u0131? Hemen okumaya ba\u015fla hadi!<\/p>","protected":false},"featured_media":21755,"template":"","meta":{"spay_email":""},"product_cat":[172],"product_tag":[],"item":[1085],"acf":[],"_links":{"self":[{"href":"https:\/\/mgvpublications.com\/de\/wp-json\/wp\/v2\/product\/21756"}],"collection":[{"href":"https:\/\/mgvpublications.com\/de\/wp-json\/wp\/v2\/product"}],"about":[{"href":"https:\/\/mgvpublications.com\/de\/wp-json\/wp\/v2\/types\/product"}],"wp:featuredmedia":[{"embeddable":true,"href":"https:\/\/mgvpublications.com\/de\/wp-json\/wp\/v2\/media\/21755"}],"wp:attachment":[{"href":"https:\/\/mgvpublications.com\/de\/wp-json\/wp\/v2\/media?parent=21756"}],"wp:term":[{"taxonomy":"product_cat","embeddable":true,"href":"https:\/\/mgvpublications.com\/de\/wp-json\/wp\/v2\/product_cat?post=21756"},{"taxonomy":"product_tag","embeddable":true,"href":"https:\/\/mgvpublications.com\/de\/wp-json\/wp\/v2\/product_tag?post=21756"},{"taxonomy":"item","embeddable":true,"href":"https:\/\/mgvpublications.com\/de\/wp-json\/wp\/v2\/item?post=21756"}],"curies":[{"name":"wp","href":"https:\/\/api.w.org\/{rel}","templated":true}]}}