{"id":21754,"date":"2022-01-14T16:35:15","date_gmt":"2022-01-14T15:35:15","guid":{"rendered":"https:\/\/mgvpublications.com\/produkt\/kral-sakir-10-on-numara-macera-ciltli\/"},"modified":"2022-03-08T22:57:15","modified_gmt":"2022-03-08T21:57:15","slug":"kral-sakir-10-on-numara-macera-ciltli","status":"publish","type":"product","link":"https:\/\/mgvpublications.com\/de\/kral-sakir-10-on-numara-macera-ciltli\/","title":{"rendered":"Kral \u015eakir 10 \/ On Numara Macera! (Ciltli)"},"content":{"rendered":"<p>Yay\u0131n Tarihi: 25.11.2021<br \/>ISBN: 9786257371780<br \/>Dil: T\u00dcRK\u00c7E<br \/>Sayfa Say\u0131s\u0131: 208<br \/>Cilt Tipi: Ciltli<br \/>Ka\u011f\u0131t Cinsi: Kitap Ka\u011f\u0131d\u0131<br \/>Boyut: 13.5 x 21.5 cm<\/p>","protected":false},"excerpt":{"rendered":"<p>Merhaba arkada\u015flar ben \u015eakir! Ola\u011fan\u00fcst\u00fc olaylar\u0131n eksik olmad\u0131\u011f\u0131 mahallemizde yepyeni hik\u00e2yelere haz\u0131r m\u0131s\u0131n\u0131z? On numara maceralarla yine kar\u015f\u0131n\u0131zday\u0131z. Ya\u011fmurlu bir gecede mahallemize misafir olan salyangozlarla bakal\u0131m neler ya\u015fayaca\u011f\u0131z. Normal ba\u015flayan bir okul gezisi, i\u00e7inde biz olunca yine heyecan dolu bir ser\u00fcvene d\u00f6n\u00fc\u015f\u00fcyor. Otob\u00fcsle yap\u0131lan \u00c7in seyahati, kaybolan vanay\u0131 ararken ba\u015f\u0131m\u0131za gelen olaylar ve daha neler neler\u2026 Haz\u0131rsan\u0131z ba\u015flayal\u0131m!<\/p>","protected":false},"featured_media":21753,"template":"","meta":{"spay_email":""},"product_cat":[172],"product_tag":[],"item":[1268],"acf":[],"_links":{"self":[{"href":"https:\/\/mgvpublications.com\/de\/wp-json\/wp\/v2\/product\/21754"}],"collection":[{"href":"https:\/\/mgvpublications.com\/de\/wp-json\/wp\/v2\/product"}],"about":[{"href":"https:\/\/mgvpublications.com\/de\/wp-json\/wp\/v2\/types\/product"}],"wp:featuredmedia":[{"embeddable":true,"href":"https:\/\/mgvpublications.com\/de\/wp-json\/wp\/v2\/media\/21753"}],"wp:attachment":[{"href":"https:\/\/mgvpublications.com\/de\/wp-json\/wp\/v2\/media?parent=21754"}],"wp:term":[{"taxonomy":"product_cat","embeddable":true,"href":"https:\/\/mgvpublications.com\/de\/wp-json\/wp\/v2\/product_cat?post=21754"},{"taxonomy":"product_tag","embeddable":true,"href":"https:\/\/mgvpublications.com\/de\/wp-json\/wp\/v2\/product_tag?post=21754"},{"taxonomy":"item","embeddable":true,"href":"https:\/\/mgvpublications.com\/de\/wp-json\/wp\/v2\/item?post=21754"}],"curies":[{"name":"wp","href":"https:\/\/api.w.org\/{rel}","templated":true}]}}