{"id":21746,"date":"2022-01-14T16:35:03","date_gmt":"2022-01-14T15:35:03","guid":{"rendered":"https:\/\/mgvpublications.com\/produkt\/yeni-dunyanin-cesur-insani\/"},"modified":"2022-03-08T22:57:14","modified_gmt":"2022-03-08T21:57:14","slug":"yeni-dunyanin-cesur-insani","status":"publish","type":"product","link":"https:\/\/mgvpublications.com\/de\/yeni-dunyanin-cesur-insani\/","title":{"rendered":"Yeni D\u00fcnyan\u0131n Cesur \u0130nsan\u0131"},"content":{"rendered":"<p>Yay\u0131n Tarihi: 19.11.2021<br \/>ISBN: 9786059218955<br \/>Dil: T\u00dcRK\u00c7E<br \/>Sayfa Say\u0131s\u0131: 176<br \/>Cilt Tipi: Karton Kapak<br \/>Ka\u011f\u0131t Cinsi: Kitap Ka\u011f\u0131d\u0131<br \/>Boyut: 14.5 x 23 cm<\/p>","protected":false},"excerpt":{"rendered":"<p>Merhaba Yeni D\u00fcnyan\u0131n Cesur \u0130nsan\u0131! Bu kitap senin i\u00e7in yaz\u0131ld\u0131. Burada t\u00fcm deneyimim, bilgim ve samimiyetimle, sana insan olarak hep unuttu\u011fumuz ama her zamankinden daha \u00e7ok hat\u0131rlamam\u0131z gereken temel konulardan bahsedece\u011fim. Art\u0131k yeni bir d\u00fcnya, yeni dertler ve yeni imk\u00e2nlar var. Bu yeni d\u00fcnyada nas\u0131l var olaca\u011f\u0131m\u0131z\u0131 yine bizler belirleyece\u011fiz. Yepyeni dertlerin \u00e7\u00f6z\u00fcmleri, yepyeni ve cesur bak\u0131\u015f a\u00e7\u0131lar\u0131 istiyor. Bunun i\u00e7in ezberleri ve al\u0131\u015fkanl\u0131klar\u0131 bir kenara b\u0131rak\u0131p, her \u015feyi yeniden sorgulay\u0131p, yeni fark\u0131ndal\u0131klar geli\u015ftirecek cesur insanlar gerek. \u0130\u015fte sen, Yeni D\u00fcnyan\u0131n Cesur \u0130nsan\u0131; kendini ve bizi \u201cbu dertlerden\u201d nas\u0131l kurtaracaks\u0131n, bunun pe\u015findeyim. Bu kitap, hayat\u0131nda yeni ve kritik kararlar verece\u011fin zamanlarda sana destek olmak, unutmu\u015f olabileceklerini hat\u0131rlatmak amac\u0131yla kaleme al\u0131nd\u0131. Umar\u0131m katk\u0131s\u0131 olur&#8230;<\/p>","protected":false},"featured_media":21745,"template":"","meta":{"spay_email":""},"product_cat":[1588],"product_tag":[],"item":[900],"acf":[],"_links":{"self":[{"href":"https:\/\/mgvpublications.com\/de\/wp-json\/wp\/v2\/product\/21746"}],"collection":[{"href":"https:\/\/mgvpublications.com\/de\/wp-json\/wp\/v2\/product"}],"about":[{"href":"https:\/\/mgvpublications.com\/de\/wp-json\/wp\/v2\/types\/product"}],"wp:featuredmedia":[{"embeddable":true,"href":"https:\/\/mgvpublications.com\/de\/wp-json\/wp\/v2\/media\/21745"}],"wp:attachment":[{"href":"https:\/\/mgvpublications.com\/de\/wp-json\/wp\/v2\/media?parent=21746"}],"wp:term":[{"taxonomy":"product_cat","embeddable":true,"href":"https:\/\/mgvpublications.com\/de\/wp-json\/wp\/v2\/product_cat?post=21746"},{"taxonomy":"product_tag","embeddable":true,"href":"https:\/\/mgvpublications.com\/de\/wp-json\/wp\/v2\/product_tag?post=21746"},{"taxonomy":"item","embeddable":true,"href":"https:\/\/mgvpublications.com\/de\/wp-json\/wp\/v2\/item?post=21746"}],"curies":[{"name":"wp","href":"https:\/\/api.w.org\/{rel}","templated":true}]}}