{"id":21740,"date":"2022-01-14T16:34:56","date_gmt":"2022-01-14T15:34:56","guid":{"rendered":"https:\/\/mgvpublications.com\/produkt\/camide-dans-var\/"},"modified":"2022-03-08T22:57:10","modified_gmt":"2022-03-08T21:57:10","slug":"camide-dans-var","status":"publish","type":"product","link":"https:\/\/mgvpublications.com\/de\/camide-dans-var\/","title":{"rendered":"Camide Dans Var"},"content":{"rendered":"<p>Yay\u0131n Tarihi: 06.11.2019<br \/>ISBN: 9786053261292<br \/>Dil: T\u00dcRK\u00c7E<br \/>Sayfa Say\u0131s\u0131: 207<br \/>Cilt Tipi: Karton Kapak<br \/>Ka\u011f\u0131t Cinsi: Kitap Ka\u011f\u0131d\u0131<br \/>Boyut: 13.5 x 21 cm<\/p>","protected":false},"excerpt":{"rendered":"<p>Ak\u0131l almaz bir karma\u015fan\u0131n ortas\u0131nda ya\u015f\u0131yoruz. Yalanla do\u011frunun, yanl\u0131\u015fla ger\u00e7e\u011fin ayr\u0131\u015ft\u0131\u011f\u0131 d\u00f6nemler \u00e7ok gerilerde kald\u0131. Siyah ve beyaz net tablolar yok art\u0131k. Yerini, grinin her tonunu bar\u0131nd\u0131ran flu ve sisli manzaralar ald\u0131. Buras\u0131 neresi, biz kimiz, onlar ne, ne yap\u0131yoruz, neden yap\u0131yoruz, nereden geldik, niye geldik, nereye ve niye gidiyoruz&#8230; art\u0131k kolayca bilinemiyor. Daha \u00f6nce \u201cMedeniyetin Arka Sokaklar\u0131\u201d ad\u0131yla ne\u015fredilmi\u015f olan bu kitap, bu vak\u0131adan yola \u00e7\u0131k\u0131yor. \u00c7o\u011fu kez biz fark\u0131na bile varmadan d\u00fcnyam\u0131za giren d\u00fcnyevilikleri sars\u0131c\u0131 ama s\u0131cak, keskin ama \u015fefkatli bir \u00fcslupla irdeliyor. Ve \u201ciman\u201d ekseninde yo\u011funla\u015fan \u00e7\u00f6z\u00fcmmelerle bizi en ba\u015fta, kalb \u201ccami\u201dlerimizi nefsin \u201cdans\u201dlar\u0131ndan korumaya davet ediyor&#8230;<\/p>","protected":false},"featured_media":21739,"template":"","meta":{"spay_email":""},"product_cat":[174],"product_tag":[],"item":[1932],"acf":[],"_links":{"self":[{"href":"https:\/\/mgvpublications.com\/de\/wp-json\/wp\/v2\/product\/21740"}],"collection":[{"href":"https:\/\/mgvpublications.com\/de\/wp-json\/wp\/v2\/product"}],"about":[{"href":"https:\/\/mgvpublications.com\/de\/wp-json\/wp\/v2\/types\/product"}],"wp:featuredmedia":[{"embeddable":true,"href":"https:\/\/mgvpublications.com\/de\/wp-json\/wp\/v2\/media\/21739"}],"wp:attachment":[{"href":"https:\/\/mgvpublications.com\/de\/wp-json\/wp\/v2\/media?parent=21740"}],"wp:term":[{"taxonomy":"product_cat","embeddable":true,"href":"https:\/\/mgvpublications.com\/de\/wp-json\/wp\/v2\/product_cat?post=21740"},{"taxonomy":"product_tag","embeddable":true,"href":"https:\/\/mgvpublications.com\/de\/wp-json\/wp\/v2\/product_tag?post=21740"},{"taxonomy":"item","embeddable":true,"href":"https:\/\/mgvpublications.com\/de\/wp-json\/wp\/v2\/item?post=21740"}],"curies":[{"name":"wp","href":"https:\/\/api.w.org\/{rel}","templated":true}]}}