{"id":21736,"date":"2022-01-14T16:34:50","date_gmt":"2022-01-14T15:34:50","guid":{"rendered":"https:\/\/mgvpublications.com\/produkt\/kertenkele-cukuru-milliyetcilik-dunyevilesme-kemalizm\/"},"modified":"2022-03-08T22:57:09","modified_gmt":"2022-03-08T21:57:09","slug":"kertenkele-cukuru-milliyetcilik-dunyevilesme-kemalizm","status":"publish","type":"product","link":"https:\/\/mgvpublications.com\/de\/kertenkele-cukuru-milliyetcilik-dunyevilesme-kemalizm\/","title":{"rendered":"Kertenkele \u00c7ukuru Milliyet\u00e7ilik-D\u00fcnyevile\u015fme-Kemalizm"},"content":{"rendered":"<p>Yay\u0131n Tarihi: 18.04.2017<br \/>ISBN: 9786053261551<br \/>Dil: T\u00dcRK\u00c7E<br \/>Sayfa Say\u0131s\u0131: 160<br \/>Cilt Tipi: Karton Kapak<br \/>Ka\u011f\u0131t Cinsi: Kitap Ka\u011f\u0131d\u0131<br \/>Boyut: 13.5 x 21 cm<\/p>","protected":false},"excerpt":{"rendered":"<p>Kertenkele \u00c7ukuru, ad\u0131n\u0131 bir hadisten al\u0131yor. \u00dcmmetini yanl\u0131\u015fa sapma konusunda ikaz eden Hz. Peygamber, bu hadisinde \u201c&#8230;\u00f6yle ki, onlar bir zehirli kertenkele \u00e7ukuruna girseler, siz yine onlar\u0131n pe\u015finden gideceksiniz.\u201d diyor. Peki M\u00fcsl\u00fcmanlar\u0131n, Hz. Peygamberin ikaz etti\u011fi duruma d\u00fc\u015fmemek i\u00e7in ne yapmas\u0131 icap ediyor? Metin Karaba\u015fo\u011flu\u2019nun yaz\u0131 ser\u00fcveninin ilk kitaplar\u0131ndan olan Kertenkele \u00c7ukuru i\u015fte bu sorunun cevab\u0131n\u0131 ara\u015ft\u0131r\u0131yor ve bu esnada kar\u015f\u0131s\u0131na \u00fc\u00e7 \u00f6nemli imtihan konusu \u00e7\u0131k\u0131yor: Milliyet\u00e7ilik, D\u00fcnyev\u00eele\u015fme ve Kemalizm&#8230;<\/p>","protected":false},"featured_media":21735,"template":"","meta":{"spay_email":""},"product_cat":[174],"product_tag":[],"item":[1932],"acf":[],"_links":{"self":[{"href":"https:\/\/mgvpublications.com\/de\/wp-json\/wp\/v2\/product\/21736"}],"collection":[{"href":"https:\/\/mgvpublications.com\/de\/wp-json\/wp\/v2\/product"}],"about":[{"href":"https:\/\/mgvpublications.com\/de\/wp-json\/wp\/v2\/types\/product"}],"wp:featuredmedia":[{"embeddable":true,"href":"https:\/\/mgvpublications.com\/de\/wp-json\/wp\/v2\/media\/21735"}],"wp:attachment":[{"href":"https:\/\/mgvpublications.com\/de\/wp-json\/wp\/v2\/media?parent=21736"}],"wp:term":[{"taxonomy":"product_cat","embeddable":true,"href":"https:\/\/mgvpublications.com\/de\/wp-json\/wp\/v2\/product_cat?post=21736"},{"taxonomy":"product_tag","embeddable":true,"href":"https:\/\/mgvpublications.com\/de\/wp-json\/wp\/v2\/product_tag?post=21736"},{"taxonomy":"item","embeddable":true,"href":"https:\/\/mgvpublications.com\/de\/wp-json\/wp\/v2\/item?post=21736"}],"curies":[{"name":"wp","href":"https:\/\/api.w.org\/{rel}","templated":true}]}}