{"id":21734,"date":"2022-01-14T16:34:45","date_gmt":"2022-01-14T15:34:45","guid":{"rendered":"https:\/\/mgvpublications.com\/produkt\/hakikatin-dengesi-hadis-okumalari-2\/"},"modified":"2022-03-08T22:57:09","modified_gmt":"2022-03-08T21:57:09","slug":"hakikatin-dengesi-hadis-okumalari-2","status":"publish","type":"product","link":"https:\/\/mgvpublications.com\/de\/hakikatin-dengesi-hadis-okumalari-2\/","title":{"rendered":"Hakikatin Dengesi Hadis Okumalar\u0131 -2"},"content":{"rendered":"<p>Yay\u0131n Tarihi: 06.04.2017<br \/>ISBN: 9786053260141<br \/>Dil: T\u00dcRK\u00c7E<br \/>Sayfa Say\u0131s\u0131: 224<br \/>Cilt Tipi: Karton Kapak<br \/>Ka\u011f\u0131t Cinsi: Kitap Ka\u011f\u0131d\u0131<br \/>Boyut: 13.5 x 21 cm<\/p>","protected":false},"excerpt":{"rendered":"<p>G\u00fcne\u015fin bir olmakla birlikte bir\u00e7ok rengi ve her renginin de farkl\u0131 tonlar\u0131 oldu\u011fu gibi, Hakikat birdir ama \u00e7ok renkli ve \u00e7ok boyutludur. O y\u00fczden, hakikatten haberdar olmam\u0131z yetmez insan\u0131n; hakikatin renkleri ve tonlar\u0131 aras\u0131nda k\u0131vam\u0131 ve dengeyi bulmam\u0131z da gerekir. Hakikatin Dengesi, i\u015fte bu ger\u00e7ekten hareket ediyor; ve hadislerin \u0131\u015f\u0131\u011f\u0131nda, o k\u0131vam\u0131n ve dengenin adresi olarak Res\u00fblullah aleyhissal\u00e2tu vesselam\u0131n hayat\u0131n\u0131 ve s\u00fcnnetini g\u00f6steriyor. M\u00fcnkir, hakikatsizlikten bunal\u0131r; m\u00fc\u2019min ise hakikatin dengesini bulamamaktan. Bu sebeple yalpalayan hayatlar\u0131m\u0131z ve bunalan ruhlar\u0131m\u0131z i\u00e7in, Res\u00fbl-i Ekrem aleyhissal\u00e2tu vesselam\u0131n s\u00fcnnetinden dev\u015firdi\u011fi meyveler ve \u00e7arelerle, Hakikatin Dengesi\u2019nin s\u00f6yledi\u011fi \u00e7ok \u015fey var.<\/p>","protected":false},"featured_media":21733,"template":"","meta":{"spay_email":""},"product_cat":[174],"product_tag":[],"item":[1932],"acf":[],"_links":{"self":[{"href":"https:\/\/mgvpublications.com\/de\/wp-json\/wp\/v2\/product\/21734"}],"collection":[{"href":"https:\/\/mgvpublications.com\/de\/wp-json\/wp\/v2\/product"}],"about":[{"href":"https:\/\/mgvpublications.com\/de\/wp-json\/wp\/v2\/types\/product"}],"wp:featuredmedia":[{"embeddable":true,"href":"https:\/\/mgvpublications.com\/de\/wp-json\/wp\/v2\/media\/21733"}],"wp:attachment":[{"href":"https:\/\/mgvpublications.com\/de\/wp-json\/wp\/v2\/media?parent=21734"}],"wp:term":[{"taxonomy":"product_cat","embeddable":true,"href":"https:\/\/mgvpublications.com\/de\/wp-json\/wp\/v2\/product_cat?post=21734"},{"taxonomy":"product_tag","embeddable":true,"href":"https:\/\/mgvpublications.com\/de\/wp-json\/wp\/v2\/product_tag?post=21734"},{"taxonomy":"item","embeddable":true,"href":"https:\/\/mgvpublications.com\/de\/wp-json\/wp\/v2\/item?post=21734"}],"curies":[{"name":"wp","href":"https:\/\/api.w.org\/{rel}","templated":true}]}}