{"id":21708,"date":"2022-01-14T16:34:11","date_gmt":"2022-01-14T15:34:11","guid":{"rendered":"https:\/\/mgvpublications.com\/produkt\/50-ekonomistle-ekonominin-kisa-tarihi\/"},"modified":"2022-03-08T22:57:07","modified_gmt":"2022-03-08T21:57:07","slug":"50-ekonomistle-ekonominin-kisa-tarihi","status":"publish","type":"product","link":"https:\/\/mgvpublications.com\/de\/50-ekonomistle-ekonominin-kisa-tarihi\/","title":{"rendered":"50 Ekonomistle Ekonominin K\u0131sa Tarihi"},"content":{"rendered":"<p>\u00c7evirmen: S. Emre Bekman<br \/>Kapak: Mehmet \u00c7ekil<br \/>Yay\u0131n Tarihi: 21.09.2021<br \/>ISBN: 9786057031761<br \/>Dil: T\u00dcRK\u00c7E<br \/>Sayfa Say\u0131s\u0131: 128<br \/>Cilt Tipi: Karton Kapak<br \/>Ka\u011f\u0131t Cinsi: Kitap Ka\u011f\u0131d\u0131<\/p>","protected":false},"excerpt":{"rendered":"<p>Sermaye, ya\u015famak i\u00e7in vampir gibi i\u015f g\u00fcc\u00fcn\u00fcn kan\u0131n\u0131 emen \u00f6l\u00fc i\u015f g\u00fcc\u00fcd\u00fcr ve ne kadar \u00e7ok ya\u015farsa o kadar \u00e7ok i\u015f g\u00fcc\u00fc kan\u0131 emer. Karl Marx 50 Ekonomistle Ekonominin K\u0131sa Tarihi fikirleriyle insanl\u0131\u011f\u0131 k\u00f6kten de\u011fi\u015fime u\u011fratm\u0131\u015f olan Locke, Marshall, Marx ve Keynes gibi d\u00fc\u015f\u00fcn\u00fcrler \u00fczerinden en \u00f6nemli iktisadi hareketleri anlat\u0131yor.<\/p>","protected":false},"featured_media":21707,"template":"","meta":{"spay_email":""},"product_cat":[170],"product_tag":[],"item":[1133],"acf":[],"_links":{"self":[{"href":"https:\/\/mgvpublications.com\/de\/wp-json\/wp\/v2\/product\/21708"}],"collection":[{"href":"https:\/\/mgvpublications.com\/de\/wp-json\/wp\/v2\/product"}],"about":[{"href":"https:\/\/mgvpublications.com\/de\/wp-json\/wp\/v2\/types\/product"}],"wp:featuredmedia":[{"embeddable":true,"href":"https:\/\/mgvpublications.com\/de\/wp-json\/wp\/v2\/media\/21707"}],"wp:attachment":[{"href":"https:\/\/mgvpublications.com\/de\/wp-json\/wp\/v2\/media?parent=21708"}],"wp:term":[{"taxonomy":"product_cat","embeddable":true,"href":"https:\/\/mgvpublications.com\/de\/wp-json\/wp\/v2\/product_cat?post=21708"},{"taxonomy":"product_tag","embeddable":true,"href":"https:\/\/mgvpublications.com\/de\/wp-json\/wp\/v2\/product_tag?post=21708"},{"taxonomy":"item","embeddable":true,"href":"https:\/\/mgvpublications.com\/de\/wp-json\/wp\/v2\/item?post=21708"}],"curies":[{"name":"wp","href":"https:\/\/api.w.org\/{rel}","templated":true}]}}