{"id":21700,"date":"2022-01-14T16:34:00","date_gmt":"2022-01-14T15:34:00","guid":{"rendered":"https:\/\/mgvpublications.com\/produkt\/seri-siyaset-es-siyasetus-seriyye-fi-isharir-rai-ver-raiyye\/"},"modified":"2026-02-03T20:43:17","modified_gmt":"2026-02-03T19:43:17","slug":"seri-siyaset-es-siyasetus-seriyye-fi-isharir-rai-ver-raiyye","status":"publish","type":"product","link":"https:\/\/mgvpublications.com\/de\/seri-siyaset-es-siyasetus-seriyye-fi-isharir-rai-ver-raiyye\/","title":{"rendered":"\u015eer\u2019i Siyaset Es-Siyaset\u00fc\u2019\u015f-\u015eer\u2019iyye fi \u0131shari\u2019r-ra\u00ee ve\u2019r-ra\u2019iyye"},"content":{"rendered":"<p>\u00c7evirmen: Soner Duman<br \/>Yay\u0131n Tarihi: 09.10.2021<br \/>ISBN: 9786050842418<br \/>Dil: T\u00dcRK\u00c7E<br \/>Sayfa Say\u0131s\u0131: 216<br \/>Cilt Tipi: Karton Kapak<br \/>Ka\u011f\u0131t Cinsi: Kitap Ka\u011f\u0131d\u0131<br \/>Boyut: 16.5 x 24 cm<\/p>","protected":false},"excerpt":{"rendered":"<p>13. y\u00fczy\u0131l\u0131n ikinci yar\u0131s\u0131 ile 14. y\u00fczy\u0131l\u0131n ilk yar\u0131s\u0131nda ya\u015fayan \u0130bn Teymiyye, kaleme ald\u0131\u011f\u0131 eserlerle \u0130slam d\u00fc\u015f\u00fcnce tarihini b\u00fcy\u00fck \u00f6l\u00e7\u00fcde etkilemi\u015f isimlerden biridir. \u0130bn Teymiyye\u2019nin es-Siy\u00e2set\u00fc\u2019\u015f-\u015eer\u2019iyye f\u00ee Isl\u00e2hi\u2019r-R\u00e2\u00ee ve\u2019r-Raiyye isimli bu en k\u0131ymetli eseri, Y\u00f6neticinin ve Y\u00f6netilenin \u0130yiye Y\u00f6nlendirilmesine Dair \u015eer\u2019\u00ee Siyaset ba\u015fl\u0131\u011f\u0131yla okuyuculara sunulmaktad\u0131r. Bu \u00e7al\u0131\u015fma, \u0130slam siyaset d\u00fc\u015f\u00fcncesi alan\u0131nda kaleme al\u0131nan eserler aras\u0131nda en \u00f6nemlilerinden biridir. Eseri ayr\u0131cal\u0131kl\u0131 k\u0131lan hususlardan birisi yazar\u0131n kendi d\u00f6neminde rastlad\u0131\u011f\u0131 y\u00f6netimler, gruplar, farkl\u0131 devlet g\u00f6revlerini \u00fcstlenmi\u015f memurlara dair yapt\u0131\u011f\u0131 tespit, tasnif ve taksimlerdir. \u00d6zellikle din-siyaset ili\u015fkisi, siyas\u00eelerin olumlu ve olumsuz davran\u0131\u015f tarzlar\u0131, kamu g\u00f6revi \u00fcstlenenlerin ahlak\u00ee vas\u0131flar\u0131 konusunda yazar\u0131n orijinal tespit ve de\u011ferlendirmeleri bulunmaktad\u0131r. Eserinde ideal siyasetten bahseden \u0130bn Teymiyye, yeri geldik\u00e7e kendi d\u00f6neminde rastlad\u0131\u011f\u0131 olumsuzluklara temas etmekte, bunlardan hareketle \u201cimk\u00e2n \u00f6l\u00e7\u00fcs\u00fcnde sorumluluk\u201d konusuna vurgu yaparak reel siyasete bu ba\u011flamda temas etmektedir. \u0130slam siyaset d\u00fc\u015f\u00fcncesinin \u00f6nde gelen isimleri aras\u0131nda bulunan \u0130bn Teymiyye\u2019nin bu eseri, bir b\u00fct\u00fcn h\u00e2linde bak\u0131ld\u0131\u011f\u0131nda bu alanda farkl\u0131 bir perspektiften nasslar\u0131n ve tarih\u00ee uygulaman\u0131n nas\u0131l g\u00f6r\u00fcld\u00fc\u011f\u00fcn\u00fc tespit konusunda de\u011ferli bir birikim sunmaktad\u0131r. Bu y\u00f6n\u00fcyle, eser, konuya ili\u015fkin ara\u015ft\u0131rma yapanlar i\u00e7in \u00f6nemli metinlerin ba\u015f\u0131nda gelmektedir.<\/p>","protected":false},"featured_media":22495,"template":"","meta":{"spay_email":""},"product_cat":[174],"product_tag":[],"item":[360],"acf":[],"_links":{"self":[{"href":"https:\/\/mgvpublications.com\/de\/wp-json\/wp\/v2\/product\/21700"}],"collection":[{"href":"https:\/\/mgvpublications.com\/de\/wp-json\/wp\/v2\/product"}],"about":[{"href":"https:\/\/mgvpublications.com\/de\/wp-json\/wp\/v2\/types\/product"}],"wp:featuredmedia":[{"embeddable":true,"href":"https:\/\/mgvpublications.com\/de\/wp-json\/wp\/v2\/media\/22495"}],"wp:attachment":[{"href":"https:\/\/mgvpublications.com\/de\/wp-json\/wp\/v2\/media?parent=21700"}],"wp:term":[{"taxonomy":"product_cat","embeddable":true,"href":"https:\/\/mgvpublications.com\/de\/wp-json\/wp\/v2\/product_cat?post=21700"},{"taxonomy":"product_tag","embeddable":true,"href":"https:\/\/mgvpublications.com\/de\/wp-json\/wp\/v2\/product_tag?post=21700"},{"taxonomy":"item","embeddable":true,"href":"https:\/\/mgvpublications.com\/de\/wp-json\/wp\/v2\/item?post=21700"}],"curies":[{"name":"wp","href":"https:\/\/api.w.org\/{rel}","templated":true}]}}