{"id":21698,"date":"2022-01-14T16:33:55","date_gmt":"2022-01-14T15:33:55","guid":{"rendered":"https:\/\/mgvpublications.com\/produkt\/40-pratik-sunnet\/"},"modified":"2022-04-26T15:14:48","modified_gmt":"2022-04-26T13:14:48","slug":"40-pratik-sunnet","status":"publish","type":"product","link":"https:\/\/mgvpublications.com\/de\/40-pratik-sunnet\/","title":{"rendered":"40 Pratik S\u00fcnnet"},"content":{"rendered":"<p>\u00c7evirmen: \u0130brahim Eski<br \/>Yay\u0131n Tarihi: 09.11.2021<br \/>ISBN: 9786057047151<br \/>Dil: T\u00dcRK\u00c7E<br \/>Sayfa Say\u0131s\u0131: 112<br \/>Cilt Tipi: Karton Kapak<br \/>Ka\u011f\u0131t Cinsi: Kitap Ka\u011f\u0131d\u0131<br \/>Boyut: 13.5 x 21 cm<\/p>","protected":false},"excerpt":{"rendered":"<p>Vahyin indi\u011fi devirde Hz. Peygamber&#8217;in neler yapt\u0131\u011f\u0131n\u0131, davran\u0131\u015flar\u0131n\u0131, tepkilerini \u00f6\u011frenip bilebiliriz. Peki, yan\u0131 ba\u015f\u0131nda y\u00fcr\u00fcyecek kadar hayat\u0131n\u0131n tan\u0131\u011f\u0131 olabilseydik? G\u00fcn\u00fcm\u00fcz\u00fcn gen\u00e7 davet\u00e7ilerinden Ali Hammuda, Allah Res\u00fbl\u00fc&#8217;n\u00fcn ya\u015fay\u0131\u015f\u0131na daha iyi bir insan olma aray\u0131\u015f\u0131yla mercek tutuyor ve o \u00f6rnek ya\u015fam\u0131n detaylar\u0131ndan, \u00e7o\u011funlukla unutulmu\u015f baz\u0131 s\u00fcnnetleri keyii bir okuma deneyimiyle \u00f6n\u00fcm\u00fcze getiriyor. G\u00f6\u011fe bakman\u0131n, iyimser olabilmenin, geceleri y\u00fcr\u00fcmenin ve g\u00fcnl\u00fck hayattaki bir\u00e7ok s\u00fcnnetin daha iyi ve kaliteli ya\u015fayabilmek i\u00e7in nas\u0131l de\u011ferlendirilebilece\u011fini anlat\u0131yor.<\/p>","protected":false},"featured_media":21697,"template":"","meta":{"spay_email":""},"product_cat":[174],"product_tag":[],"item":[1751],"acf":[],"_links":{"self":[{"href":"https:\/\/mgvpublications.com\/de\/wp-json\/wp\/v2\/product\/21698"}],"collection":[{"href":"https:\/\/mgvpublications.com\/de\/wp-json\/wp\/v2\/product"}],"about":[{"href":"https:\/\/mgvpublications.com\/de\/wp-json\/wp\/v2\/types\/product"}],"wp:featuredmedia":[{"embeddable":true,"href":"https:\/\/mgvpublications.com\/de\/wp-json\/wp\/v2\/media\/21697"}],"wp:attachment":[{"href":"https:\/\/mgvpublications.com\/de\/wp-json\/wp\/v2\/media?parent=21698"}],"wp:term":[{"taxonomy":"product_cat","embeddable":true,"href":"https:\/\/mgvpublications.com\/de\/wp-json\/wp\/v2\/product_cat?post=21698"},{"taxonomy":"product_tag","embeddable":true,"href":"https:\/\/mgvpublications.com\/de\/wp-json\/wp\/v2\/product_tag?post=21698"},{"taxonomy":"item","embeddable":true,"href":"https:\/\/mgvpublications.com\/de\/wp-json\/wp\/v2\/item?post=21698"}],"curies":[{"name":"wp","href":"https:\/\/api.w.org\/{rel}","templated":true}]}}