{"id":21692,"date":"2022-01-14T16:33:45","date_gmt":"2022-01-14T15:33:45","guid":{"rendered":"https:\/\/mgvpublications.com\/produkt\/elestirel-dusunce\/"},"modified":"2022-03-08T22:57:06","modified_gmt":"2022-03-08T21:57:06","slug":"elestirel-dusunce","status":"publish","type":"product","link":"https:\/\/mgvpublications.com\/de\/elestirel-dusunce\/","title":{"rendered":"Ele\u015ftirel D\u00fc\u015f\u00fcnce"},"content":{"rendered":"<p>\u00c7evirmen: Mehmet Ali K\u0131l\u0131n\u00e7<br \/>Yay\u0131n Tarihi: 24.09.2021<br \/>ISBN: 9786050650075<br \/>Dil: T\u00dcRK\u00c7E<br \/>Sayfa Say\u0131s\u0131: 60<br \/>Cilt Tipi: Karton Kapak<br \/>Ka\u011f\u0131t Cinsi: Kitap Ka\u011f\u0131d\u0131<br \/>Boyut: 13.5 x 21 cm<\/p>","protected":false},"excerpt":{"rendered":"<p>Son devrin tan\u0131nm\u0131\u015f davet\u00e7ilerinden Ahmed es-Seyyid, \u00e7a\u011f\u0131m\u0131z\u0131n \u015fa\u015fk\u0131nl\u0131klarla \u00e7evrili zihin oyunlar\u0131 kar\u015f\u0131s\u0131nda gen\u00e7lerin yolunu kaybetmemesi i\u00e7in ele\u015ftirel ve sistemli d\u00fc\u015f\u00fcnmenin haritas\u0131n\u0131 \u00e7\u0131kar\u0131yor. \u0130lm\u00ee \u00e7al\u0131\u015fmalar\u0131n yan\u0131 s\u0131ra m\u00fcnazara, tart\u0131\u015fma ve diyalog konular\u0131nda da metotlu d\u00fc\u015f\u00fcnmeyi savunan yazar, fikirlerin \u00e7eli\u015fki a\u011f\u0131na yakalanmamalar\u0131 i\u00e7in ele\u015ftiri zemininde korunabilece\u011fini ifade ediyor. Ele\u015ftirel d\u00fc\u015f\u00fcnme i\u00e7in bir giri\u015f say\u0131labilecek eser prati\u011fe uyarlanabilir ve kolay anla\u015f\u0131l\u0131r \u00fcsl\u00fbbuyla \u00f6ne \u00e7\u0131k\u0131yor.<\/p>","protected":false},"featured_media":21691,"template":"","meta":{"spay_email":""},"product_cat":[174],"product_tag":[],"item":[1751],"acf":[],"_links":{"self":[{"href":"https:\/\/mgvpublications.com\/de\/wp-json\/wp\/v2\/product\/21692"}],"collection":[{"href":"https:\/\/mgvpublications.com\/de\/wp-json\/wp\/v2\/product"}],"about":[{"href":"https:\/\/mgvpublications.com\/de\/wp-json\/wp\/v2\/types\/product"}],"wp:featuredmedia":[{"embeddable":true,"href":"https:\/\/mgvpublications.com\/de\/wp-json\/wp\/v2\/media\/21691"}],"wp:attachment":[{"href":"https:\/\/mgvpublications.com\/de\/wp-json\/wp\/v2\/media?parent=21692"}],"wp:term":[{"taxonomy":"product_cat","embeddable":true,"href":"https:\/\/mgvpublications.com\/de\/wp-json\/wp\/v2\/product_cat?post=21692"},{"taxonomy":"product_tag","embeddable":true,"href":"https:\/\/mgvpublications.com\/de\/wp-json\/wp\/v2\/product_tag?post=21692"},{"taxonomy":"item","embeddable":true,"href":"https:\/\/mgvpublications.com\/de\/wp-json\/wp\/v2\/item?post=21692"}],"curies":[{"name":"wp","href":"https:\/\/api.w.org\/{rel}","templated":true}]}}