{"id":21686,"date":"2022-01-14T16:33:35","date_gmt":"2022-01-14T15:33:35","guid":{"rendered":"https:\/\/mgvpublications.com\/produkt\/masal-masal-icinde\/"},"modified":"2022-03-08T22:57:04","modified_gmt":"2022-03-08T21:57:04","slug":"masal-masal-icinde","status":"publish","type":"product","link":"https:\/\/mgvpublications.com\/de\/masal-masal-icinde\/","title":{"rendered":"Masal Masal \u0130\u00e7inde"},"content":{"rendered":"<p>Yay\u0131n Tarihi: 08.10.2021<br \/>ISBN: 9789750845864<br \/>Dil: T\u00dcRK\u00c7E<br \/>Sayfa Say\u0131s\u0131: 144<br \/>Cilt Tipi: Karton Kapak<br \/>Ka\u011f\u0131t Cinsi: Kitap Ka\u011f\u0131d\u0131<br \/>Boyut: 13.5 x 19.8 cm<br \/>\u00c7izer: Cem K\u0131z\u0131ltu\u011f<\/p>","protected":false},"excerpt":{"rendered":"<p>Evvel zaman i\u00e7inde kalbur saman i\u00e7inde, cinler cirit oynar iken eski hamam i\u00e7inde, bir varm\u0131\u015f bir yokmu\u015f&#8230; \u015eapkac\u0131\u2019n\u0131n b\u00fcy\u00fck bahts\u0131zl\u0131\u011f\u0131ndan nefsine kar\u015f\u0131 girdi\u011fi m\u00fccadeleyi kaybeden M\u00fcezzin\u2019e, ancak g\u00f6zlerini kaybetti\u011finde hatas\u0131n\u0131 g\u00f6rebilen K\u00f6radam\u2019dan bilge babas\u0131n\u0131n miras\u0131yla hayata yeniden tutunan Kuyumcu\u2019ya&#8230; Hatalar, pi\u015fmanl\u0131klar, keder ve elemle \u00f6r\u00fcl\u00fc masallar ders \u00e7\u0131karmas\u0131n\u0131 bilene huzurun s\u0131rr\u0131n\u0131 vaat ediyor, \u00e7i\u011f s\u00fct emmi\u015f insan\u0131 kendi hatalar\u0131nda pi\u015fmeye \u00e7a\u011f\u0131r\u0131yor. Ayd\u0131nl\u0131k bir g\u00f6\u011f\u00fc, par\u0131lt\u0131l\u0131 bir denizi, verimli topraklar\u0131 olan g\u00fczel mi g\u00fczel bir \u00fclke varm\u0131\u015f&#8230; Masal Masal \u0130\u00e7inde hep a\u015fik\u00e2r oldu\u011fumuz Do\u011fu\u2019ya has masal gelene\u011finin t\u00fcm karakteristik \u00f6\u011felerini \u2013kokusunu, rengini, tad\u0131n\u0131\u2013 Bat\u0131\u2019n\u0131n \u00e7ok katmanl\u0131 kurgu anlay\u0131\u015f\u0131yla bir araya getiriyor ve ortaya yerelden beslenen fakat evrensel olarak da kabul g\u00f6r\u00fcr standartlar\u0131 ba\u015far\u0131yla yakalam\u0131\u015f bir roman \u00e7\u0131k\u0131yor. Ahmet \u00dcmit aile yadig\u00e2r\u0131 masallar\u0131n\u0131 ta\u015f\u0131d\u0131\u011f\u0131 \u00e7\u0131k\u0131n\u0131n\u0131 b\u00fcy\u00fck bir c\u00f6mertlikle seriyor okurlar\u0131n\u0131n huzuruna. Olduk\u00e7a iyi bir anlat\u0131c\u0131 olan annemin d\u00fc\u015f d\u00fcnyas\u0131n\u0131 katarak zenginle\u015ftirdi\u011fi masallar\u0131 b\u00fcy\u00fck bir keyifle yaz\u0131ya d\u00f6kt\u00fc\u011f\u00fcm\u00fc belirtmeden ge\u00e7emeyece\u011fim.<\/p>","protected":false},"featured_media":21685,"template":"","meta":{"spay_email":""},"product_cat":[168],"product_tag":[],"item":[448],"acf":[],"_links":{"self":[{"href":"https:\/\/mgvpublications.com\/de\/wp-json\/wp\/v2\/product\/21686"}],"collection":[{"href":"https:\/\/mgvpublications.com\/de\/wp-json\/wp\/v2\/product"}],"about":[{"href":"https:\/\/mgvpublications.com\/de\/wp-json\/wp\/v2\/types\/product"}],"wp:featuredmedia":[{"embeddable":true,"href":"https:\/\/mgvpublications.com\/de\/wp-json\/wp\/v2\/media\/21685"}],"wp:attachment":[{"href":"https:\/\/mgvpublications.com\/de\/wp-json\/wp\/v2\/media?parent=21686"}],"wp:term":[{"taxonomy":"product_cat","embeddable":true,"href":"https:\/\/mgvpublications.com\/de\/wp-json\/wp\/v2\/product_cat?post=21686"},{"taxonomy":"product_tag","embeddable":true,"href":"https:\/\/mgvpublications.com\/de\/wp-json\/wp\/v2\/product_tag?post=21686"},{"taxonomy":"item","embeddable":true,"href":"https:\/\/mgvpublications.com\/de\/wp-json\/wp\/v2\/item?post=21686"}],"curies":[{"name":"wp","href":"https:\/\/api.w.org\/{rel}","templated":true}]}}