{"id":21684,"date":"2022-01-14T16:33:34","date_gmt":"2022-01-14T15:33:34","guid":{"rendered":"https:\/\/mgvpublications.com\/produkt\/aylak-adam\/"},"modified":"2022-03-08T22:57:04","modified_gmt":"2022-03-08T21:57:04","slug":"aylak-adam","status":"publish","type":"product","link":"https:\/\/mgvpublications.com\/de\/aylak-adam\/","title":{"rendered":"Aylak Adam"},"content":{"rendered":"<p>Yay\u0131n Tarihi: 06.08.2019<br \/>ISBN: 9789750735646<br \/>Dil: T\u00dcRK\u00c7E<br \/>Sayfa Say\u0131s\u0131: 192<br \/>Cilt Tipi: Karton Kapak<br \/>Ka\u011f\u0131t Cinsi: Kitap Ka\u011f\u0131d\u0131<\/p>","protected":false},"excerpt":{"rendered":"<p>D\u00fc\u015f\u00fcn\u00fcyordu: \u201c\u00c7a\u011f\u0131m\u0131zda ge\u00e7mi\u015f y\u00fczy\u0131llar\u0131n bilmedi\u011fi, k\u0131sa \u00f6m\u00fcrl\u00fc bir yarat\u0131k ya\u015f\u0131yor. Sinemadan \u00e7\u0131km\u0131\u015f insan. G\u00f6rd\u00fc\u011f\u00fc film ona bir \u015feyler yapm\u0131\u015f. Salt \u00e7\u0131kar\u0131n\u0131 d\u00fc\u015f\u00fcnen ki\u015fi de\u011fil. \u0130nsanlarla bar\u0131\u015f\u0131k. Onun b\u00fcy\u00fck i\u015fler yapaca\u011f\u0131 umulur. Ama be\u015f-on dakikada \u00f6l\u00fcyor. Yusuf At\u0131lgan\u2019\u0131n Aylak Adam\u2019\u0131, yay\u0131nland\u0131\u011f\u0131 g\u00fcnden bu yana edebiyat\u0131m\u0131z\u0131n en sevilen, \u00fczerinde en \u00e7ok tart\u0131\u015f\u0131lan romanlar\u0131ndan biri oldu. Roman, 60\u2019l\u0131 y\u0131llar\u0131n ba\u015f\u0131nda bizimle birlikte t\u00fcm d\u00fcnyada da konu\u015fulmaya ba\u015flanan kentli aylak ayd\u0131n bireyi konu al\u0131yordu. Bug\u00fcn art\u0131k \u00e7a\u011fda\u015f klasiklerimiz aras\u0131nda yer alan Aylak Adam\u2019\u0131n dikkat \u00e7ekti\u011fi entelekt\u00fcel sorunlar g\u00fcncelli\u011fini koruyor. Yeni ku\u015faklar i\u00e7in, yeni bask\u0131s\u0131yla Can Yay\u0131nlar\u0131\u2019nda.<\/p>","protected":false},"featured_media":21683,"template":"","meta":{"spay_email":""},"product_cat":[168],"product_tag":[],"item":[354],"acf":[],"_links":{"self":[{"href":"https:\/\/mgvpublications.com\/de\/wp-json\/wp\/v2\/product\/21684"}],"collection":[{"href":"https:\/\/mgvpublications.com\/de\/wp-json\/wp\/v2\/product"}],"about":[{"href":"https:\/\/mgvpublications.com\/de\/wp-json\/wp\/v2\/types\/product"}],"wp:featuredmedia":[{"embeddable":true,"href":"https:\/\/mgvpublications.com\/de\/wp-json\/wp\/v2\/media\/21683"}],"wp:attachment":[{"href":"https:\/\/mgvpublications.com\/de\/wp-json\/wp\/v2\/media?parent=21684"}],"wp:term":[{"taxonomy":"product_cat","embeddable":true,"href":"https:\/\/mgvpublications.com\/de\/wp-json\/wp\/v2\/product_cat?post=21684"},{"taxonomy":"product_tag","embeddable":true,"href":"https:\/\/mgvpublications.com\/de\/wp-json\/wp\/v2\/product_tag?post=21684"},{"taxonomy":"item","embeddable":true,"href":"https:\/\/mgvpublications.com\/de\/wp-json\/wp\/v2\/item?post=21684"}],"curies":[{"name":"wp","href":"https:\/\/api.w.org\/{rel}","templated":true}]}}