{"id":21680,"date":"2022-01-14T16:33:29","date_gmt":"2022-01-14T15:33:29","guid":{"rendered":"https:\/\/mgvpublications.com\/produkt\/gun-aksamsizdir\/"},"modified":"2022-03-08T22:57:04","modified_gmt":"2022-03-08T21:57:04","slug":"gun-aksamsizdir","status":"publish","type":"product","link":"https:\/\/mgvpublications.com\/de\/gun-aksamsizdir\/","title":{"rendered":"G\u00fcn Ak\u015fams\u0131zd\u0131r"},"content":{"rendered":"<p>Yay\u0131n Tarihi: 04.09.2020<br \/>ISBN: 9786257111379<br \/>Dil: T\u00dcRK\u00c7E<br \/>Sayfa Say\u0131s\u0131: 136<br \/>Cilt Tipi: Karton Kapak<br \/>Ka\u011f\u0131t Cinsi: Kitap Ka\u011f\u0131d\u0131<br \/>Boyut: 13.5 x 21 cm<\/p>","protected":false},"excerpt":{"rendered":"<p>\u00c7elebi kim bilir hangi duygularla, &#8220;G\u00fcn ak\u015faml\u0131d\u0131r devletl\u00fcm; d\u00fcn do\u011fduk, yar\u0131n \u00f6lece\u011fiz,&#8221; der. G\u00fcn\u00fcn ak\u015faml\u0131 oldu\u011funu bilmek, s\u00fck\u00fbt ve s\u00fck\u00fbn i\u00e7indeki bir ak\u0131\u015f\u0131n temposunu ayarlar. G\u00fcn ak\u015faml\u0131d\u0131r ve her gecenin bir sabah\u0131 vard\u0131r. G\u00fcn\u00fcn ayar\u0131, g\u00fcne\u015fin elinden al\u0131n\u0131p mesai saatlerinin hizmetine verildi\u011findendir belki, \u015fimdi b\u00fct\u00fcn g\u00fcnler ak\u015fams\u0131zd\u0131r. Fatma Barbaroso\u011flu bu kitab\u0131nda, bitimsiz bir bi\u00e7imde \u015fimdiki zaman\u0131 ya\u015fayanlar\u0131n ser\u00fcvenlerini anlat\u0131yor.<\/p>","protected":false},"featured_media":21679,"template":"","meta":{"spay_email":""},"product_cat":[168],"product_tag":[],"item":[354],"acf":[],"_links":{"self":[{"href":"https:\/\/mgvpublications.com\/de\/wp-json\/wp\/v2\/product\/21680"}],"collection":[{"href":"https:\/\/mgvpublications.com\/de\/wp-json\/wp\/v2\/product"}],"about":[{"href":"https:\/\/mgvpublications.com\/de\/wp-json\/wp\/v2\/types\/product"}],"wp:featuredmedia":[{"embeddable":true,"href":"https:\/\/mgvpublications.com\/de\/wp-json\/wp\/v2\/media\/21679"}],"wp:attachment":[{"href":"https:\/\/mgvpublications.com\/de\/wp-json\/wp\/v2\/media?parent=21680"}],"wp:term":[{"taxonomy":"product_cat","embeddable":true,"href":"https:\/\/mgvpublications.com\/de\/wp-json\/wp\/v2\/product_cat?post=21680"},{"taxonomy":"product_tag","embeddable":true,"href":"https:\/\/mgvpublications.com\/de\/wp-json\/wp\/v2\/product_tag?post=21680"},{"taxonomy":"item","embeddable":true,"href":"https:\/\/mgvpublications.com\/de\/wp-json\/wp\/v2\/item?post=21680"}],"curies":[{"name":"wp","href":"https:\/\/api.w.org\/{rel}","templated":true}]}}