{"id":21676,"date":"2022-01-14T16:33:24","date_gmt":"2022-01-14T15:33:24","guid":{"rendered":"https:\/\/mgvpublications.com\/produkt\/dunyayi-sirtinda-tasiyan-balik\/"},"modified":"2022-03-08T22:57:03","modified_gmt":"2022-03-08T21:57:03","slug":"dunyayi-sirtinda-tasiyan-balik","status":"publish","type":"product","link":"https:\/\/mgvpublications.com\/de\/dunyayi-sirtinda-tasiyan-balik\/","title":{"rendered":"D\u00fcnyay\u0131 S\u0131rt\u0131nda Ta\u015f\u0131yan Bal\u0131k"},"content":{"rendered":"<p>Yay\u0131n Tarihi: 04.12.2020<br \/>ISBN: 9786050834697<br \/>Dil: T\u00dcRK\u00c7E<br \/>Sayfa Say\u0131s\u0131: 176<br \/>Cilt Tipi: Karton Kapak<br \/>Ka\u011f\u0131t Cinsi: Kitap Ka\u011f\u0131d\u0131<br \/>Boyut: 13.5 x 20.5 cm<br \/>Di\u011fer \u00d6zellik: 10  Ya\u015f<\/p>","protected":false},"excerpt":{"rendered":"<p>\u201cAkl\u0131n\u0131z\u0131n denizlerinde y\u00fczen bir bal\u0131k, kalbinizin k\u0131y\u0131lar\u0131na vuran dalgalar yarat\u0131r.\u201d Tebriz\u2019de bir sokak \u00e7ocu\u011fu olarak ya\u015fayan Emir i\u00e7in d\u00fcnyan\u0131n b\u00fct\u00fcn sesleri onun duyabildi\u011fi kadard\u0131. Fakat iyi duyamayan kulaklar\u0131, kalbinin hissetmesine veya zihninin hayaller kurmas\u0131na engel de\u011fildi. Tesad\u00fcfen g\u00f6rd\u00fc\u011f\u00fc k\u0131rm\u0131z\u0131 bal\u0131\u011f\u0131n, hayat\u0131n\u0131 de\u011fi\u015ftirece\u011finden t\u00fcm\u00fcyle habersiz olan Emir, onu \u00f6zg\u00fcrl\u00fc\u011f\u00fcne kavu\u015fturmak isterken fark\u0131nda olmadan kendisini bal\u0131kla \u00f6zde\u015fle\u015ftirmi\u015fti. Kendi \u00f6zg\u00fcrl\u00fc\u011f\u00fc, k\u0131rm\u0131z\u0131 bal\u0131\u011f\u0131n \u00f6zg\u00fcrl\u00fc\u011f\u00fcne ba\u011fl\u0131yd\u0131 sanki. Annesiz babas\u0131z, yuvas\u0131z ve sevgisiz ya\u015faman\u0131n zorlu\u011funa \u0130ran ile Irak aras\u0131nda y\u0131llard\u0131r s\u00fcren sava\u015f da eklenince sokaktaki ya\u015fam art\u0131k daha tehlikeliydi. Hayallerinin ve umutlar\u0131n\u0131n pe\u015finde hayat\u0131n\u0131n \u0131\u015f\u0131\u011f\u0131n\u0131 arayan Emir, korkun\u00e7 bir sava\u015f\u0131n g\u00f6lgesinde uzun ve zorlu bir yolculu\u011fa \u00e7\u0131kmak \u00fczereydi. D\u00fc\u015fperest serisi ve Can\u0131m Arkada\u015f\u0131m kitaplar\u0131n\u0131n yazar\u0131 \u00d6zg\u00fcr Balp\u0131nar\u2019\u0131n masals\u0131 kaleminden, d\u00fcnyay\u0131 oldu\u011fu gibi de\u011fil olmas\u0131 gerekti\u011fi gibi g\u00f6steren umut dolu bir hik\u00e2ye.<\/p>","protected":false},"featured_media":21675,"template":"","meta":{"spay_email":""},"product_cat":[172],"product_tag":[],"item":[360],"acf":[],"_links":{"self":[{"href":"https:\/\/mgvpublications.com\/de\/wp-json\/wp\/v2\/product\/21676"}],"collection":[{"href":"https:\/\/mgvpublications.com\/de\/wp-json\/wp\/v2\/product"}],"about":[{"href":"https:\/\/mgvpublications.com\/de\/wp-json\/wp\/v2\/types\/product"}],"wp:featuredmedia":[{"embeddable":true,"href":"https:\/\/mgvpublications.com\/de\/wp-json\/wp\/v2\/media\/21675"}],"wp:attachment":[{"href":"https:\/\/mgvpublications.com\/de\/wp-json\/wp\/v2\/media?parent=21676"}],"wp:term":[{"taxonomy":"product_cat","embeddable":true,"href":"https:\/\/mgvpublications.com\/de\/wp-json\/wp\/v2\/product_cat?post=21676"},{"taxonomy":"product_tag","embeddable":true,"href":"https:\/\/mgvpublications.com\/de\/wp-json\/wp\/v2\/product_tag?post=21676"},{"taxonomy":"item","embeddable":true,"href":"https:\/\/mgvpublications.com\/de\/wp-json\/wp\/v2\/item?post=21676"}],"curies":[{"name":"wp","href":"https:\/\/api.w.org\/{rel}","templated":true}]}}