{"id":21674,"date":"2022-01-14T16:33:18","date_gmt":"2022-01-14T15:33:18","guid":{"rendered":"https:\/\/mgvpublications.com\/produkt\/yildizlar-sacildiginda\/"},"modified":"2022-03-08T22:57:03","modified_gmt":"2022-03-08T21:57:03","slug":"yildizlar-sacildiginda","status":"publish","type":"product","link":"https:\/\/mgvpublications.com\/de\/yildizlar-sacildiginda\/","title":{"rendered":"Y\u0131ld\u0131zlar Sa\u00e7\u0131ld\u0131\u011f\u0131nda"},"content":{"rendered":"<p>\u00c7evirmen: Mustafa Emrah Temel<br \/>Yay\u0131n Tarihi: 10.11.2021<br \/>ISBN: 9786050843408<br \/>Dil: T\u00dcRK\u00c7E<br \/>Sayfa Say\u0131s\u0131: 264<br \/>Cilt Tipi: Karton Kapak<br \/>Ka\u011f\u0131t Cinsi: Kitap Ka\u011f\u0131d\u0131<br \/>Boyut: 13.5 x 21 cm<\/p>","protected":false},"excerpt":{"rendered":"<p>\u201cNas\u0131l bak\u0131laca\u011f\u0131n\u0131 bilirseniz, y\u0131ld\u0131zlar\u0131n \u00f6z\u00fcne i\u015flenmi\u015f hik\u00e2yeler vard\u0131r. Bir y\u0131ld\u0131z gibi olun, \u0131\u015f\u0131\u011f\u0131n\u0131z parlas\u0131n. Hik\u00e2yeniz parlas\u0131n. \u00c7\u00fcnk\u00fc bizi eve hik\u00e2yeler g\u00f6t\u00fcrecek.\u201d M\u00fclteci kamp\u0131nda g\u00fcnler birbirinin ayn\u0131 ge\u00e7er: s\u0131k\u0131c\u0131, a\u00e7 ve gergin. Kampta ne yeteri kadar yiyecek vard\u0131r ne oyalanacak bir \u015fey ne de ihtiya\u00e7 duyulan ila\u00e7lar. Hayat\u0131n\u0131n b\u00fcy\u00fck k\u0131sm\u0131 kampta ge\u00e7en Omar, okula gitme f\u0131rsat\u0131 do\u011fdu\u011funda bunu hem kendi hem karde\u015fi Hasan i\u00e7in bir umut \u0131\u015f\u0131\u011f\u0131 olarak g\u00f6r\u00fcr. Fakat bu ayn\u0131 zamanda konu\u015famayan karde\u015fini, ailesine dair tek hat\u0131ras\u0131n\u0131 yaln\u0131z b\u0131rakaca\u011f\u0131 anlam\u0131na gelir. Omar ve karde\u015finin hayalini kurduklar\u0131 yeni hayata ba\u015flamalar\u0131 i\u00e7inse beklemeleri, beklemeleri ve daha \u00e7ok beklemeleri gerekir. \u00d6mr\u00fcn\u00fc kar\u015f\u0131la\u015ft\u0131\u011f\u0131 zorluklarla m\u00fccadele ederek ve de\u011fer verdi\u011fi \u015feyleri var g\u00fcc\u00fcyle koruyarak ge\u00e7iren Omar, nereye giderse gitsin ve yan\u0131nda kim olursa olsun ailesini ve evini y\u00fcre\u011finde ta\u015f\u0131r. Y\u0131ld\u0131zlar Sa\u00e7\u0131ld\u0131\u011f\u0131nda, Omar Mohammed\u2019in kendi hik\u00e2yesini t\u00fcm i\u00e7tenli\u011fiyle anlatt\u0131\u011f\u0131, \u00f6d\u00fcll\u00fc \u00e7izgi roman yazar\u0131 Victoria Jameson\u2019un kaleminde hayat bulan, bekleyi\u015fin ve umudun bulu\u015ftu\u011fu etkileyici bir \u00e7izgi roman.<\/p>","protected":false},"featured_media":21673,"template":"","meta":{"spay_email":""},"product_cat":[168],"product_tag":[],"item":[360],"acf":[],"_links":{"self":[{"href":"https:\/\/mgvpublications.com\/de\/wp-json\/wp\/v2\/product\/21674"}],"collection":[{"href":"https:\/\/mgvpublications.com\/de\/wp-json\/wp\/v2\/product"}],"about":[{"href":"https:\/\/mgvpublications.com\/de\/wp-json\/wp\/v2\/types\/product"}],"wp:featuredmedia":[{"embeddable":true,"href":"https:\/\/mgvpublications.com\/de\/wp-json\/wp\/v2\/media\/21673"}],"wp:attachment":[{"href":"https:\/\/mgvpublications.com\/de\/wp-json\/wp\/v2\/media?parent=21674"}],"wp:term":[{"taxonomy":"product_cat","embeddable":true,"href":"https:\/\/mgvpublications.com\/de\/wp-json\/wp\/v2\/product_cat?post=21674"},{"taxonomy":"product_tag","embeddable":true,"href":"https:\/\/mgvpublications.com\/de\/wp-json\/wp\/v2\/product_tag?post=21674"},{"taxonomy":"item","embeddable":true,"href":"https:\/\/mgvpublications.com\/de\/wp-json\/wp\/v2\/item?post=21674"}],"curies":[{"name":"wp","href":"https:\/\/api.w.org\/{rel}","templated":true}]}}