{"id":21662,"date":"2022-01-14T16:33:01","date_gmt":"2022-01-14T15:33:01","guid":{"rendered":"https:\/\/mgvpublications.com\/produkt\/ornek-islam-toplumu\/"},"modified":"2022-04-08T06:24:15","modified_gmt":"2022-04-08T04:24:15","slug":"ornek-islam-toplumu","status":"publish","type":"product","link":"https:\/\/mgvpublications.com\/de\/ornek-islam-toplumu\/","title":{"rendered":"\u00d6rnek \u0130slam Toplumu"},"content":{"rendered":"<p>\u00c7evirmen: Fatih Sara\u00e7<br \/>Yay\u0131n Tarihi: 11.03.2020<br \/>Orijinal Ad\u0131: el-M\u00fcctema\u00fc&#8217;l \u0130slami el-Misali<br \/>ISBN: 9789756223192<br \/>Dil: T\u00dcRK\u00c7E<br \/>Sayfa Say\u0131s\u0131: 78<br \/>Cilt Tipi: Karton Kapak<br \/>Ka\u011f\u0131t Cinsi: Kitap Ka\u011f\u0131d\u0131<br \/>Boyut: 14.5 x 21.5 cm<\/p>","protected":false},"excerpt":{"rendered":"<p>Hz. Muhammed (s.a.) ve d\u00f6rt halife d\u00f6nemi m\u00fcsl\u00fcmanlar taraf\u0131ndan &#8220;Saadet Asr\u0131&#8221; olarak nitelenir. Elinizdeki kitap o d\u00f6nem m\u00fcsl\u00fcman toplumunu olu\u015fturan fakt\u00f6rleri ve o neslin \u00f6zelliklerini ele almaktad\u0131r. Peygamberimizin \u015fahsiyeti, \u0130sl\u00e2m medeniyetinin insanl\u0131\u011fa katk\u0131lar\u0131, \u00f6rnek \u0130sl\u00e2m toplumunun \u00f6zelliklerinden uzakla\u015fman\u0131n sebep ve sonu\u00e7lar\u0131 da bu kitapta i\u015flenen konular aras\u0131ndad\u0131r.<\/p>","protected":false},"featured_media":23256,"template":"","meta":{"spay_email":""},"product_cat":[174],"product_tag":[],"item":[1751],"acf":[],"_links":{"self":[{"href":"https:\/\/mgvpublications.com\/de\/wp-json\/wp\/v2\/product\/21662"}],"collection":[{"href":"https:\/\/mgvpublications.com\/de\/wp-json\/wp\/v2\/product"}],"about":[{"href":"https:\/\/mgvpublications.com\/de\/wp-json\/wp\/v2\/types\/product"}],"wp:featuredmedia":[{"embeddable":true,"href":"https:\/\/mgvpublications.com\/de\/wp-json\/wp\/v2\/media\/23256"}],"wp:attachment":[{"href":"https:\/\/mgvpublications.com\/de\/wp-json\/wp\/v2\/media?parent=21662"}],"wp:term":[{"taxonomy":"product_cat","embeddable":true,"href":"https:\/\/mgvpublications.com\/de\/wp-json\/wp\/v2\/product_cat?post=21662"},{"taxonomy":"product_tag","embeddable":true,"href":"https:\/\/mgvpublications.com\/de\/wp-json\/wp\/v2\/product_tag?post=21662"},{"taxonomy":"item","embeddable":true,"href":"https:\/\/mgvpublications.com\/de\/wp-json\/wp\/v2\/item?post=21662"}],"curies":[{"name":"wp","href":"https:\/\/api.w.org\/{rel}","templated":true}]}}