{"id":21656,"date":"2022-01-14T16:32:55","date_gmt":"2022-01-14T15:32:55","guid":{"rendered":"https:\/\/mgvpublications.com\/produkt\/yeni-nesil-genclige\/"},"modified":"2022-03-08T22:57:00","modified_gmt":"2022-03-08T21:57:00","slug":"yeni-nesil-genclige","status":"publish","type":"product","link":"https:\/\/mgvpublications.com\/de\/yeni-nesil-genclige\/","title":{"rendered":"Yeni Nesil Gen\u00e7li\u011fe"},"content":{"rendered":"<p>\u00c7evirmen: Mehmet Ali K\u0131l\u0131n\u00e7<br \/>Yay\u0131n Tarihi: 09.10.2020<br \/>ISBN: 9786050650006<br \/>Dil: T\u00dcRK\u00c7E<br \/>Sayfa Say\u0131s\u0131: 148<br \/>Cilt Tipi: Karton Kapak<br \/>Ka\u011f\u0131t Cinsi: Kitap Ka\u011f\u0131d\u0131<br \/>Boyut: 13.5 x 21 cm<\/p>","protected":false},"excerpt":{"rendered":"<p>Davalar \u00e7o\u011funlukla gen\u00e7lerin eliyle y\u00fckselmi\u015f, ideolojiler onlar\u0131n omuzlar\u0131nda ta\u015f\u0131nm\u0131\u015ft\u0131r. Haliyle bu davalar\u0131n kar\u015f\u0131tlar\u0131 ise y\u00fck\u00fcn hamiline taarruzlar\u0131n\u0131 eksik etmemi\u015flerdir. Bunun bilincinde olan \u0130slam alimleri ve m\u00fctefekkirleri gen\u00e7lerin yoluna me\u015fale olsun diye birbirinden de\u011ferli eserler telif etmi\u015flerdir. Bununla beraber d\u00fcnyan\u0131n geli\u015fim ve de\u011fi\u015fimiyle bahsi ge\u00e7en taarruzlar\u0131n \u015fekilleri, \u015fiddetleri ve etkileri de de\u011fi\u015fime u\u011fram\u0131\u015ft\u0131r. Dolay\u0131s\u0131yla gen\u00e7li\u011fe rehber niteli\u011finde yaz\u0131lan bu eserlerin de modern taarruzlara cevap verebilecek kuvvette g\u00fcncellemesi elzemdir. \u0130lk defa \u0130drak Yay\u0131nlar\u0131&#8217;n\u0131n okura sundu\u011fu veciz eser Yeni Nesil Gen\u00e7li\u011fe, bir gencin, yeni neslin sorunlar\u0131n\u0131 ve zihin karma\u015fas\u0131n\u0131 toplu bir vaziyette m\u00fcellif Ahmet b. Yusuf es-Seyyid&#8217;e sunup, nasihat istemesiyle v\u00fccut bulmu\u015ftur. M\u00fcellif, gen\u00e7leri sar\u0131p sarmalayan, hareket alanlar\u0131n\u0131 k\u0131s\u0131tlay\u0131p hatta fel\u00e7 eden, tembellik, karars\u0131zl\u0131k, plans\u0131zl\u0131k gibi labirentlerden \u00e7\u0131k\u0131\u015f yolu g\u00f6sterirken, onlar\u0131n ruhlar\u0131n\u0131 daraltan, k\u00f6t\u00fc arkada\u015f, k\u00f6t\u00fc al\u0131\u015fkanl\u0131k, pornografi gibi batakl\u0131klardan da kurtulma metodu \u00f6\u011fretmektedir. Ayn\u0131 zamanda kendi hayat ve yo\u011fun tedris tecr\u00fcbelerinden hareketle gen\u00e7lere ilim yolculu\u011fu, hareket adab\u0131, evlili\u011fin, e\u015f se\u00e7imi, tan\u0131\u015fma ve evlilik sonras\u0131 gibi s\u00fcre\u00e7leri gibi konularda da de\u011ferli nasihatlerde bulunmaktad\u0131r. Eserin ayr\u0131cal\u0131kl\u0131 y\u00f6n\u00fc, gen\u00e7 neslin ortak sorunlar\u0131n\u0131n neredeyse eksiksiz toplanmas\u0131, hastal\u0131\u011f\u0131n \u00e7ok iyi tespit edilip, \u00e7e\u015fitli tedavi alternatiflerinin sunulmas\u0131, en \u00f6nemlisi bu re\u00e7eteyi \u0130slami gelene\u011fe y\u00fcksek derecede h\u00e2kim olup modern d\u00fcnyay\u0131 da \u00e7ok yak\u0131ndan takip etmekle beraber, gen\u00e7lerle her daim i\u00e7 i\u00e7e olan bir yazar taraf\u0131ndan kaleme al\u0131nm\u0131\u015f olmas\u0131d\u0131r. Yeni nesle ve bu neslin yeti\u015ftirenlere cennet yolculu\u011funda bir ad\u0131m olmas\u0131 dile\u011fiyle eseri, k\u0131ymetli okura sunuyoruz.<\/p>","protected":false},"featured_media":21655,"template":"","meta":{"spay_email":""},"product_cat":[169],"product_tag":[],"item":[1751],"acf":[],"_links":{"self":[{"href":"https:\/\/mgvpublications.com\/de\/wp-json\/wp\/v2\/product\/21656"}],"collection":[{"href":"https:\/\/mgvpublications.com\/de\/wp-json\/wp\/v2\/product"}],"about":[{"href":"https:\/\/mgvpublications.com\/de\/wp-json\/wp\/v2\/types\/product"}],"wp:featuredmedia":[{"embeddable":true,"href":"https:\/\/mgvpublications.com\/de\/wp-json\/wp\/v2\/media\/21655"}],"wp:attachment":[{"href":"https:\/\/mgvpublications.com\/de\/wp-json\/wp\/v2\/media?parent=21656"}],"wp:term":[{"taxonomy":"product_cat","embeddable":true,"href":"https:\/\/mgvpublications.com\/de\/wp-json\/wp\/v2\/product_cat?post=21656"},{"taxonomy":"product_tag","embeddable":true,"href":"https:\/\/mgvpublications.com\/de\/wp-json\/wp\/v2\/product_tag?post=21656"},{"taxonomy":"item","embeddable":true,"href":"https:\/\/mgvpublications.com\/de\/wp-json\/wp\/v2\/item?post=21656"}],"curies":[{"name":"wp","href":"https:\/\/api.w.org\/{rel}","templated":true}]}}