{"id":21650,"date":"2022-01-14T16:32:43","date_gmt":"2022-01-14T15:32:43","guid":{"rendered":"https:\/\/mgvpublications.com\/produkt\/genclige-kitabe\/"},"modified":"2022-03-08T22:57:00","modified_gmt":"2022-03-08T21:57:00","slug":"genclige-kitabe","status":"publish","type":"product","link":"https:\/\/mgvpublications.com\/de\/genclige-kitabe\/","title":{"rendered":"Gen\u00e7li\u011fe Kitabe"},"content":{"rendered":"<p>Yay\u0131n Tarihi: 01.08.2019<br \/>ISBN: 9786056824784<br \/>Dil: T\u00dcRK\u00c7E<br \/>Sayfa Say\u0131s\u0131: 180<br \/>Cilt Tipi: Karton Kapak<br \/>Ka\u011f\u0131t Cinsi: Kitap Ka\u011f\u0131d\u0131<br \/>Boyut: 13.5 x 21 cm<\/p>","protected":false},"excerpt":{"rendered":"<p>\u0130nsan fark etmiyor, insan unutuyor, insan ald\u0131rm\u0131yor. Fark etsin, unutmas\u0131n, ald\u0131rs\u0131n yani k\u0131saca daha hesap verilebilir bir hayat ya\u015fas\u0131n diye bir uyar\u0131ya, bir hat\u0131rlatmaya ihtiya\u00e7 duyuyor. Bu yaz\u0131lar bir vesile ile g\u00f6rd\u00fcklerim, \u00f6\u011frendiklerim veya ya\u015fad\u0131klar\u0131mdan \u00e7\u0131kard\u0131\u011f\u0131m uyar\u0131lar ve hat\u0131rlatmalardan m\u00fcte\u015fekkil. Kendimi uyard\u0131m, kendime hat\u0131rlatt\u0131m. K\u0131saca kendime ayar \u00e7ektim. Bu ayar sayesinde ya\u015farken daha bir dikkatli ya\u015fad\u0131m. D\u00fc\u015f\u00fcn\u00fcrken daha bir derin d\u00fc\u015f\u00fcnd\u00fcm. Yazd\u0131klar\u0131m\u0131n sat\u0131rlarda kalmamas\u0131 i\u00e7in davran\u0131\u015fa d\u00f6n\u00fc\u015ft\u00fcrd\u00fcm. Dolay\u0131s\u0131yla yazd\u0131klar\u0131m\u0131n en ba\u015fta ben faydas\u0131n\u0131 g\u00f6rd\u00fcm. Faydas\u0131n\u0131 g\u00f6rd\u00fc\u011f\u00fcm i\u00e7in de sizlerle payla\u015fay\u0131m istedim. &#8220;B\u0131rakma Kendini&#8221; ve &#8220;\u0130yi Gidiyorsun&#8221;un yazar\u0131 Mehmet Din\u00e7&#8217;in kaleminden &#8220;Gen\u00e7li\u011fe Kitabe&#8221;, fark ettirmek, uyar\u0131p hat\u0131rlatmak ve olup biten her \u015feye kar\u015f\u0131 itina ile ya\u015fayabilme fikrini vermek i\u00e7in haz\u0131rland\u0131. Ve daha \u00e7ok \u015fu s\u00f6z i\u00e7in: \u0130nsan insana \u015fifad\u0131r.<\/p>","protected":false},"featured_media":21649,"template":"","meta":{"spay_email":""},"product_cat":[168],"product_tag":[],"item":[1527],"acf":[],"_links":{"self":[{"href":"https:\/\/mgvpublications.com\/de\/wp-json\/wp\/v2\/product\/21650"}],"collection":[{"href":"https:\/\/mgvpublications.com\/de\/wp-json\/wp\/v2\/product"}],"about":[{"href":"https:\/\/mgvpublications.com\/de\/wp-json\/wp\/v2\/types\/product"}],"wp:featuredmedia":[{"embeddable":true,"href":"https:\/\/mgvpublications.com\/de\/wp-json\/wp\/v2\/media\/21649"}],"wp:attachment":[{"href":"https:\/\/mgvpublications.com\/de\/wp-json\/wp\/v2\/media?parent=21650"}],"wp:term":[{"taxonomy":"product_cat","embeddable":true,"href":"https:\/\/mgvpublications.com\/de\/wp-json\/wp\/v2\/product_cat?post=21650"},{"taxonomy":"product_tag","embeddable":true,"href":"https:\/\/mgvpublications.com\/de\/wp-json\/wp\/v2\/product_tag?post=21650"},{"taxonomy":"item","embeddable":true,"href":"https:\/\/mgvpublications.com\/de\/wp-json\/wp\/v2\/item?post=21650"}],"curies":[{"name":"wp","href":"https:\/\/api.w.org\/{rel}","templated":true}]}}