{"id":21646,"date":"2022-01-14T16:32:38","date_gmt":"2022-01-14T15:32:38","guid":{"rendered":"https:\/\/mgvpublications.com\/produkt\/birakma-kendini\/"},"modified":"2022-04-15T17:12:33","modified_gmt":"2022-04-15T15:12:33","slug":"birakma-kendini","status":"publish","type":"product","link":"https:\/\/mgvpublications.com\/de\/birakma-kendini\/","title":{"rendered":"B\u0131rakma Kendini"},"content":{"rendered":"<p>Yay\u0131n Tarihi: 24.04.2018<br \/>ISBN: 9786058245310<br \/>Dil: T\u00dcRK\u00c7E<br \/>Sayfa Say\u0131s\u0131: 145<br \/>Cilt Tipi: Karton Kapak<br \/>Ka\u011f\u0131t Cinsi: Kitap Ka\u011f\u0131d\u0131<br \/>Boyut: 13.5 x 21 cm<\/p>","protected":false},"excerpt":{"rendered":"<p>\u0130nsan\u0131z. Ten kafesinde ya\u015f\u0131yoruz. Bilinmezliklerle dolu bir hayatta var olmaya \u00e7al\u0131\u015f\u0131yoruz. Bedenimiz zay\u0131f, alg\u0131m\u0131z k\u0131s\u0131tl\u0131, g\u00fc\u00e7lerimiz s\u0131n\u0131rl\u0131. Bazen yorgun, bazen b\u0131kk\u0131n, bazen s\u0131k\u0131lgan oluyoruz. Bazen al\u0131ngan, bazen k\u0131r\u0131lgan, bazen de somurtkan oluyoruz. Bug\u00fcn havan\u0131n nas\u0131l olaca\u011f\u0131n\u0131, kiminle kar\u015f\u0131la\u015faca\u011f\u0131m\u0131z\u0131, neler ya\u015fayaca\u011f\u0131m\u0131z\u0131 kontrol edemiyoruz. Bazen \u00f6yle oluyor ki ne yapaca\u011f\u0131m\u0131z\u0131, ne hissedece\u011fimizi, ne d\u00fc\u015f\u00fcnece\u011fimizi bile kontrol edemiyoruz. H\u00e2l b\u00f6yle olunca, insan bu kadar aciz kal\u0131nca istedi\u011fimiz \u015feyler kadar, belki daha \u00e7ok, istemedi\u011fimiz \u015feyler de ya\u015fayabiliyoruz. Olabilir. Her \u015fey tamam oldu dedi\u011fimiz zamanlarda en ba\u015fa d\u00f6nebiliyoruz. Olabilir. En g\u00fcvendi\u011fimiz insanlar en g\u00fcvensiz i\u015flerle ya da s\u00f6zlerle kar\u015f\u0131m\u0131za \u00e7\u0131kabiliyorlar. Olabilir. Hayat arkada\u015f\u0131m\u0131z, e\u015fimiz bizi hi\u00e7 ihtimal vermedi\u011fimiz \u015fekilde yanl\u0131\u015f anlayabiliyor. Olabilir. K\u00fcsmek kolay, vazge\u00e7mek kolay, yenilmek kolay. Ama biz kolay bir hayat ya\u015famaya gelmedik bu d\u00fcnyaya.<\/p>","protected":false},"featured_media":21645,"template":"","meta":{"spay_email":""},"product_cat":[174],"product_tag":[],"item":[1527],"acf":[],"_links":{"self":[{"href":"https:\/\/mgvpublications.com\/de\/wp-json\/wp\/v2\/product\/21646"}],"collection":[{"href":"https:\/\/mgvpublications.com\/de\/wp-json\/wp\/v2\/product"}],"about":[{"href":"https:\/\/mgvpublications.com\/de\/wp-json\/wp\/v2\/types\/product"}],"wp:featuredmedia":[{"embeddable":true,"href":"https:\/\/mgvpublications.com\/de\/wp-json\/wp\/v2\/media\/21645"}],"wp:attachment":[{"href":"https:\/\/mgvpublications.com\/de\/wp-json\/wp\/v2\/media?parent=21646"}],"wp:term":[{"taxonomy":"product_cat","embeddable":true,"href":"https:\/\/mgvpublications.com\/de\/wp-json\/wp\/v2\/product_cat?post=21646"},{"taxonomy":"product_tag","embeddable":true,"href":"https:\/\/mgvpublications.com\/de\/wp-json\/wp\/v2\/product_tag?post=21646"},{"taxonomy":"item","embeddable":true,"href":"https:\/\/mgvpublications.com\/de\/wp-json\/wp\/v2\/item?post=21646"}],"curies":[{"name":"wp","href":"https:\/\/api.w.org\/{rel}","templated":true}]}}