{"id":21644,"date":"2022-01-14T16:32:37","date_gmt":"2022-01-14T15:32:37","guid":{"rendered":"https:\/\/mgvpublications.com\/produkt\/kalk-yerine-yat\/"},"modified":"2022-03-08T22:56:58","modified_gmt":"2022-03-08T21:56:58","slug":"kalk-yerine-yat","status":"publish","type":"product","link":"https:\/\/mgvpublications.com\/de\/kalk-yerine-yat\/","title":{"rendered":"Kalk Yerine Yat"},"content":{"rendered":"<p>Yay\u0131n Tarihi: 25.11.2021<br \/>ISBN: 9786258036107<br \/>Dil: T\u00dcRK\u00c7E<br \/>Sayfa Say\u0131s\u0131: 168<br \/>Cilt Tipi: Karton Kapak<br \/>Ka\u011f\u0131t Cinsi: Kitap Ka\u011f\u0131d\u0131<br \/>Boyut: 13.5 x 19.5 cm<\/p>","protected":false},"excerpt":{"rendered":"<p>Hayat bazen bir uyku sersemli\u011fiyle kar\u015f\u0131lar bizi. \u00dcst\u00fcm\u00fcze bir a\u011f\u0131rl\u0131k basar, olmayacak yerde uyuyakal\u0131r\u0131z, tutulup kal\u0131r her yan\u0131m\u0131z. Hep \u00f6zlemini \u00e7ekti\u011fimiz bir ses gelip uyand\u0131r\u0131r sonra, \u201cKalk, yerine yat\u201d der ve insan bu sesin s\u0131cakl\u0131\u011f\u0131na tutunur. Ve evet, herkes g\u00fcn\u00fcn birinde yerini bulur. \u015eermin Ya\u015far\u2019dan sa\u011fda solda uyuyakalmaktan tutulup kalm\u0131\u015f, g\u00fcn\u00fcn birinde uyan\u0131p yerini bulmu\u015f insanlar\u0131n s\u0131radan ve bir o kadar da ola\u011fan\u00fcst\u00fc \u00f6yk\u00fcleri\u2026<\/p>","protected":false},"featured_media":21643,"template":"","meta":{"spay_email":""},"product_cat":[168],"product_tag":[],"item":[563],"acf":[],"_links":{"self":[{"href":"https:\/\/mgvpublications.com\/de\/wp-json\/wp\/v2\/product\/21644"}],"collection":[{"href":"https:\/\/mgvpublications.com\/de\/wp-json\/wp\/v2\/product"}],"about":[{"href":"https:\/\/mgvpublications.com\/de\/wp-json\/wp\/v2\/types\/product"}],"wp:featuredmedia":[{"embeddable":true,"href":"https:\/\/mgvpublications.com\/de\/wp-json\/wp\/v2\/media\/21643"}],"wp:attachment":[{"href":"https:\/\/mgvpublications.com\/de\/wp-json\/wp\/v2\/media?parent=21644"}],"wp:term":[{"taxonomy":"product_cat","embeddable":true,"href":"https:\/\/mgvpublications.com\/de\/wp-json\/wp\/v2\/product_cat?post=21644"},{"taxonomy":"product_tag","embeddable":true,"href":"https:\/\/mgvpublications.com\/de\/wp-json\/wp\/v2\/product_tag?post=21644"},{"taxonomy":"item","embeddable":true,"href":"https:\/\/mgvpublications.com\/de\/wp-json\/wp\/v2\/item?post=21644"}],"curies":[{"name":"wp","href":"https:\/\/api.w.org\/{rel}","templated":true}]}}