{"id":21642,"date":"2022-01-14T16:32:29","date_gmt":"2022-01-14T15:32:29","guid":{"rendered":"https:\/\/mgvpublications.com\/produkt\/barbaros-ve-korsanlar\/"},"modified":"2022-03-08T22:56:58","modified_gmt":"2022-03-08T21:56:58","slug":"barbaros-ve-korsanlar","status":"publish","type":"product","link":"https:\/\/mgvpublications.com\/de\/barbaros-ve-korsanlar\/","title":{"rendered":"Barbaros ve Korsanlar"},"content":{"rendered":"<p>Yay\u0131n Tarihi: 17.11.2021<br \/>ISBN: 9786057948458<br \/>Dil: T\u00dcRK\u00c7E<br \/>Sayfa Say\u0131s\u0131: 240<br \/>Cilt Tipi: Karton Kapak<br \/>Ka\u011f\u0131t Cinsi: Kitap Ka\u011f\u0131d\u0131<br \/>Boyut: 13.5 x 21 cm<\/p>","protected":false},"excerpt":{"rendered":"<p>Bu kitap ile sadece tarihin en b\u00fcy\u00fck denizcisi olan Barbaros Hayrettin Pa\u015fa ve karde\u015flerinin sars\u0131c\u0131 hikayesine \u015fahit olmayacak ayn\u0131 zamanda korsanl\u0131k hakk\u0131nda da bir \u00e7ok ilgin\u00e7 bilgiye ula\u015facaks\u0131n\u0131z. Bir yandan Barbaros karde\u015flerin hikayesine dahil olurken, bir yandan da korsanlar\u0131n sava\u015f taktiklerinden, \u00f6l\u00fclerine nas\u0131l bir cenaze t\u00f6reni yapt\u0131klar\u0131 ve kulland\u0131klar\u0131 bayraklar\u0131n anlamlar\u0131 nelerdi gibi, daha bir \u00e7ok bilginin i\u00e7inde bulacaks\u0131n\u0131z kendinizi. Ak\u0131c\u0131 \u00fcslubu ile \u201cBarbaros ve Korsanlar\u201d kitab\u0131yla beraber tam anlam\u0131yla denizcili\u011fin legal ve illegal d\u00fcnyas\u0131n\u0131n i\u00e7inden \u00e7\u0131kamayacaks\u0131n\u0131z.<\/p>","protected":false},"featured_media":21641,"template":"","meta":{"spay_email":""},"product_cat":[170],"product_tag":[],"item":[1390],"acf":[],"_links":{"self":[{"href":"https:\/\/mgvpublications.com\/de\/wp-json\/wp\/v2\/product\/21642"}],"collection":[{"href":"https:\/\/mgvpublications.com\/de\/wp-json\/wp\/v2\/product"}],"about":[{"href":"https:\/\/mgvpublications.com\/de\/wp-json\/wp\/v2\/types\/product"}],"wp:featuredmedia":[{"embeddable":true,"href":"https:\/\/mgvpublications.com\/de\/wp-json\/wp\/v2\/media\/21641"}],"wp:attachment":[{"href":"https:\/\/mgvpublications.com\/de\/wp-json\/wp\/v2\/media?parent=21642"}],"wp:term":[{"taxonomy":"product_cat","embeddable":true,"href":"https:\/\/mgvpublications.com\/de\/wp-json\/wp\/v2\/product_cat?post=21642"},{"taxonomy":"product_tag","embeddable":true,"href":"https:\/\/mgvpublications.com\/de\/wp-json\/wp\/v2\/product_tag?post=21642"},{"taxonomy":"item","embeddable":true,"href":"https:\/\/mgvpublications.com\/de\/wp-json\/wp\/v2\/item?post=21642"}],"curies":[{"name":"wp","href":"https:\/\/api.w.org\/{rel}","templated":true}]}}