{"id":21640,"date":"2022-01-14T16:32:28","date_gmt":"2022-01-14T15:32:28","guid":{"rendered":"https:\/\/mgvpublications.com\/produkt\/pofuduk-masallar-pof-pof\/"},"modified":"2022-03-08T22:56:58","modified_gmt":"2022-03-08T21:56:58","slug":"pofuduk-masallar-pof-pof","status":"publish","type":"product","link":"https:\/\/mgvpublications.com\/de\/pofuduk-masallar-pof-pof\/","title":{"rendered":"Pofuduk Masallar Pof Pof"},"content":{"rendered":"<p>Yay\u0131n Tarihi: 19.04.2019<br \/>ISBN: 9786050823950<br \/>Dil: T\u00dcRK\u00c7E<br \/>Sayfa Say\u0131s\u0131: 320<br \/>Cilt Tipi: Ciltli<br \/>Ka\u011f\u0131t Cinsi: Kitap Ka\u011f\u0131d\u0131<br \/>Boyut: 12 x 16.5 cm<br \/>Di\u011fer \u00d6zellik: 5  Ya\u015f<\/p>","protected":false},"excerpt":{"rendered":"<p>Masal okuyan \u00e7ocuklar, masal kahramanlar\u0131n\u0131n olaylara nas\u0131l yakla\u015ft\u0131\u011f\u0131n\u0131 ve hangi durumlarda hangi tepkileri g\u00f6sterdi\u011fini \u00e7ok iyi kavrarlar. Kavrad\u0131klar\u0131n\u0131 da k\u0131sa s\u00fcrede ya\u015famlar\u0131na aktar\u0131rlar. Bu nedenle onlara okunan ya da kendilerinin okuyacaklar\u0131 masallar\u0131n se\u00e7imi, son derece \u00f6nemlidir. Hem ebeveynler hem \u00f6\u011fretmenler taraf\u0131ndan be\u011feniyle kar\u015f\u0131lanan Cep Masallar dizisi, Pofuduk Masallar POF POF ile devam ediyor. Bu masallar ile \u00e7ocuklar\u0131m\u0131z hem e\u011flenecek hem de bir\u00e7ok kavram kazan\u0131m\u0131 elde edecek!<\/p>","protected":false},"featured_media":21639,"template":"","meta":{"spay_email":""},"product_cat":[172],"product_tag":[],"item":[360],"acf":[],"_links":{"self":[{"href":"https:\/\/mgvpublications.com\/de\/wp-json\/wp\/v2\/product\/21640"}],"collection":[{"href":"https:\/\/mgvpublications.com\/de\/wp-json\/wp\/v2\/product"}],"about":[{"href":"https:\/\/mgvpublications.com\/de\/wp-json\/wp\/v2\/types\/product"}],"wp:featuredmedia":[{"embeddable":true,"href":"https:\/\/mgvpublications.com\/de\/wp-json\/wp\/v2\/media\/21639"}],"wp:attachment":[{"href":"https:\/\/mgvpublications.com\/de\/wp-json\/wp\/v2\/media?parent=21640"}],"wp:term":[{"taxonomy":"product_cat","embeddable":true,"href":"https:\/\/mgvpublications.com\/de\/wp-json\/wp\/v2\/product_cat?post=21640"},{"taxonomy":"product_tag","embeddable":true,"href":"https:\/\/mgvpublications.com\/de\/wp-json\/wp\/v2\/product_tag?post=21640"},{"taxonomy":"item","embeddable":true,"href":"https:\/\/mgvpublications.com\/de\/wp-json\/wp\/v2\/item?post=21640"}],"curies":[{"name":"wp","href":"https:\/\/api.w.org\/{rel}","templated":true}]}}