{"id":21638,"date":"2022-01-14T16:32:23","date_gmt":"2022-01-14T15:32:23","guid":{"rendered":"https:\/\/mgvpublications.com\/produkt\/penguen-piku-ve-sevimli-dostlari-bu-kocaman-gozler-kimin-8\/"},"modified":"2022-03-08T22:56:58","modified_gmt":"2022-03-08T21:56:58","slug":"penguen-piku-ve-sevimli-dostlari-bu-kocaman-gozler-kimin-8","status":"publish","type":"product","link":"https:\/\/mgvpublications.com\/de\/penguen-piku-ve-sevimli-dostlari-bu-kocaman-gozler-kimin-8\/","title":{"rendered":"Penguen Piku ve Sevimli Dostlar\u0131 \/ Bu Kocaman G\u00f6zler Kimin 8"},"content":{"rendered":"<p>Yay\u0131n Tarihi: 03.02.2021<br \/>ISBN: 9786057018403<br \/>Dil: T\u00dcRK\u00c7E<br \/>Sayfa Say\u0131s\u0131: 10<br \/>Cilt Tipi: Karton Kapak<br \/>Ka\u011f\u0131t Cinsi: Kitap Ka\u011f\u0131d\u0131<br \/>Boyut: 20 x 20.5 cm<br \/>Di\u011fer \u00d6zellik: 6 Ay-5 Ya\u015f<\/p>","protected":false},"excerpt":{"rendered":"<p>Abisini \u00e7ok seven Penguen Piku ve kutuplarda ya\u015fayan arkada\u015flar\u0131n\u0131 e\u011flenceli b\u00fcy\u00fck g\u00f6zleri ile g\u00f6rmeye haz\u0131r olun! Penguen Piku, Fok Fufu, Kutup Ay\u0131s\u0131 Topak, Mors Morgi, Mavi Balina Maba, Tilki Tiki&#8230; \u00c7ocu\u011funuz bu kitaptaki kahramanlarla tan\u0131\u015f\u0131rken karde\u015fli\u011fi ve vaktini iyi de\u011ferlendirmeyi e\u011flenerek \u00f6\u011frenecek.<\/p>","protected":false},"featured_media":21636,"template":"","meta":{"spay_email":""},"product_cat":[172],"product_tag":[],"item":[1789],"acf":[],"_links":{"self":[{"href":"https:\/\/mgvpublications.com\/de\/wp-json\/wp\/v2\/product\/21638"}],"collection":[{"href":"https:\/\/mgvpublications.com\/de\/wp-json\/wp\/v2\/product"}],"about":[{"href":"https:\/\/mgvpublications.com\/de\/wp-json\/wp\/v2\/types\/product"}],"wp:featuredmedia":[{"embeddable":true,"href":"https:\/\/mgvpublications.com\/de\/wp-json\/wp\/v2\/media\/21636"}],"wp:attachment":[{"href":"https:\/\/mgvpublications.com\/de\/wp-json\/wp\/v2\/media?parent=21638"}],"wp:term":[{"taxonomy":"product_cat","embeddable":true,"href":"https:\/\/mgvpublications.com\/de\/wp-json\/wp\/v2\/product_cat?post=21638"},{"taxonomy":"product_tag","embeddable":true,"href":"https:\/\/mgvpublications.com\/de\/wp-json\/wp\/v2\/product_tag?post=21638"},{"taxonomy":"item","embeddable":true,"href":"https:\/\/mgvpublications.com\/de\/wp-json\/wp\/v2\/item?post=21638"}],"curies":[{"name":"wp","href":"https:\/\/api.w.org\/{rel}","templated":true}]}}