{"id":21635,"date":"2022-01-14T16:32:21","date_gmt":"2022-01-14T15:32:21","guid":{"rendered":"https:\/\/mgvpublications.com\/produkt\/civciv-ciki-ve-sevimli-dostlari-bu-kocaman-gozler-kimin-9\/"},"modified":"2022-03-08T22:56:58","modified_gmt":"2022-03-08T21:56:58","slug":"civciv-ciki-ve-sevimli-dostlari-bu-kocaman-gozler-kimin-9","status":"publish","type":"product","link":"https:\/\/mgvpublications.com\/de\/civciv-ciki-ve-sevimli-dostlari-bu-kocaman-gozler-kimin-9\/","title":{"rendered":"Civciv Ciki ve Sevimli Dostlar\u0131 &#8211; Bu Kocaman G\u00f6zler Kimin 9"},"content":{"rendered":"<p>Yay\u0131n Tarihi: 05.03.2021<br \/>ISBN: 9786057018458<br \/>Dil: T\u00dcRK\u00c7E<br \/>Sayfa Say\u0131s\u0131: 10<br \/>Cilt Tipi: Karton Kapak<br \/>Ka\u011f\u0131t Cinsi: Kitap Ka\u011f\u0131d\u0131<br \/>Boyut: 20 x 20.5 cm<br \/>\u00c7izer: Erkan Batem<br \/>Di\u011fer \u00d6zellik: 6 Ay-5 Ya\u015f<\/p>","protected":false},"excerpt":{"rendered":"<p>\u00c7iftli\u011fe yeni kat\u0131lan Civciv Ciki ve \u00e7iftlikte ya\u015fayan dostlar\u0131n\u0131 e\u011flenceli b\u00fcy\u00fck g\u00f6zleri ile g\u00f6rmeye haz\u0131r olun! Civciv Ciki, Anne Tavuk Tatu, Kaz Paytak, Horoz H\u00fcrh\u00fcr, Ke\u00e7i Gudu ve Kaplumba\u011fa Kapki&#8230; \u00c7ocu\u011funuz bu kitaptaki kahramanlarla tan\u0131\u015f\u0131rken sab\u0131rl\u0131 olmay\u0131 e\u011flenerek \u00f6\u011frenecek.<\/p>","protected":false},"featured_media":21634,"template":"","meta":{"spay_email":""},"product_cat":[172],"product_tag":[],"item":[1789],"acf":[],"_links":{"self":[{"href":"https:\/\/mgvpublications.com\/de\/wp-json\/wp\/v2\/product\/21635"}],"collection":[{"href":"https:\/\/mgvpublications.com\/de\/wp-json\/wp\/v2\/product"}],"about":[{"href":"https:\/\/mgvpublications.com\/de\/wp-json\/wp\/v2\/types\/product"}],"wp:featuredmedia":[{"embeddable":true,"href":"https:\/\/mgvpublications.com\/de\/wp-json\/wp\/v2\/media\/21634"}],"wp:attachment":[{"href":"https:\/\/mgvpublications.com\/de\/wp-json\/wp\/v2\/media?parent=21635"}],"wp:term":[{"taxonomy":"product_cat","embeddable":true,"href":"https:\/\/mgvpublications.com\/de\/wp-json\/wp\/v2\/product_cat?post=21635"},{"taxonomy":"product_tag","embeddable":true,"href":"https:\/\/mgvpublications.com\/de\/wp-json\/wp\/v2\/product_tag?post=21635"},{"taxonomy":"item","embeddable":true,"href":"https:\/\/mgvpublications.com\/de\/wp-json\/wp\/v2\/item?post=21635"}],"curies":[{"name":"wp","href":"https:\/\/api.w.org\/{rel}","templated":true}]}}