{"id":21633,"date":"2022-01-14T16:32:16","date_gmt":"2022-01-14T15:32:16","guid":{"rendered":"https:\/\/mgvpublications.com\/produkt\/balik-noni-ve-sevimli-dostlari-bu-kocaman-gozler-kimin\/"},"modified":"2022-04-08T06:18:45","modified_gmt":"2022-04-08T04:18:45","slug":"balik-noni-ve-sevimli-dostlari-bu-kocaman-gozler-kimin","status":"publish","type":"product","link":"https:\/\/mgvpublications.com\/de\/balik-noni-ve-sevimli-dostlari-bu-kocaman-gozler-kimin\/","title":{"rendered":"Bal\u0131k Noni ve Sevimli Dostlar\u0131 &#8211; Bu Kocaman G\u00f6zler Kimin?"},"content":{"rendered":"<p>Yay\u0131n Tarihi: 10.09.2019<br \/>ISBN: 9786053050292<br \/>Dil: T\u00dcRK\u00c7E<br \/>Sayfa Say\u0131s\u0131: 10<br \/>Cilt Tipi: Ciltli<br \/>Ka\u011f\u0131t Cinsi: Kitap Ka\u011f\u0131d\u0131<br \/>Boyut: 20 x 20.5 cm<br \/>Di\u011fer \u00d6zellik: 6 Ay &#8211; 5 Ya\u015f<\/p>","protected":false},"excerpt":{"rendered":"<p>Derin okyanuslar\u0131n sevimli canl\u0131lar\u0131n\u0131 e\u011flenceli b\u00fcy\u00fck g\u00f6zler ile g\u00f6rmeye haz\u0131r olun! Bal\u0131k Noni, Yunus Yumak, Ahtapot Topak, K\u00f6pek Bal\u0131\u011f\u0131 Kep\u00e7edi\u015f ve Yenge\u00e7 Ma\u015fa\u2026 \u00c7ocu\u011funuz bu kitaptaki kahramanlarla tan\u0131\u015f\u0131rken azim ve kararl\u0131l\u0131k gibi kavramlar\u0131 da e\u011flenerek \u00f6\u011frenecek.<\/p>","protected":false},"featured_media":23143,"template":"","meta":{"spay_email":""},"product_cat":[172],"product_tag":[],"item":[1789],"acf":[],"_links":{"self":[{"href":"https:\/\/mgvpublications.com\/de\/wp-json\/wp\/v2\/product\/21633"}],"collection":[{"href":"https:\/\/mgvpublications.com\/de\/wp-json\/wp\/v2\/product"}],"about":[{"href":"https:\/\/mgvpublications.com\/de\/wp-json\/wp\/v2\/types\/product"}],"wp:featuredmedia":[{"embeddable":true,"href":"https:\/\/mgvpublications.com\/de\/wp-json\/wp\/v2\/media\/23143"}],"wp:attachment":[{"href":"https:\/\/mgvpublications.com\/de\/wp-json\/wp\/v2\/media?parent=21633"}],"wp:term":[{"taxonomy":"product_cat","embeddable":true,"href":"https:\/\/mgvpublications.com\/de\/wp-json\/wp\/v2\/product_cat?post=21633"},{"taxonomy":"product_tag","embeddable":true,"href":"https:\/\/mgvpublications.com\/de\/wp-json\/wp\/v2\/product_tag?post=21633"},{"taxonomy":"item","embeddable":true,"href":"https:\/\/mgvpublications.com\/de\/wp-json\/wp\/v2\/item?post=21633"}],"curies":[{"name":"wp","href":"https:\/\/api.w.org\/{rel}","templated":true}]}}