{"id":21629,"date":"2022-01-14T16:32:10","date_gmt":"2022-01-14T15:32:10","guid":{"rendered":"https:\/\/mgvpublications.com\/produkt\/sincap-simi-ve-sevimli-dostlari-bu-kocaman-gozler-kimin\/"},"modified":"2022-03-08T22:56:57","modified_gmt":"2022-03-08T21:56:57","slug":"sincap-simi-ve-sevimli-dostlari-bu-kocaman-gozler-kimin","status":"publish","type":"product","link":"https:\/\/mgvpublications.com\/de\/sincap-simi-ve-sevimli-dostlari-bu-kocaman-gozler-kimin\/","title":{"rendered":"Sincap Simi ve Sevimli Dostlar\u0131 &#8211; Bu Kocaman G\u00f6zler Kimin?"},"content":{"rendered":"<p>Yay\u0131n Tarihi: 05.07.2019<br \/>ISBN: 9786053050315<br \/>Dil: T\u00dcRK\u00c7E<br \/>Sayfa Say\u0131s\u0131: 10<br \/>Cilt Tipi: Ciltli<br \/>Ka\u011f\u0131t Cinsi: Kitap Ka\u011f\u0131d\u0131<br \/>Boyut: 20 x 20.5 cm<br \/>Di\u011fer \u00d6zellik: 6 Ay &#8211; 5 Ya\u015f<\/p>","protected":false},"excerpt":{"rendered":"<p>Orman\u0131n sevimli canl\u0131lar\u0131n\u0131 e\u011flenceli b\u00fcy\u00fck g\u00f6zleri ile g\u00f6rmeye haz\u0131r olun! Sincap Simi, Aslan K\u00fckrek, Fil Fino, Maymun Macun ve Z\u00fcrafa Pepe\u00e7ura\u2026 \u00c7ocu\u011funuz bu kitaptaki kahramanlarla tan\u0131\u015f\u0131rken fark\u0131ndal\u0131k ve istikrar gibi kavramlar\u0131 da e\u011flenerek \u00f6\u011frenecek.<\/p>","protected":false},"featured_media":21628,"template":"","meta":{"spay_email":""},"product_cat":[172],"product_tag":[],"item":[1789],"acf":[],"_links":{"self":[{"href":"https:\/\/mgvpublications.com\/de\/wp-json\/wp\/v2\/product\/21629"}],"collection":[{"href":"https:\/\/mgvpublications.com\/de\/wp-json\/wp\/v2\/product"}],"about":[{"href":"https:\/\/mgvpublications.com\/de\/wp-json\/wp\/v2\/types\/product"}],"wp:featuredmedia":[{"embeddable":true,"href":"https:\/\/mgvpublications.com\/de\/wp-json\/wp\/v2\/media\/21628"}],"wp:attachment":[{"href":"https:\/\/mgvpublications.com\/de\/wp-json\/wp\/v2\/media?parent=21629"}],"wp:term":[{"taxonomy":"product_cat","embeddable":true,"href":"https:\/\/mgvpublications.com\/de\/wp-json\/wp\/v2\/product_cat?post=21629"},{"taxonomy":"product_tag","embeddable":true,"href":"https:\/\/mgvpublications.com\/de\/wp-json\/wp\/v2\/product_tag?post=21629"},{"taxonomy":"item","embeddable":true,"href":"https:\/\/mgvpublications.com\/de\/wp-json\/wp\/v2\/item?post=21629"}],"curies":[{"name":"wp","href":"https:\/\/api.w.org\/{rel}","templated":true}]}}