{"id":21627,"date":"2022-01-14T16:32:10","date_gmt":"2022-01-14T15:32:10","guid":{"rendered":"https:\/\/mgvpublications.com\/produkt\/ayi-balkupu-ve-sevimli-dostlari-bu-kocaman-gozler-kimin-7\/"},"modified":"2022-04-08T06:18:46","modified_gmt":"2022-04-08T04:18:46","slug":"ayi-balkupu-ve-sevimli-dostlari-bu-kocaman-gozler-kimin-7","status":"publish","type":"product","link":"https:\/\/mgvpublications.com\/de\/ayi-balkupu-ve-sevimli-dostlari-bu-kocaman-gozler-kimin-7\/","title":{"rendered":"Ay\u0131 Balk\u00fcp\u00fc ve Sevimli Dostlar\u0131 &#8211; Bu Kocaman G\u00f6zler Kimin 7"},"content":{"rendered":"<p>Yay\u0131n Tarihi: 11.08.2020<br \/>ISBN: 9786053050919<br \/>Dil: T\u00dcRK\u00c7E<br \/>Sayfa Say\u0131s\u0131: 10<br \/>Cilt Tipi: Karton Kapak<br \/>Ka\u011f\u0131t Cinsi: Kitap Ka\u011f\u0131d\u0131<br \/>Boyut: 20 x 20.5 cm<br \/>\u00c7izer: Erkan Batem<\/p>","protected":false},"excerpt":{"rendered":"<p>&#8220;Kalbi sevgi dolu Ay\u0131 Balk\u00fcp\u00fc ve ormanda ya\u015fayan minik arkada\u015flar\u0131n\u0131 e\u011flenceli b\u00fcy\u00fck g\u00f6zleri ile g\u00f6rmeye haz\u0131r olun! Ay\u0131 Balk\u00fcp\u00fc, Ar\u0131 V\u0131zv\u0131z, Kar\u0131nca Anten, U\u011fur B\u00f6ce\u011fi Benek, Kelebek Nazik ve \u00d6r\u00fcmcek \u00d6ren&#8230; \u00c7ocu\u011funuz bu kitaptaki kahramanlarla tan\u0131\u015f\u0131rken di\u011fer canl\u0131lara ve hayvanlara sayg\u0131 kavram\u0131n\u0131 da e\u011flenerek \u00f6\u011frenecek.&#8221;<\/p>","protected":false},"featured_media":23144,"template":"","meta":{"spay_email":""},"product_cat":[172],"product_tag":[],"item":[1789],"acf":[],"_links":{"self":[{"href":"https:\/\/mgvpublications.com\/de\/wp-json\/wp\/v2\/product\/21627"}],"collection":[{"href":"https:\/\/mgvpublications.com\/de\/wp-json\/wp\/v2\/product"}],"about":[{"href":"https:\/\/mgvpublications.com\/de\/wp-json\/wp\/v2\/types\/product"}],"wp:featuredmedia":[{"embeddable":true,"href":"https:\/\/mgvpublications.com\/de\/wp-json\/wp\/v2\/media\/23144"}],"wp:attachment":[{"href":"https:\/\/mgvpublications.com\/de\/wp-json\/wp\/v2\/media?parent=21627"}],"wp:term":[{"taxonomy":"product_cat","embeddable":true,"href":"https:\/\/mgvpublications.com\/de\/wp-json\/wp\/v2\/product_cat?post=21627"},{"taxonomy":"product_tag","embeddable":true,"href":"https:\/\/mgvpublications.com\/de\/wp-json\/wp\/v2\/product_tag?post=21627"},{"taxonomy":"item","embeddable":true,"href":"https:\/\/mgvpublications.com\/de\/wp-json\/wp\/v2\/item?post=21627"}],"curies":[{"name":"wp","href":"https:\/\/api.w.org\/{rel}","templated":true}]}}