{"id":21621,"date":"2022-01-14T16:32:00","date_gmt":"2022-01-14T15:32:00","guid":{"rendered":"https:\/\/mgvpublications.com\/produkt\/hayaller-bir-baloncuga-sigar-mi\/"},"modified":"2022-06-10T13:50:58","modified_gmt":"2022-06-10T11:50:58","slug":"hayaller-bir-baloncuga-sigar-mi","status":"publish","type":"product","link":"https:\/\/mgvpublications.com\/de\/hayaller-bir-baloncuga-sigar-mi\/","title":{"rendered":"Hayaller Bir Baloncu\u011fa S\u0131\u011far M\u0131?"},"content":{"rendered":"<p>Yay\u0131n Tarihi: 03.11.2021<br \/>ISBN: 9786057064578<br \/>Dil: T\u00dcRK\u00c7E<br \/>Sayfa Say\u0131s\u0131: 24<br \/>Cilt Tipi: Karton Kapak<br \/>Ka\u011f\u0131t Cinsi: Ku\u015fe Ka\u011f\u0131t<br \/>Boyut: 24 x 24 cm<br \/>\u00c7izer: Sezen Aksu Ta\u015fy\u00fcrek<br \/>Di\u011fer \u00d6zellik: 6 Ay &#8211; 4 Ya\u015f<\/p>","protected":false},"excerpt":{"rendered":"<p>\u00d6zg\u00fcrce sorduklar\u0131 sorularla d\u00fcnyay\u0131 tan\u0131mak isteyen \u00e7ocuklar ve \u00f6\u011frenmenin tad\u0131na doyamam\u0131\u015f yeti\u015fkinler i\u00e7in ilham verici bir hikaye! Hayal kurmak Ela\u2019n\u0131n en sevdi\u011fi \u015feydi. Ama akl\u0131nda sorular vard\u0131: \u201cAcaba di\u011fer \u00e7ocuklar da hayal kuruyor mu? Peki ya b\u00fcy\u00fckler? Onlar\u0131n da hayal d\u00fcnyalar\u0131 var m\u0131?\u201d \u00d6zg\u00fcrce, doya doya soraca\u011f\u0131n sorular ile Ela&#8217;n\u0131n hikayesinde d\u00fc\u015f\u00fcnmeye haz\u0131r m\u0131s\u0131n?<\/p>","protected":false},"featured_media":21620,"template":"","meta":{"spay_email":""},"product_cat":[172],"product_tag":[],"item":[1789],"acf":[],"_links":{"self":[{"href":"https:\/\/mgvpublications.com\/de\/wp-json\/wp\/v2\/product\/21621"}],"collection":[{"href":"https:\/\/mgvpublications.com\/de\/wp-json\/wp\/v2\/product"}],"about":[{"href":"https:\/\/mgvpublications.com\/de\/wp-json\/wp\/v2\/types\/product"}],"wp:featuredmedia":[{"embeddable":true,"href":"https:\/\/mgvpublications.com\/de\/wp-json\/wp\/v2\/media\/21620"}],"wp:attachment":[{"href":"https:\/\/mgvpublications.com\/de\/wp-json\/wp\/v2\/media?parent=21621"}],"wp:term":[{"taxonomy":"product_cat","embeddable":true,"href":"https:\/\/mgvpublications.com\/de\/wp-json\/wp\/v2\/product_cat?post=21621"},{"taxonomy":"product_tag","embeddable":true,"href":"https:\/\/mgvpublications.com\/de\/wp-json\/wp\/v2\/product_tag?post=21621"},{"taxonomy":"item","embeddable":true,"href":"https:\/\/mgvpublications.com\/de\/wp-json\/wp\/v2\/item?post=21621"}],"curies":[{"name":"wp","href":"https:\/\/api.w.org\/{rel}","templated":true}]}}